{"id":360261,"date":"2024-09-26T12:56:32","date_gmt":"2024-09-26T11:56:32","guid":{"rendered":"https:\/\/www.moskito.cz\/produkt\/kapesni-nuz-barlow-prime-curly-birch\/"},"modified":"2025-05-07T11:24:31","modified_gmt":"2025-05-07T10:24:31","slug":"kapesni-nuz-barlow-prime-curly-birch","status":"publish","type":"product","link":"https:\/\/www.moskito.cz\/it\/produkt\/kapesni-nuz-barlow-prime-curly-birch\/","title":{"rendered":"Kapesn\u00ed n\u016f\u017e Barlow Prime Curly Birch"},"content":{"rendered":"<p><UL><\/p>\n<p><LI>celkov\u00e1 d\u00e9lka: 15,5 cm <\/p>\n<p><LI>d\u00e9lka \u010depele: 7 cm <\/p>\n<p><LI>tlou\u0161\u0165ka \u010depele: 2,2 mm <\/p>\n<p><LI>hmotnost: 55 g <\/p>\n<p><LI>materi\u00e1l \u010depele: N690 <\/p>\n<p><LI>materi\u00e1l rukojeti: d\u0159evo b\u0159\u00edzy kade\u0159av\u00e9 <\/p>\n<p><LI>pojistka: Slipjoint <\/p>\n<p><LI>vyrobeno v Solingenu<\/LI><br \/>\n<\/UL><\/p>\n","protected":false},"excerpt":{"rendered":"<p><P>Typick\u00fd slzovit\u00fd tvar no\u017ee Barlow vych\u00e1z\u00ed z anglick\u00fdch kapesn\u00edch no\u017e\u016f 17. stolet\u00ed, co\u017e z n\u011bj \u010din\u00ed jeden z nejstar\u0161\u00edch model\u016f no\u017e\u016f na sv\u011bt\u011b. Sv\u00e9 jm\u00e9no z\u00edskal n\u016f\u017e pravd\u011bpodobn\u011b podle obchodn\u011b zdatn\u00e9ho v\u00fdrobce no\u017e\u016f v Sheffieldu, kter\u00fd za\u010dal tento robustn\u00ed n\u016f\u017e vyv\u00e1\u017eet do Severn\u00ed Ameriky kolem roku 1800. Tam se stal hned od za\u010d\u00e1tku velmi obl\u00edben\u00fdm. U\u017e koncem 19. stolet\u00ed se v historii manufaktury B\u00f6ker objevily prvn\u00ed modely Barlow. N\u016f\u017e Barlow Prime je novou interpretac\u00ed s krat\u0161\u00edmi st\u0159enkami a \u010depel\u00ed z dus\u00edkem legovan\u00e9ho materi\u00e1lu N690. Je vybaven pojistkou Slipjoint. Bolster a trn \u010depele jsou vyrobeny z nerezov\u00e9 oceli, zat\u00edmco st\u0159enky rukojeti tvo\u0159\u00ed d\u0159evo skandin\u00e1vsk\u00e9 b\u0159\u00edzy kade\u0159av\u00e9. <\/P><\/p>\n","protected":false},"featured_media":360262,"comment_status":"closed","ping_status":"closed","template":"","meta":[],"pwb-brand":[140],"product_brand":[],"product_cat":[17,22],"product_tag":[],"class_list":{"0":"post-360261","1":"product","2":"type-product","3":"status-publish","4":"has-post-thumbnail","6":"pwb-brand-boker","7":"product_cat-noze","8":"product_cat-zaviraci-noze","10":"first","11":"outofstock","12":"taxable","13":"shipping-taxable","14":"purchasable","15":"product-type-simple"},"brands":[{"id":140,"name":"Boker","slug":"boker"}],"_links":{"self":[{"href":"https:\/\/www.moskito.cz\/it\/wp-json\/wp\/v2\/product\/360261","targetHints":{"allow":["GET"]}}],"collection":[{"href":"https:\/\/www.moskito.cz\/it\/wp-json\/wp\/v2\/product"}],"about":[{"href":"https:\/\/www.moskito.cz\/it\/wp-json\/wp\/v2\/types\/product"}],"replies":[{"embeddable":true,"href":"https:\/\/www.moskito.cz\/it\/wp-json\/wp\/v2\/comments?post=360261"}],"wp:featuredmedia":[{"embeddable":true,"href":"https:\/\/www.moskito.cz\/it\/wp-json\/wp\/v2\/media\/360262"}],"wp:attachment":[{"href":"https:\/\/www.moskito.cz\/it\/wp-json\/wp\/v2\/media?parent=360261"}],"wp:term":[{"taxonomy":"pwb-brand","embeddable":true,"href":"https:\/\/www.moskito.cz\/it\/wp-json\/wp\/v2\/pwb-brand?post=360261"},{"taxonomy":"product_brand","embeddable":true,"href":"https:\/\/www.moskito.cz\/it\/wp-json\/wp\/v2\/product_brand?post=360261"},{"taxonomy":"product_cat","embeddable":true,"href":"https:\/\/www.moskito.cz\/it\/wp-json\/wp\/v2\/product_cat?post=360261"},{"taxonomy":"product_tag","embeddable":true,"href":"https:\/\/www.moskito.cz\/it\/wp-json\/wp\/v2\/product_tag?post=360261"}],"curies":[{"name":"wp","href":"https:\/\/api.w.org\/{rel}","templated":true}]}}