{"id":360353,"date":"2024-09-26T12:57:11","date_gmt":"2024-09-26T11:57:11","guid":{"rendered":"https:\/\/www.moskito.cz\/produkt\/kapesni-nuz-magnum-intricate-compact\/"},"modified":"2025-05-07T11:24:36","modified_gmt":"2025-05-07T10:24:36","slug":"kapesni-nuz-magnum-intricate-compact","status":"publish","type":"product","link":"https:\/\/www.moskito.cz\/it\/produkt\/kapesni-nuz-magnum-intricate-compact\/","title":{"rendered":"Zav\u00edrac\u00ed N\u016f\u017e Magnum Intricate Compact 01LL322"},"content":{"rendered":"<p>Zav\u00edrac\u00ed N\u016f\u017e <strong>Magnum<\/strong> Intricate Compact 01LL322.<\/p>\n<p>Obl\u00edben\u00fd model Magnum Intricate se do\u010dkal kompaktn\u00ed verze, jej\u00ed\u017e rozd\u00edl ve velikosti je na prvn\u00ed pohled sotva znateln\u00fd, ale p\u0159esto p\u016fsob\u00ed p\u0159\u00edjemn\u011bj\u0161\u00edm dojmem. Magnum Intricate Compact m\u00e1 jednostrann\u011b brou\u0161enou \u010depel typu spearpoint z nerezov\u00e9 oceli 440A s p\u016fsobivou dvoubarevnou povrchovou \u00fapravou a pru\u017einov\u00fdm otev\u00edr\u00e1n\u00edm pomoc\u00ed flipperu. O zamyk\u00e1n\u00ed se star\u00e1 spolehliv\u00e1 pojistka linerlock. S otvorem na \u0161\u0148\u016frku a \u010dern\u00fdm klipem.<\/p>\n<p>Celkov\u00e1 d\u00e9lka: 20 cm<br \/>\nD\u00e9lka \u010depele: 8,5 cm<br \/>\nTlou\u0161\u0165ka \u010depele: 2,6 mm<br \/>\nMateri\u00e1l \u010depele: 440A<br \/>\nHmotnost: 114 g<br \/>\nMateri\u00e1l rukojeti: hlin\u00edk<br \/>\nPojistka: Linerlock<\/p>\n","protected":false},"excerpt":{"rendered":"<p><strong>Obl\u00edben\u00fd model Magnum Intricate se do\u010dkal kompaktn\u00ed verze, jej\u00ed\u017e rozd\u00edl ve velikosti je na prvn\u00ed pohled sotva znateln\u00fd, ale p\u0159esto p\u016fsob\u00ed p\u0159\u00edjemn\u011bj\u0161\u00edm dojmem.<\/strong><\/p>\n","protected":false},"featured_media":367213,"comment_status":"closed","ping_status":"closed","template":"","meta":[],"pwb-brand":[140],"product_brand":[],"product_cat":[22,17],"product_tag":[],"class_list":{"0":"post-360353","1":"product","2":"type-product","3":"status-publish","4":"has-post-thumbnail","6":"pwb-brand-boker","7":"product_cat-zaviraci-noze","8":"product_cat-noze","10":"first","11":"outofstock","12":"taxable","13":"shipping-taxable","14":"purchasable","15":"product-type-simple"},"brands":[{"id":140,"name":"Boker","slug":"boker"}],"_links":{"self":[{"href":"https:\/\/www.moskito.cz\/it\/wp-json\/wp\/v2\/product\/360353","targetHints":{"allow":["GET"]}}],"collection":[{"href":"https:\/\/www.moskito.cz\/it\/wp-json\/wp\/v2\/product"}],"about":[{"href":"https:\/\/www.moskito.cz\/it\/wp-json\/wp\/v2\/types\/product"}],"replies":[{"embeddable":true,"href":"https:\/\/www.moskito.cz\/it\/wp-json\/wp\/v2\/comments?post=360353"}],"wp:featuredmedia":[{"embeddable":true,"href":"https:\/\/www.moskito.cz\/it\/wp-json\/wp\/v2\/media\/367213"}],"wp:attachment":[{"href":"https:\/\/www.moskito.cz\/it\/wp-json\/wp\/v2\/media?parent=360353"}],"wp:term":[{"taxonomy":"pwb-brand","embeddable":true,"href":"https:\/\/www.moskito.cz\/it\/wp-json\/wp\/v2\/pwb-brand?post=360353"},{"taxonomy":"product_brand","embeddable":true,"href":"https:\/\/www.moskito.cz\/it\/wp-json\/wp\/v2\/product_brand?post=360353"},{"taxonomy":"product_cat","embeddable":true,"href":"https:\/\/www.moskito.cz\/it\/wp-json\/wp\/v2\/product_cat?post=360353"},{"taxonomy":"product_tag","embeddable":true,"href":"https:\/\/www.moskito.cz\/it\/wp-json\/wp\/v2\/product_tag?post=360353"}],"curies":[{"name":"wp","href":"https:\/\/api.w.org\/{rel}","templated":true}]}}