{"id":360373,"date":"2024-09-26T12:57:11","date_gmt":"2024-09-26T11:57:11","guid":{"rendered":"https:\/\/www.moskito.cz\/produkt\/nuz-s-pevnou-cepeli-mini-tracker\/"},"modified":"2025-05-07T11:24:36","modified_gmt":"2025-05-07T10:24:36","slug":"nuz-s-pevnou-cepeli-mini-tracker","status":"publish","type":"product","link":"https:\/\/www.moskito.cz\/it\/produkt\/nuz-s-pevnou-cepeli-mini-tracker\/","title":{"rendered":"N\u016f\u017e s pevnou \u010depel\u00ed Mini Tracker"},"content":{"rendered":"<p><UL><\/p>\n<p><LI>celkov\u00e1 d\u00e9lka: 25 cm <\/p>\n<p><LI>d\u00e9lka \u010depele: 13,5 cm <\/p>\n<p><LI>tlou\u0161\u0165ka \u010depele: 5 mm <\/p>\n<p><LI>hmotnost: 270 g <\/p>\n<p><LI>materi\u00e1l \u010depele: 1095 <\/p>\n<p><LI>materi\u00e1l rukojeti: Micarta <\/p>\n<p><LI>design\u00e9r: Dave Wenger <\/p>\n<p><LI>dod\u00e1v\u00e1n v p\u0159esn\u011b padnouc\u00edm kydexov\u00e9m pouzd\u0159e<\/LI><br \/>\n<\/UL><\/p>\n","protected":false},"excerpt":{"rendered":"<p><P>N\u016f\u017e Mini Tracker, navr\u017een\u00fd Davem Wengerem, p\u0159esv\u011bd\u010d\u00ed jako extr\u00e9mn\u011b stabiln\u00ed outdoorov\u00fd n\u016f\u017e s masivn\u00ed \u010depel\u00ed z uhl\u00edkov\u00e9 oceli 1095, kter\u00e1 m\u00e1 d\u00edky speci\u00e1ln\u00ed povrchov\u00e9 \u00faprav\u011b odoln\u00e9 proti od\u011bru vynikaj\u00edc\u00ed ochranu proti korozi. Zak\u00e1zkov\u00fd no\u017e\u00ed\u0159 z Michiganu u\u017e jako mal\u00fd chlapec tou\u017eil po no\u017e\u00edch, seker\u00e1ch a me\u010d\u00edch a od ran\u00e9ho v\u011bku \u0161el ve stop\u00e1ch sv\u00e9ho d\u011bde\u010dka. Dlouholet\u00fd kov\u00e1\u0159 se tak stal u\u010ditelem sv\u00e9ho nezku\u0161en\u00e9ho, ale nesm\u00edrn\u011b ambici\u00f3zn\u00edho vnuka, kter\u00fd se nyn\u00ed ji\u017e \u0159adu let v\u011bnuje navrhov\u00e1n\u00ed a v\u00fdrob\u011b no\u017e\u016f na pln\u00fd \u00favazek. \u010cepel no\u017ee s p\u0159edn\u00edm ost\u0159\u00edm m\u00e1 dv\u011b r\u016fzn\u00e9 brusn\u00e9 roviny a je ide\u00e1ln\u00ed pro sek\u00e1n\u00ed, \u0159ez\u00e1n\u00ed, \u0161kr\u00e1b\u00e1n\u00ed, kop\u00e1n\u00ed a p\u00e1\u010den\u00ed. Optim\u00e1ln\u00ed vyv\u00e1\u017een\u00ed tlou\u0161\u0165ky a d\u00e9lky \u010depele a ergonomick\u00fd tvar jemn\u011b strukturovan\u00fdch st\u0159enek rukojeti Micarta umo\u017e\u0148uj\u00ed pr\u00e1ci bez \u00fanavy. Dod\u00e1v\u00e1 se s adapt\u00e9rem na opasek a p\u0159esn\u011b padnouc\u00edm kydexov\u00fdm pouzdrem. Ozdobn\u00fd dut\u00fd mosazn\u00fd n\u00fdt slou\u017e\u00ed tak\u00e9 jako otvor na \u0161\u0148\u016frku.<\/P><\/p>\n","protected":false},"featured_media":360374,"comment_status":"closed","ping_status":"closed","template":"","meta":[],"pwb-brand":[140],"product_brand":[],"product_cat":[17,23],"product_tag":[],"class_list":{"0":"post-360373","1":"product","2":"type-product","3":"status-publish","4":"has-post-thumbnail","6":"pwb-brand-boker","7":"product_cat-noze","8":"product_cat-pevne-noze","10":"first","11":"outofstock","12":"taxable","13":"shipping-taxable","14":"purchasable","15":"product-type-simple"},"brands":[{"id":140,"name":"Boker","slug":"boker"}],"_links":{"self":[{"href":"https:\/\/www.moskito.cz\/it\/wp-json\/wp\/v2\/product\/360373","targetHints":{"allow":["GET"]}}],"collection":[{"href":"https:\/\/www.moskito.cz\/it\/wp-json\/wp\/v2\/product"}],"about":[{"href":"https:\/\/www.moskito.cz\/it\/wp-json\/wp\/v2\/types\/product"}],"replies":[{"embeddable":true,"href":"https:\/\/www.moskito.cz\/it\/wp-json\/wp\/v2\/comments?post=360373"}],"wp:featuredmedia":[{"embeddable":true,"href":"https:\/\/www.moskito.cz\/it\/wp-json\/wp\/v2\/media\/360374"}],"wp:attachment":[{"href":"https:\/\/www.moskito.cz\/it\/wp-json\/wp\/v2\/media?parent=360373"}],"wp:term":[{"taxonomy":"pwb-brand","embeddable":true,"href":"https:\/\/www.moskito.cz\/it\/wp-json\/wp\/v2\/pwb-brand?post=360373"},{"taxonomy":"product_brand","embeddable":true,"href":"https:\/\/www.moskito.cz\/it\/wp-json\/wp\/v2\/product_brand?post=360373"},{"taxonomy":"product_cat","embeddable":true,"href":"https:\/\/www.moskito.cz\/it\/wp-json\/wp\/v2\/product_cat?post=360373"},{"taxonomy":"product_tag","embeddable":true,"href":"https:\/\/www.moskito.cz\/it\/wp-json\/wp\/v2\/product_tag?post=360373"}],"curies":[{"name":"wp","href":"https:\/\/api.w.org\/{rel}","templated":true}]}}