{"id":360421,"date":"2024-09-26T12:57:27","date_gmt":"2024-09-26T11:57:27","guid":{"rendered":"https:\/\/www.moskito.cz\/produkt\/kapesni-nuz-boxer-edc-brown\/"},"modified":"2025-05-07T11:24:38","modified_gmt":"2025-05-07T10:24:38","slug":"kapesni-nuz-boxer-edc-brown","status":"publish","type":"product","link":"https:\/\/www.moskito.cz\/it\/produkt\/kapesni-nuz-boxer-edc-brown\/","title":{"rendered":"Kapesn\u00ed n\u016f\u017e Boxer EDC Brown"},"content":{"rendered":"<ul>\n<li>celkov\u00e1 d\u00e9lka: 18,5 cm<\/li>\n<li>d\u00e9lka \u010depele: 7,8 cm<\/li>\n<li>hmotnost: 71 g<\/li>\n<li>tlou\u0161\u0165ka \u010depele: 3,0 mm<\/li>\n<li>materi\u00e1l \u010depele: M390<\/li>\n<li>materi\u00e1l rukojeti: Micarta<\/li>\n<li>design\u00e9r: Raphael Durand<\/li>\n<li>pojistka: slipjoint<\/li>\n<li>s otvorem na \u0161\u0148\u016frku<\/li>\n<\/ul>\n","protected":false},"excerpt":{"rendered":"<p>N\u016f\u017e B\u00f6ker Boxer EDC od Rapha\u00ebla Duranda kombinuje nejmodern\u011bj\u0161\u00ed materi\u00e1ly s plochou samonosnou konstrukc\u00ed bez vlo\u017eky a bolsteru. Jako lehk\u00fd zav\u00edrac\u00ed n\u016f\u017e s kluzn\u00fdm kloubem zvl\u00e1dne jak\u00fdkoli \u00fakol p\u0159i ka\u017edodenn\u00edm pou\u017e\u00edv\u00e1n\u00ed. Je vybaven kamennou \u010depel\u00ed z pr\u00e1\u0161kov\u00e9ho metalurgick\u00e9ho materi\u00e1lu B\u00f6hler M390, kter\u00e1 je opat\u0159ena velkorys\u00fdm ricasem a 90\u00b0 dorazem. Modern\u00ed vysoce v\u00fdkonn\u00e1 ocel s nejvy\u0161\u0161\u00ed odolnost\u00ed proti opot\u0159eben\u00ed je kalen\u00e1 ledem na 61 HRC. Dekorativn\u00ed mosazn\u00e9 n\u00fdty tvo\u0159\u00ed barevn\u00fd kontrast k trojrozm\u011brn\u011b fr\u00e9zovan\u00fdm a p\u0159\u00edjemn\u011b tvarovan\u00fdm&nbsp;st\u0159enk\u00e1m rukojeti z hn\u011bd\u00e9 buretov\u00e9 mikarty. Otvor na \u0161\u0148\u016frku je vyztu\u017een mosaznou vlo\u017ekou. Ru\u010dn\u00ed v\u00fdroba v manufaktu\u0159e no\u017e\u016f B\u00f6ker v Solingenu.<\/p>\n","protected":false},"featured_media":360422,"comment_status":"closed","ping_status":"closed","template":"","meta":[],"pwb-brand":[140],"product_brand":[],"product_cat":[17,22],"product_tag":[],"class_list":{"0":"post-360421","1":"product","2":"type-product","3":"status-publish","4":"has-post-thumbnail","6":"pwb-brand-boker","7":"product_cat-noze","8":"product_cat-zaviraci-noze","10":"first","11":"outofstock","12":"taxable","13":"shipping-taxable","14":"purchasable","15":"product-type-simple"},"brands":[{"id":140,"name":"Boker","slug":"boker"}],"_links":{"self":[{"href":"https:\/\/www.moskito.cz\/it\/wp-json\/wp\/v2\/product\/360421","targetHints":{"allow":["GET"]}}],"collection":[{"href":"https:\/\/www.moskito.cz\/it\/wp-json\/wp\/v2\/product"}],"about":[{"href":"https:\/\/www.moskito.cz\/it\/wp-json\/wp\/v2\/types\/product"}],"replies":[{"embeddable":true,"href":"https:\/\/www.moskito.cz\/it\/wp-json\/wp\/v2\/comments?post=360421"}],"wp:featuredmedia":[{"embeddable":true,"href":"https:\/\/www.moskito.cz\/it\/wp-json\/wp\/v2\/media\/360422"}],"wp:attachment":[{"href":"https:\/\/www.moskito.cz\/it\/wp-json\/wp\/v2\/media?parent=360421"}],"wp:term":[{"taxonomy":"pwb-brand","embeddable":true,"href":"https:\/\/www.moskito.cz\/it\/wp-json\/wp\/v2\/pwb-brand?post=360421"},{"taxonomy":"product_brand","embeddable":true,"href":"https:\/\/www.moskito.cz\/it\/wp-json\/wp\/v2\/product_brand?post=360421"},{"taxonomy":"product_cat","embeddable":true,"href":"https:\/\/www.moskito.cz\/it\/wp-json\/wp\/v2\/product_cat?post=360421"},{"taxonomy":"product_tag","embeddable":true,"href":"https:\/\/www.moskito.cz\/it\/wp-json\/wp\/v2\/product_tag?post=360421"}],"curies":[{"name":"wp","href":"https:\/\/api.w.org\/{rel}","templated":true}]}}