{"id":360435,"date":"2024-09-26T12:57:27","date_gmt":"2024-09-26T11:57:27","guid":{"rendered":"https:\/\/www.moskito.cz\/produkt\/kapesni-nuz-aks-74-spearpoint-d2\/"},"modified":"2025-12-23T15:40:28","modified_gmt":"2025-12-23T14:40:28","slug":"kapesni-nuz-aks-74-spearpoint-d2","status":"publish","type":"product","link":"https:\/\/www.moskito.cz\/it\/produkt\/kapesni-nuz-aks-74-spearpoint-d2\/","title":{"rendered":"Vyst\u0159elovac\u00ed N\u016f\u017e B\u00f6ker Plus AKS-74 Spearpoint D2"},"content":{"rendered":"<p>Vyst\u0159elovac\u00ed N\u016f\u017e <strong>B\u00f6ker<\/strong> Plus AKS-74 Spearpoint D2.<\/p>\n<p>B\u00f6ker Plus AKS-74 ze s\u00e9rie Kala\u0161nikov je jist\u011b jedn\u00edm z nejobl\u00edben\u011bj\u0161\u00edch model\u016f v na\u0161em sortimentu a v posledn\u00edch letech se vyr\u00e1b\u00ed v mnoha r\u016fzn\u00fdch verz\u00edch. \u010cern\u00e1 hlin\u00edkov\u00e1 rukoje\u0165 siln\u011b p\u0159ipom\u00edn\u00e1 bajonet slavn\u00e9 \u00fato\u010dn\u00e9 pu\u0161ky a vyv\u00fd\u0161en\u00e9 konstruk\u010dn\u00ed panely nav\u00edc nab\u00edzej\u00ed bezpe\u010dn\u00fd \u00fachop v ka\u017ed\u00e9 situaci. \u010cepel o\u0161t\u011bpu, kter\u00e1 je rovn\u011b\u017e \u010dern\u00e1, je vyrobena z nerezov\u00e9 oceli D2 a lze ji krom\u011b tla\u010d\u00edtka zajistit posuvn\u00fdm z\u00e1mkem.<\/p>\n<p>Zna\u010dka: Boker Plus<br \/>\nCelkov\u00e1 d\u00e9lka: 19,50 cm<br \/>\nD\u00e9lka \u010depele: 8,50 cm<br \/>\nTlou\u0161\u0165ka \u010depele: 3,00 mm<br \/>\nHmotnost: 105,00 g<br \/>\nMateri\u00e1l \u010depele: D2<br \/>\nMateri\u00e1l rukojeti: hlin\u00edk<br \/>\nPom\u016fcka pro otev\u00edr\u00e1n\u00ed: Stiskn\u011bte tla\u010d\u00edtko<br \/>\nOtev\u00edrac\u00ed: Automatick\u00fd<br \/>\nUzav\u0159en\u00ed: Stiskn\u011bte tla\u010d\u00edtko<br \/>\n\u010c\u00edslo polo\u017eky: 01KALS95<\/p>\n","protected":false},"excerpt":{"rendered":"<p><strong>B\u00f6ker Plus AKS-74 ze s\u00e9rie Kala\u0161nikov je jist\u011b jedn\u00edm z nejobl\u00edben\u011bj\u0161\u00edch model\u016f v na\u0161em sortimentu a v posledn\u00edch letech se vyr\u00e1b\u00ed v mnoha r\u016fzn\u00fdch verz\u00edch.<\/strong><\/p>\n","protected":false},"featured_media":361702,"comment_status":"closed","ping_status":"closed","template":"","meta":[],"pwb-brand":[140],"product_brand":[],"product_cat":[2019,17],"product_tag":[],"class_list":{"0":"post-360435","1":"product","2":"type-product","3":"status-publish","4":"has-post-thumbnail","6":"pwb-brand-boker","7":"product_cat-vystrelovaci-noze","8":"product_cat-noze","10":"first","11":"outofstock","12":"taxable","13":"shipping-taxable","14":"purchasable","15":"product-type-simple"},"brands":[{"id":140,"name":"Boker","slug":"boker"}],"_links":{"self":[{"href":"https:\/\/www.moskito.cz\/it\/wp-json\/wp\/v2\/product\/360435","targetHints":{"allow":["GET"]}}],"collection":[{"href":"https:\/\/www.moskito.cz\/it\/wp-json\/wp\/v2\/product"}],"about":[{"href":"https:\/\/www.moskito.cz\/it\/wp-json\/wp\/v2\/types\/product"}],"replies":[{"embeddable":true,"href":"https:\/\/www.moskito.cz\/it\/wp-json\/wp\/v2\/comments?post=360435"}],"wp:featuredmedia":[{"embeddable":true,"href":"https:\/\/www.moskito.cz\/it\/wp-json\/wp\/v2\/media\/361702"}],"wp:attachment":[{"href":"https:\/\/www.moskito.cz\/it\/wp-json\/wp\/v2\/media?parent=360435"}],"wp:term":[{"taxonomy":"pwb-brand","embeddable":true,"href":"https:\/\/www.moskito.cz\/it\/wp-json\/wp\/v2\/pwb-brand?post=360435"},{"taxonomy":"product_brand","embeddable":true,"href":"https:\/\/www.moskito.cz\/it\/wp-json\/wp\/v2\/product_brand?post=360435"},{"taxonomy":"product_cat","embeddable":true,"href":"https:\/\/www.moskito.cz\/it\/wp-json\/wp\/v2\/product_cat?post=360435"},{"taxonomy":"product_tag","embeddable":true,"href":"https:\/\/www.moskito.cz\/it\/wp-json\/wp\/v2\/product_tag?post=360435"}],"curies":[{"name":"wp","href":"https:\/\/api.w.org\/{rel}","templated":true}]}}