{"id":360449,"date":"2024-09-26T12:57:42","date_gmt":"2024-09-26T11:57:42","guid":{"rendered":"https:\/\/www.moskito.cz\/produkt\/kapesni-nuz-bonfire-bubinga\/"},"modified":"2025-05-07T11:24:39","modified_gmt":"2025-05-07T10:24:39","slug":"kapesni-nuz-bonfire-bubinga","status":"publish","type":"product","link":"https:\/\/www.moskito.cz\/it\/produkt\/kapesni-nuz-bonfire-bubinga\/","title":{"rendered":"Kapesn\u00ed n\u016f\u017e Bonfire Bubinga"},"content":{"rendered":"<ul>\n<li>celkov\u00e1 d\u00e9lka 20,9 cm<\/li>\n<li>d\u00e9lka \u010depele 8,7 cm<\/li>\n<li>hmotnost 106 g<\/li>\n<li>materi\u00e1l \u010depele\u00a0D2 \u2013\u00a0nerezov\u00e1 ocel s 12 % chromu<\/li>\n<li>materi\u00e1l rukojeti d\u0159evo Bubinga (africk\u00fd palisandr)<\/li>\n<li>z\u00e1mek: liner lock<\/li>\n<li>ru\u010dn\u00ed otv\u00edr\u00e1n\u00ed<\/li>\n<li>s klipem<\/li>\n<li>s nylonov\u00fdm pouzdrem na ulo\u017een\u00ed<\/li>\n<\/ul>\n","protected":false},"excerpt":{"rendered":"<p>Kapesn\u00ed n\u016f\u017e Boker Plus Bonfire kombinuje klasickou konstrukci kapesn\u00edho no\u017ee s vysoce kvalitn\u00edmi materi\u00e1ly a dokonal\u00fdm zpracov\u00e1n\u00edm. Tradi\u010dn\u00ed vzhled zd\u016fraz\u0148uje \u00fahledn\u011b propracovan\u00e1 rukoje\u0165 z tepl\u00e9ho d\u0159eva bubinga a kr\u00e1tk\u00e1 \u010depel z nerezov\u00e9 oceli.<\/p>\n<p>Nerezov\u00e1 ocel D2 je vylep\u0161ena sat\u00e9nov\u00fdm povrchem a zachov\u00e1v\u00e1 si ostrost.<br \/>\nTyp oceli D2 ale nen\u00ed zcela odoln\u00fd proti korozi. Bu\u010fte tedy opatrn\u00ed s kyselinami, solemi a vlhkost\u00ed. Po pou\u017eit\u00ed jej nezapome\u0148te vy\u010distit!<\/p>\n","protected":false},"featured_media":360450,"comment_status":"closed","ping_status":"closed","template":"","meta":[],"pwb-brand":[140],"product_brand":[],"product_cat":[17,22],"product_tag":[],"class_list":{"0":"post-360449","1":"product","2":"type-product","3":"status-publish","4":"has-post-thumbnail","6":"pwb-brand-boker","7":"product_cat-noze","8":"product_cat-zaviraci-noze","10":"first","11":"instock","12":"taxable","13":"shipping-taxable","14":"purchasable","15":"product-type-simple"},"brands":[{"id":140,"name":"Boker","slug":"boker"}],"_links":{"self":[{"href":"https:\/\/www.moskito.cz\/it\/wp-json\/wp\/v2\/product\/360449","targetHints":{"allow":["GET"]}}],"collection":[{"href":"https:\/\/www.moskito.cz\/it\/wp-json\/wp\/v2\/product"}],"about":[{"href":"https:\/\/www.moskito.cz\/it\/wp-json\/wp\/v2\/types\/product"}],"replies":[{"embeddable":true,"href":"https:\/\/www.moskito.cz\/it\/wp-json\/wp\/v2\/comments?post=360449"}],"wp:featuredmedia":[{"embeddable":true,"href":"https:\/\/www.moskito.cz\/it\/wp-json\/wp\/v2\/media\/360450"}],"wp:attachment":[{"href":"https:\/\/www.moskito.cz\/it\/wp-json\/wp\/v2\/media?parent=360449"}],"wp:term":[{"taxonomy":"pwb-brand","embeddable":true,"href":"https:\/\/www.moskito.cz\/it\/wp-json\/wp\/v2\/pwb-brand?post=360449"},{"taxonomy":"product_brand","embeddable":true,"href":"https:\/\/www.moskito.cz\/it\/wp-json\/wp\/v2\/product_brand?post=360449"},{"taxonomy":"product_cat","embeddable":true,"href":"https:\/\/www.moskito.cz\/it\/wp-json\/wp\/v2\/product_cat?post=360449"},{"taxonomy":"product_tag","embeddable":true,"href":"https:\/\/www.moskito.cz\/it\/wp-json\/wp\/v2\/product_tag?post=360449"}],"curies":[{"name":"wp","href":"https:\/\/api.w.org\/{rel}","templated":true}]}}