{"id":360485,"date":"2024-09-26T12:57:42","date_gmt":"2024-09-26T11:57:42","guid":{"rendered":"https:\/\/www.moskito.cz\/produkt\/nuz-john-jay-survival-knife\/"},"modified":"2025-05-07T11:24:40","modified_gmt":"2025-05-07T10:24:40","slug":"nuz-john-jay-survival-knife","status":"publish","type":"product","link":"https:\/\/www.moskito.cz\/it\/produkt\/nuz-john-jay-survival-knife\/","title":{"rendered":"N\u016f\u017e John Jay Survival Knife"},"content":{"rendered":"<p><UL dir=ltr><\/p>\n<p><LI><\/p>\n<p><DIV align=left>celkov\u00e1 d\u00e9lka&nbsp;34,5 cm<\/DIV><\/p>\n<p><LI><\/p>\n<p><DIV align=left>d\u00e9lka \u010depele&nbsp;20,5 cm<\/DIV><\/p>\n<p><LI><\/p>\n<p><DIV align=left>hmotnost&nbsp;269 g<\/DIV><\/p>\n<p><LI><\/p>\n<p><DIV align=left>materi\u00e1l \u010depele&nbsp;nerezov\u00e1 ocel <SPAN lang=SK><br \/>\n<SPAN lang=CS>7Cr17MoV<\/SPAN><br \/>\n<\/SPAN><br \/>\n<\/DIV><\/p>\n<p><LI><br \/>\n<SPAN lang=CS>materi\u00e1l rukojeti FRN &#8211; nylon zpevn\u011bn\u00fd skeln\u00fdmi vl\u00e1kny<\/SPAN><br \/>\n<\/LI><br \/>\n<\/UL><\/p>\n","protected":false},"excerpt":{"rendered":"<p><SPAN lang=CS><\/p>\n<p><P dir=ltr align=left>S t\u00edmto impozantn\u00edm no\u017eem na p\u0159e\u017eit\u00ed se budete c\u00edtit jako doma kdekoliv. Dlouh\u00e1 \u010depel no\u017ee vyroben\u00e1 z nerezov\u00e9 oceli m\u00e1 na h\u0159betu pilku. Rukoje\u0165 ale nen\u00ed dut\u00e1, ale pevn\u00e1, vyroben\u00e1 z nezni\u010diteln\u00e9ho FRN. D\u00edky dodate\u010dn\u00e9mu pogumov\u00e1n\u00ed je rukoje\u0165 protiskluzov\u00e1 a dob\u0159e sed\u00ed v ruce i kdy\u017e je mokr\u00e1. Symetrick\u00fd ochrann\u00fd kryt zvy\u0161uje bezpe\u010dnost pr\u00e1ce. N\u016f\u017e na p\u0159e\u017eit\u00ed je dod\u00e1v\u00e1n s nylonov\u00fdm pouzdrem s otvory na p\u0159ipevn\u011bn\u00ed k oble\u010den\u00ed, k p\u00e1sku, batohu atd. <\/P><br \/>\n<\/SPAN><\/p>\n","protected":false},"featured_media":360486,"comment_status":"closed","ping_status":"closed","template":"","meta":[],"pwb-brand":[140],"product_brand":[],"product_cat":[17,23],"product_tag":[],"class_list":{"0":"post-360485","1":"product","2":"type-product","3":"status-publish","4":"has-post-thumbnail","6":"pwb-brand-boker","7":"product_cat-noze","8":"product_cat-pevne-noze","10":"first","11":"outofstock","12":"taxable","13":"shipping-taxable","14":"purchasable","15":"product-type-simple"},"brands":[{"id":140,"name":"Boker","slug":"boker"}],"_links":{"self":[{"href":"https:\/\/www.moskito.cz\/it\/wp-json\/wp\/v2\/product\/360485","targetHints":{"allow":["GET"]}}],"collection":[{"href":"https:\/\/www.moskito.cz\/it\/wp-json\/wp\/v2\/product"}],"about":[{"href":"https:\/\/www.moskito.cz\/it\/wp-json\/wp\/v2\/types\/product"}],"replies":[{"embeddable":true,"href":"https:\/\/www.moskito.cz\/it\/wp-json\/wp\/v2\/comments?post=360485"}],"wp:featuredmedia":[{"embeddable":true,"href":"https:\/\/www.moskito.cz\/it\/wp-json\/wp\/v2\/media\/360486"}],"wp:attachment":[{"href":"https:\/\/www.moskito.cz\/it\/wp-json\/wp\/v2\/media?parent=360485"}],"wp:term":[{"taxonomy":"pwb-brand","embeddable":true,"href":"https:\/\/www.moskito.cz\/it\/wp-json\/wp\/v2\/pwb-brand?post=360485"},{"taxonomy":"product_brand","embeddable":true,"href":"https:\/\/www.moskito.cz\/it\/wp-json\/wp\/v2\/product_brand?post=360485"},{"taxonomy":"product_cat","embeddable":true,"href":"https:\/\/www.moskito.cz\/it\/wp-json\/wp\/v2\/product_cat?post=360485"},{"taxonomy":"product_tag","embeddable":true,"href":"https:\/\/www.moskito.cz\/it\/wp-json\/wp\/v2\/product_tag?post=360485"}],"curies":[{"name":"wp","href":"https:\/\/api.w.org\/{rel}","templated":true}]}}