{"id":360491,"date":"2024-09-26T12:57:42","date_gmt":"2024-09-26T11:57:42","guid":{"rendered":"https:\/\/www.moskito.cz\/produkt\/kapesni-nuz-yokai\/"},"modified":"2025-05-07T11:24:40","modified_gmt":"2025-05-07T10:24:40","slug":"kapesni-nuz-yokai","status":"publish","type":"product","link":"https:\/\/www.moskito.cz\/it\/produkt\/kapesni-nuz-yokai\/","title":{"rendered":"Zav\u00edrac\u00ed N\u016f\u017e B\u00f6ker Plus B\u00f6ker Plus Yokai 01BO151"},"content":{"rendered":"<p>Zav\u00edrac\u00ed N\u016f\u017e <strong>B\u00f6ker Plus<\/strong> B\u00f6ker Plus Yokai 01BO151.<\/p>\n<p>Robustn\u00ed B\u00f6ker Plus Yokai zaujme jako spolehliv\u00fd taktick\u00fd n\u016f\u017e s agresivn\u00ed \u010depel\u00ed Tanto a protiskluzovou rukojet\u00ed. Taktick\u00fd kapesn\u00ed n\u016f\u017e navrhla Alessandra De Santis, zn\u00e1m\u00e1 tak\u00e9 jako Hydra Design jako zam\u011bstnankyn\u011b Hydra Armaments. Rodinn\u00fd podnik ze severn\u00ed It\u00e1lie se specializuje na p\u0159\u00edslu\u0161enstv\u00ed ke zbran\u00edm a taktick\u00e9 vybaven\u00ed. Zku\u0161en\u00e1 nad\u0161enkyn\u011b no\u017e\u016f sb\u00edr\u00e1, testuje a porovn\u00e1v\u00e1 nespo\u010det no\u017e\u016f ji\u017e od sv\u00fdch 14 let a je autorkou mnoha zpr\u00e1v a \u010dl\u00e1nk\u016f, kter\u00e9 byly publikov\u00e1ny v r\u016fzn\u00fdch odborn\u00fdch \u010dasopisech. B\u00fdval\u00fd pr\u016fmyslov\u00fd chemik m\u016f\u017ee \u010derpat ze \u0161irok\u00e9 \u0161k\u00e1ly odborn\u00fdch znalost\u00ed o ocel\u00edch a materi\u00e1lech. Je tak\u00e9 nad\u0161encem do st\u0159eln\u00fdch zbran\u00ed a v\u00e1\u0161nivou filip\u00ednskou bojovnic\u00ed v bojov\u00fdch um\u011bn\u00edch.<\/p>\n<p>Jejich modern\u00ed design spojuje jejich zku\u0161enosti ze v\u0161ech t\u011bchto oblast\u00ed a d\u011bl\u00e1 z Yokai naprosto v\u00fdjime\u010dn\u00fd n\u016f\u017e. Upraven\u00e1 \u010depel Tanto z D2 m\u00e1 odoln\u00fd \u010dern\u00fd povlak, otev\u00edr\u00e1 se flipperem a spolehliv\u011b ji zaji\u0161\u0165uje robustn\u00ed z\u00e1mek liner. \u0160upiny rukojeti s texturou v modern\u00edm vo\u0161tinov\u00e9m vzoru perfektn\u011b padnou do ruky i za \u0161patn\u00e9ho po\u010das\u00ed a dr\u00e1\u017ekovan\u00e1 rampa pro palec a ergonomick\u00e9 vybr\u00e1n\u00ed pro ukazov\u00e1\u010dek poskytuj\u00ed dal\u0161\u00ed \u00fachop. \u010cerven\u00e1 hlin\u00edkov\u00e1 distan\u010dn\u00ed vlo\u017eka poskytuje barevn\u00fd akcent. S poutkem na \u0161\u0148\u016frku, rozb\u00edje\u010dem skla a praktickou sponou (sklopn\u00e1\/r). Dod\u00e1v\u00e1no ve vysoce kvalitn\u00edm nylonov\u00e9m pouzd\u0159e pro skladov\u00e1n\u00ed.<\/p>\n<p>Typ polo\u017eky: Kapesn\u00ed n\u016f\u017e<br \/>\nZna\u010dka: Boker Plus<br \/>\nCelkov\u00e1 d\u00e9lka: 23,00 cm<br \/>\nD\u00e9lka \u010depele: 9,50 cm<br \/>\nTlou\u0161\u0165ka \u010depele: 3,70 mm<br \/>\nHmotnost: 161,00 g<br \/>\nN\u00e1vrh\u00e1\u0159: Hydra design<br \/>\nMateri\u00e1l \u010depele: D2<br \/>\nMateri\u00e1l rukojeti: G10<br \/>\nPom\u016fcka pro otev\u00edr\u00e1n\u00ed: Pinball<br \/>\nOtev\u00edrac\u00ed: Ru\u010dn\u011b<br \/>\nUzav\u0159en\u00ed: Z\u00e1mek vlo\u017eky<br \/>\n\u010c\u00edslo polo\u017eky: 01BO151<\/p>\n<p>&nbsp;<\/p>\n","protected":false},"excerpt":{"rendered":"<p><strong>Robustn\u00ed B\u00f6ker Plus Yokai je spolehliv\u00fd bojov\u00fd n\u016f\u017e s modern\u00edm designem, japonsk\u00fdm typem \u010depele Tanto a protiskluzovou rukojet\u00ed.<\/strong><\/p>\n","protected":false},"featured_media":370776,"comment_status":"closed","ping_status":"closed","template":"","meta":[],"pwb-brand":[140],"product_brand":[],"product_cat":[17,22],"product_tag":[],"class_list":{"0":"post-360491","1":"product","2":"type-product","3":"status-publish","4":"has-post-thumbnail","6":"pwb-brand-boker","7":"product_cat-noze","8":"product_cat-zaviraci-noze","10":"first","11":"instock","12":"taxable","13":"shipping-taxable","14":"purchasable","15":"product-type-simple"},"brands":[{"id":140,"name":"Boker","slug":"boker"}],"_links":{"self":[{"href":"https:\/\/www.moskito.cz\/it\/wp-json\/wp\/v2\/product\/360491","targetHints":{"allow":["GET"]}}],"collection":[{"href":"https:\/\/www.moskito.cz\/it\/wp-json\/wp\/v2\/product"}],"about":[{"href":"https:\/\/www.moskito.cz\/it\/wp-json\/wp\/v2\/types\/product"}],"replies":[{"embeddable":true,"href":"https:\/\/www.moskito.cz\/it\/wp-json\/wp\/v2\/comments?post=360491"}],"wp:featuredmedia":[{"embeddable":true,"href":"https:\/\/www.moskito.cz\/it\/wp-json\/wp\/v2\/media\/370776"}],"wp:attachment":[{"href":"https:\/\/www.moskito.cz\/it\/wp-json\/wp\/v2\/media?parent=360491"}],"wp:term":[{"taxonomy":"pwb-brand","embeddable":true,"href":"https:\/\/www.moskito.cz\/it\/wp-json\/wp\/v2\/pwb-brand?post=360491"},{"taxonomy":"product_brand","embeddable":true,"href":"https:\/\/www.moskito.cz\/it\/wp-json\/wp\/v2\/product_brand?post=360491"},{"taxonomy":"product_cat","embeddable":true,"href":"https:\/\/www.moskito.cz\/it\/wp-json\/wp\/v2\/product_cat?post=360491"},{"taxonomy":"product_tag","embeddable":true,"href":"https:\/\/www.moskito.cz\/it\/wp-json\/wp\/v2\/product_tag?post=360491"}],"curies":[{"name":"wp","href":"https:\/\/api.w.org\/{rel}","templated":true}]}}