{"id":360495,"date":"2024-09-26T12:57:58","date_gmt":"2024-09-26T11:57:58","guid":{"rendered":"https:\/\/www.moskito.cz\/produkt\/kapesni-nuz-kihon-assisted-copper\/"},"modified":"2025-05-07T11:24:40","modified_gmt":"2025-05-07T10:24:40","slug":"kapesni-nuz-kihon-assisted-copper","status":"publish","type":"product","link":"https:\/\/www.moskito.cz\/it\/produkt\/kapesni-nuz-kihon-assisted-copper\/","title":{"rendered":"Zav\u00edrac\u00ed N\u016f\u017e B\u00f6ker Plus Kihon Assisted Copper 01BO165"},"content":{"rendered":"<p>Zav\u00edrac\u00ed N\u016f\u017e <strong>B\u00f6ker Plus<\/strong> Kihon Assisted Copper 01BO165.<\/p>\n<p>S designem B\u00f6ker Plus Kihon Assisted Copper zt\u011bles\u0148uje americk\u00fd v\u00fdrobce no\u017e\u016f Lucas Burnley my\u0161lenku japonsk\u00e9ho Kihon. Tento term\u00edn p\u016fvodn\u011b zahrnuje z\u00e1klady a z\u00e1kladn\u00ed techniky japonsk\u00fdch bojov\u00fdch um\u011bn\u00ed, kter\u00e9 Burnley implementuje jednoduch\u00fdm zp\u016fsobem v pevn\u00e9m ka\u017edodenn\u00edm no\u017ei. Vlastnosti a rovn\u00fd design prokazuj\u00ed vysokou \u00farove\u0148 praktick\u00e9 vhodnosti a d\u00e1vaj\u00ed no\u017ei ide\u00e1ln\u00ed z\u00e1klad pro ka\u017edodenn\u00ed \u0159ez\u00e1n\u00ed. \u010cepel Harpoon s kuli\u010dkov\u00fdm lo\u017eiskem vyroben\u00e1 z D2 m\u00e1 povrchovou \u00fapravu Stonewash a otev\u00edr\u00e1 se pomoc\u00ed pru\u017einy pomoc\u00ed flipperu nebo palcov\u00e9ho kol\u00edku . \u010cepel je zaji\u0161t\u011bna robustn\u00edm z\u00e1mkem z nerezov\u00e9 oceli . Tvar a hmotnost m\u011bd\u011bn\u00e9 rukojeti bezpe\u010dn\u011b padne do ruky a ji\u017e po kr\u00e1tk\u00e9 dob\u011b vykazuje charakteristickou patinu. S poutkem na \u0161\u0148\u016frku , klipem (sklopn\u00e1\/p) a vysoce kvalitn\u00edm nylonov\u00fdm pouzdrem.<\/p>\n<p>Zna\u010dka: Boker Plus<br \/>\nCelkov\u00e1 d\u00e9lka: 19,90 cm<br \/>\nD\u00e9lka \u010depele: 8,50 cm<br \/>\nTlou\u0161\u0165ka \u010depele: 3,50 mm<br \/>\nHmotnost: 203,00 g<br \/>\nN\u00e1vrh\u00e1\u0159: Lucas Burnley<br \/>\nMateri\u00e1l \u010depele: D2<br \/>\nMateri\u00e1l rukojeti: m\u011b\u010f<br \/>\nPom\u016fcka pro otev\u00edr\u00e1n\u00ed: Pinball<br \/>\nOtev\u00edrac\u00ed: S podporou pru\u017einy<br \/>\nUzav\u0159en\u00ed: Z\u00e1mek vlo\u017eky<br \/>\n\u010c\u00edslo polo\u017eky: 01BO165<\/p>\n<p>&nbsp;<\/p>\n<p>&nbsp;<\/p>\n<p>&nbsp;<\/p>\n","protected":false},"excerpt":{"rendered":"<p><strong>N\u016f\u017e Kihon Assisted Copper zt\u011bles\u0148uje z\u00e1kladn\u00ed techniky japonsk\u00fdch bojov\u00fdch um\u011bn\u00ed implementovan\u00e9 do no\u017e\u016f na ka\u017edodenn\u00ed pou\u017eit\u00ed.\u00a0<\/strong><\/p>\n","protected":false},"featured_media":366782,"comment_status":"closed","ping_status":"closed","template":"","meta":[],"pwb-brand":[140],"product_brand":[],"product_cat":[17,22],"product_tag":[],"class_list":{"0":"post-360495","1":"product","2":"type-product","3":"status-publish","4":"has-post-thumbnail","6":"pwb-brand-boker","7":"product_cat-noze","8":"product_cat-zaviraci-noze","10":"first","11":"instock","12":"taxable","13":"shipping-taxable","14":"purchasable","15":"product-type-simple"},"brands":[{"id":140,"name":"Boker","slug":"boker"}],"_links":{"self":[{"href":"https:\/\/www.moskito.cz\/it\/wp-json\/wp\/v2\/product\/360495","targetHints":{"allow":["GET"]}}],"collection":[{"href":"https:\/\/www.moskito.cz\/it\/wp-json\/wp\/v2\/product"}],"about":[{"href":"https:\/\/www.moskito.cz\/it\/wp-json\/wp\/v2\/types\/product"}],"replies":[{"embeddable":true,"href":"https:\/\/www.moskito.cz\/it\/wp-json\/wp\/v2\/comments?post=360495"}],"wp:featuredmedia":[{"embeddable":true,"href":"https:\/\/www.moskito.cz\/it\/wp-json\/wp\/v2\/media\/366782"}],"wp:attachment":[{"href":"https:\/\/www.moskito.cz\/it\/wp-json\/wp\/v2\/media?parent=360495"}],"wp:term":[{"taxonomy":"pwb-brand","embeddable":true,"href":"https:\/\/www.moskito.cz\/it\/wp-json\/wp\/v2\/pwb-brand?post=360495"},{"taxonomy":"product_brand","embeddable":true,"href":"https:\/\/www.moskito.cz\/it\/wp-json\/wp\/v2\/product_brand?post=360495"},{"taxonomy":"product_cat","embeddable":true,"href":"https:\/\/www.moskito.cz\/it\/wp-json\/wp\/v2\/product_cat?post=360495"},{"taxonomy":"product_tag","embeddable":true,"href":"https:\/\/www.moskito.cz\/it\/wp-json\/wp\/v2\/product_tag?post=360495"}],"curies":[{"name":"wp","href":"https:\/\/api.w.org\/{rel}","templated":true}]}}