{"id":360499,"date":"2024-09-26T12:57:58","date_gmt":"2024-09-26T11:57:58","guid":{"rendered":"https:\/\/www.moskito.cz\/produkt\/kapesni-nuz-karakurt-black\/"},"modified":"2025-06-28T12:30:37","modified_gmt":"2025-06-28T11:30:37","slug":"kapesni-nuz-karakurt-black","status":"publish","type":"product","link":"https:\/\/www.moskito.cz\/it\/produkt\/kapesni-nuz-karakurt-black\/","title":{"rendered":"Vyst\u0159elovac\u00ed N\u016f\u017e Boker Plus Karakurt 01BO363"},"content":{"rendered":"<p>Vyst\u0159elovac\u00ed N\u016f\u017e <strong>Boker Plus<\/strong> Karakurt 01BO363.<\/p>\n<p>Zda byla European Black Widow zdrojem inspirace pro B\u00f6ker Plus Karakurt, z\u016fst\u00e1v\u00e1 tajemstv\u00edm d\u00e1nsk\u00e9ho v\u00fdrobce no\u017e\u016f Jespera Voxnaese . Existuje v\u0161ak \u0159ada indici\u00ed, kter\u00e9 ukazuj\u00ed na \u010dern\u00e9ho jedovat\u00e9ho pavouka. Elegantn\u00ed klipsov\u00e1 \u010depel vyroben\u00e1 z 154CM s povrchovou \u00fapravou Stonewash p\u016fsob\u00ed ze z\u00e1lohy a nemilosrdn\u011b praskne ihned po stisknut\u00ed tla\u010d\u00edtka. Vysoce kvalitn\u00ed nerezov\u00e1 ocel zaujme tvrdost\u00ed 58 a\u017e 59 HRC . Mezi preferovanou ko\u0159ist pat\u0159\u00ed rozmanit\u00e9 \u0159ezn\u00e9 \u00fakoly ka\u017edodenn\u00edho \u017eivota, kter\u00e9 kapesn\u00ed n\u016f\u017e d\u00edky sv\u00fdm neodolateln\u00fdm vlastnostem snadno ulov\u00ed. Rukoje\u0165 z eloxovan\u00e9ho hlin\u00edku 6061-T6 je ergonomicky tvarovan\u00e1 a bezpe\u010dn\u011b sed\u00ed v ruce i p\u0159i n\u00e1ro\u010dn\u00fdch \u00fakolech. Vlnit\u00e1 \u017eebra na spodn\u00ed stran\u011b slibuj\u00ed dodate\u010dnou podporu. N\u016f\u017e svou ko\u0159ist dr\u00e1\u017ed\u00ed tak\u00e9 d\u00edky oboustrann\u00e9 spon\u011b (tip-up\/lr) a praktick\u00e9mu otvoru na \u0161\u0148\u016frku . Karakurt, vyvinut\u00fd ve spolupr\u00e1ci se specialistou na switchblade Hogue, se vyr\u00e1b\u00ed v USA a zaujme sv\u00fdm dokonal\u00fdm zpracov\u00e1n\u00edm. S vysoce kvalitn\u00edm nylonov\u00fdm pouzdrem pro skladov\u00e1n\u00ed.<\/p>\n<p>Zna\u010dka: Boker Plus<br \/>\nCelkov\u00e1 d\u00e9lka: 19,20 cm<br \/>\nD\u00e9lka \u010depele: 7,80 cm<br \/>\nTlou\u0161\u0165ka \u010depele: 3,10 mm<br \/>\nHmotnost: 95,00 g<br \/>\nN\u00e1vrh\u00e1\u0159: Jesper Voxnaes<br \/>\nMateri\u00e1l \u010depele: 154 cm<br \/>\nMateri\u00e1l rukojeti: hlin\u00edk<br \/>\nPom\u016fcka pro otev\u00edr\u00e1n\u00ed: Stiskn\u011bte tla\u010d\u00edtko<br \/>\nOtev\u00edrac\u00ed: Automatick\u00fd<br \/>\nUzav\u0159en\u00ed: Stiskn\u011bte tla\u010d\u00edtko<br \/>\n\u010c\u00edslo polo\u017eky: 01BO363<\/p>\n","protected":false},"excerpt":{"rendered":"<p dir=\"ltr\" align=\"left\"><strong>Kapesn\u00ed n\u016f\u017e B\u00f6ker Plus Karakurt vyvinut\u00fd ve spolupr\u00e1ci se specialistou na sp\u00ednac\u00ed p\u0159\u00edstroje Hogue je vyroben v USA a zaujme dokonal\u00fdm zpracov\u00e1n\u00edm. <\/strong><\/p>\n<p dir=\"ltr\" align=\"left\"><strong>Doprava zdarma.<\/strong><\/p>\n","protected":false},"featured_media":367156,"comment_status":"closed","ping_status":"closed","template":"","meta":[],"pwb-brand":[140],"product_brand":[],"product_cat":[2019,17],"product_tag":[],"class_list":{"0":"post-360499","1":"product","2":"type-product","3":"status-publish","4":"has-post-thumbnail","6":"pwb-brand-boker","7":"product_cat-vystrelovaci-noze","8":"product_cat-noze","10":"first","11":"instock","12":"taxable","13":"shipping-taxable","14":"purchasable","15":"product-type-simple"},"brands":[{"id":140,"name":"Boker","slug":"boker"}],"_links":{"self":[{"href":"https:\/\/www.moskito.cz\/it\/wp-json\/wp\/v2\/product\/360499","targetHints":{"allow":["GET"]}}],"collection":[{"href":"https:\/\/www.moskito.cz\/it\/wp-json\/wp\/v2\/product"}],"about":[{"href":"https:\/\/www.moskito.cz\/it\/wp-json\/wp\/v2\/types\/product"}],"replies":[{"embeddable":true,"href":"https:\/\/www.moskito.cz\/it\/wp-json\/wp\/v2\/comments?post=360499"}],"wp:featuredmedia":[{"embeddable":true,"href":"https:\/\/www.moskito.cz\/it\/wp-json\/wp\/v2\/media\/367156"}],"wp:attachment":[{"href":"https:\/\/www.moskito.cz\/it\/wp-json\/wp\/v2\/media?parent=360499"}],"wp:term":[{"taxonomy":"pwb-brand","embeddable":true,"href":"https:\/\/www.moskito.cz\/it\/wp-json\/wp\/v2\/pwb-brand?post=360499"},{"taxonomy":"product_brand","embeddable":true,"href":"https:\/\/www.moskito.cz\/it\/wp-json\/wp\/v2\/product_brand?post=360499"},{"taxonomy":"product_cat","embeddable":true,"href":"https:\/\/www.moskito.cz\/it\/wp-json\/wp\/v2\/product_cat?post=360499"},{"taxonomy":"product_tag","embeddable":true,"href":"https:\/\/www.moskito.cz\/it\/wp-json\/wp\/v2\/product_tag?post=360499"}],"curies":[{"name":"wp","href":"https:\/\/api.w.org\/{rel}","templated":true}]}}