{"id":360505,"date":"2024-09-26T12:57:58","date_gmt":"2024-09-26T11:57:58","guid":{"rendered":"https:\/\/www.moskito.cz\/produkt\/kapesni-nuz-atlas-brass\/"},"modified":"2025-05-07T11:24:41","modified_gmt":"2025-05-07T10:24:41","slug":"kapesni-nuz-atlas-brass","status":"publish","type":"product","link":"https:\/\/www.moskito.cz\/it\/produkt\/kapesni-nuz-atlas-brass\/","title":{"rendered":"Kapesn\u00ed n\u016f\u017e B\u00f6ker Plus Atlas Brass"},"content":{"rendered":"<p>Kapesn\u00ed n\u016f\u017e B\u00f6ker Plus Atlas Brass.<\/p>\n<p>Bez ozd\u016fbek B\u00f6ker Plus Atlas Brass je spolehliv\u00fd slipjoint kapesn\u00ed n\u016f\u017e, kter\u00fd je v t\u00e9to v\u00fdjime\u010dn\u00e9 vintage verzi vybaven mosazn\u00fdm t\u011blem rukojeti, na kter\u00e9 se postupem \u010dasu tvo\u0159\u00ed jedine\u010dn\u00e1 patina. Minimalistick\u00e1 konstrukce je extr\u00e9mn\u011b robustn\u00ed a d\u011bl\u00e1 z \u0161ikovn\u00e9ho no\u017ee dokonal\u00e9ho spole\u010dn\u00edka ve v\u0161ech situac\u00edch. \u010cepel se sat\u00e9novou povrchovou \u00fapravou z materi\u00e1lu 12C27 se otev\u00edr\u00e1 pomoc\u00ed \u0159ezu h\u0159eb\u00edkem a snadno zvl\u00e1dne v\u0161echny ka\u017edodenn\u00ed \u00fakoly \u0159ez\u00e1n\u00ed.<\/p>\n<p>Zna\u010dka: Boker Plus<br \/>\nCelkov\u00e1 d\u00e9lka: 16,60 cm<br \/>\nD\u00e9lka \u010depele: 7,00 cm<br \/>\nTlou\u0161\u0165ka \u010depele: 2,30 mm<br \/>\nHmotnost: 51,00 g<br \/>\nMateri\u00e1l \u010depele: 12C27<br \/>\nMateri\u00e1l rukojeti: Mosaz<br \/>\nPom\u016fcka pro otev\u00edr\u00e1n\u00ed: St\u0159\u00edh\u00e1n\u00ed neht\u016f<br \/>\nOtev\u00edrac\u00ed: Ru\u010dn\u011b<br \/>\nUzav\u0159en\u00ed: Kluzn\u00fd kloub<br \/>\n\u010c\u00edslo polo\u017eky: 01BO853<\/p>\n<p>&nbsp;<\/p>\n","protected":false},"excerpt":{"rendered":"<p><strong>B\u00f6ker Plus Atlas Brass je spolehliv\u00fd kapesn\u00ed n\u016f\u017e, v t\u00e9to mimo\u0159\u00e1dn\u00e9 vintage verzi vybaven mosazn\u00ed rukojet\u00ed, na kter\u00e9 se postupem \u010dasu vytv\u00e1\u0159\u00ed jedine\u010dn\u00e1 patina.<\/strong><\/p>\n","protected":false},"featured_media":360506,"comment_status":"closed","ping_status":"closed","template":"","meta":[],"pwb-brand":[140],"product_brand":[],"product_cat":[22,17],"product_tag":[],"class_list":{"0":"post-360505","1":"product","2":"type-product","3":"status-publish","4":"has-post-thumbnail","6":"pwb-brand-boker","7":"product_cat-zaviraci-noze","8":"product_cat-noze","10":"first","11":"instock","12":"taxable","13":"shipping-taxable","14":"purchasable","15":"product-type-simple"},"brands":[{"id":140,"name":"Boker","slug":"boker"}],"_links":{"self":[{"href":"https:\/\/www.moskito.cz\/it\/wp-json\/wp\/v2\/product\/360505","targetHints":{"allow":["GET"]}}],"collection":[{"href":"https:\/\/www.moskito.cz\/it\/wp-json\/wp\/v2\/product"}],"about":[{"href":"https:\/\/www.moskito.cz\/it\/wp-json\/wp\/v2\/types\/product"}],"replies":[{"embeddable":true,"href":"https:\/\/www.moskito.cz\/it\/wp-json\/wp\/v2\/comments?post=360505"}],"wp:featuredmedia":[{"embeddable":true,"href":"https:\/\/www.moskito.cz\/it\/wp-json\/wp\/v2\/media\/360506"}],"wp:attachment":[{"href":"https:\/\/www.moskito.cz\/it\/wp-json\/wp\/v2\/media?parent=360505"}],"wp:term":[{"taxonomy":"pwb-brand","embeddable":true,"href":"https:\/\/www.moskito.cz\/it\/wp-json\/wp\/v2\/pwb-brand?post=360505"},{"taxonomy":"product_brand","embeddable":true,"href":"https:\/\/www.moskito.cz\/it\/wp-json\/wp\/v2\/product_brand?post=360505"},{"taxonomy":"product_cat","embeddable":true,"href":"https:\/\/www.moskito.cz\/it\/wp-json\/wp\/v2\/product_cat?post=360505"},{"taxonomy":"product_tag","embeddable":true,"href":"https:\/\/www.moskito.cz\/it\/wp-json\/wp\/v2\/product_tag?post=360505"}],"curies":[{"name":"wp","href":"https:\/\/api.w.org\/{rel}","templated":true}]}}