{"id":360537,"date":"2024-09-26T12:57:58","date_gmt":"2024-09-26T11:57:58","guid":{"rendered":"https:\/\/www.moskito.cz\/produkt\/kapesni-nuz-barlow-integral-canvas-micarta\/"},"modified":"2025-05-07T11:24:42","modified_gmt":"2025-05-07T10:24:42","slug":"kapesni-nuz-barlow-integral-canvas-micarta","status":"publish","type":"product","link":"https:\/\/www.moskito.cz\/it\/produkt\/kapesni-nuz-barlow-integral-canvas-micarta\/","title":{"rendered":"Kapesn\u00ed n\u016f\u017e Barlow Integral Canvas Micarta"},"content":{"rendered":"<p><UL><\/p>\n<p><LI>celkov\u00e1 d\u00e9lka: 15,1 cm <\/p>\n<p><LI>d\u00e9lka \u010depele: 6,4 cm <\/p>\n<p><LI>hmotnost: 29 g <\/p>\n<p><LI>materi\u00e1l \u010depele: ocel N690 <\/p>\n<p><LI>materi\u00e1l rukojeti: Micarta <\/p>\n<p><LI>ru\u010dn\u00ed otv\u00edr\u00e1n\u00ed <\/p>\n<p><LI>typ pojistky: Slipjoint <\/p>\n<p><LI>v kvalitn\u00edm plst\u011bn\u00e9m pouzd\u0159e <\/p>\n<p><LI>ru\u010dn\u011b vyrobenu v manufaktu\u0159e v Solingenu<\/LI><br \/>\n<\/UL><\/p>\n","protected":false},"excerpt":{"rendered":"<p><P>N\u016f\u017e Barlow s extra dlouh\u00fdm bolsterem a \u0161irokou \u010depel\u00ed je miln\u00edkem v modelov\u00e9 historii manufaktury B\u00f6ker. Tato integr\u00e1ln\u00ed verze nad\u010dasov\u00e9 klasiky je vybavena tvarovan\u00fdm t\u011blem z tmav\u011b \u010derven\u00e9 mikarty, kter\u00e1 je vyfr\u00e9zovan\u00e1 z masivu a tvo\u0159\u00ed tak\u00e9 charakteristick\u00e9 bolstery no\u017ee Barlow. Odleh\u010den\u00e1 konstrukce se tak m\u016f\u017ee zcela obej\u00edt bez p\u0159\u00eddavn\u00fdch kovov\u00fdch vlo\u017eek. D\u00edky \u010dern\u00fdm st\u0159enk\u00e1m rukojeti z mikarty, kter\u00e9 jsou rovn\u011b\u017e tvarovan\u00e9, sed\u00ed modern\u00ed n\u016f\u017e pro gentlemany mimo\u0159\u00e1dn\u011b pohodln\u011b v ruce. \u010cepel je vyrobena z ledov\u011b kalen\u00e9ho materi\u00e1lu N690 a otev\u00edr\u00e1 se pomoc\u00ed nehtov\u00e9ho z\u00e1\u0159ezu. Rukoje\u0165 i \u010depel jsou matn\u011b op\u00edskovan\u00e9. \u0160ikovn\u00fd n\u016f\u017e je ide\u00e1ln\u00edm spole\u010dn\u00edkem do kapsy u kalhot, ale z\u00e1rove\u0148 je dostate\u010dn\u011b velk\u00fd, aby bez probl\u00e9m\u016f zvl\u00e1dl v\u011bt\u0161inu ka\u017edodenn\u00edch \u0159ezn\u00fdch prac\u00ed. Ru\u010dn\u00ed v\u00fdroba v manufaktu\u0159e v Solingenu. Dod\u00e1v\u00e1n s kvalitn\u00edm plst\u011bn\u00fdm pouzdrem.<\/P><\/p>\n","protected":false},"featured_media":360538,"comment_status":"closed","ping_status":"closed","template":"","meta":[],"pwb-brand":[140],"product_brand":[],"product_cat":[17,22],"product_tag":[],"class_list":{"0":"post-360537","1":"product","2":"type-product","3":"status-publish","4":"has-post-thumbnail","6":"pwb-brand-boker","7":"product_cat-noze","8":"product_cat-zaviraci-noze","10":"first","11":"outofstock","12":"taxable","13":"shipping-taxable","14":"purchasable","15":"product-type-simple"},"brands":[{"id":140,"name":"Boker","slug":"boker"}],"_links":{"self":[{"href":"https:\/\/www.moskito.cz\/it\/wp-json\/wp\/v2\/product\/360537","targetHints":{"allow":["GET"]}}],"collection":[{"href":"https:\/\/www.moskito.cz\/it\/wp-json\/wp\/v2\/product"}],"about":[{"href":"https:\/\/www.moskito.cz\/it\/wp-json\/wp\/v2\/types\/product"}],"replies":[{"embeddable":true,"href":"https:\/\/www.moskito.cz\/it\/wp-json\/wp\/v2\/comments?post=360537"}],"wp:featuredmedia":[{"embeddable":true,"href":"https:\/\/www.moskito.cz\/it\/wp-json\/wp\/v2\/media\/360538"}],"wp:attachment":[{"href":"https:\/\/www.moskito.cz\/it\/wp-json\/wp\/v2\/media?parent=360537"}],"wp:term":[{"taxonomy":"pwb-brand","embeddable":true,"href":"https:\/\/www.moskito.cz\/it\/wp-json\/wp\/v2\/pwb-brand?post=360537"},{"taxonomy":"product_brand","embeddable":true,"href":"https:\/\/www.moskito.cz\/it\/wp-json\/wp\/v2\/product_brand?post=360537"},{"taxonomy":"product_cat","embeddable":true,"href":"https:\/\/www.moskito.cz\/it\/wp-json\/wp\/v2\/product_cat?post=360537"},{"taxonomy":"product_tag","embeddable":true,"href":"https:\/\/www.moskito.cz\/it\/wp-json\/wp\/v2\/product_tag?post=360537"}],"curies":[{"name":"wp","href":"https:\/\/api.w.org\/{rel}","templated":true}]}}