{"id":360693,"date":"2024-09-26T12:58:48","date_gmt":"2024-09-26T11:58:48","guid":{"rendered":"https:\/\/www.moskito.cz\/produkt\/nuz-tracker\/"},"modified":"2025-05-07T11:24:47","modified_gmt":"2025-05-07T10:24:47","slug":"nuz-tracker","status":"publish","type":"product","link":"https:\/\/www.moskito.cz\/it\/produkt\/nuz-tracker\/","title":{"rendered":"N\u016f\u017e Tracker"},"content":{"rendered":"<ul>\n<li>cekov\u00e1 d\u00e9lka:&nbsp;31,2 cm<\/li>\n<li>d\u00e9lka \u010depele:&nbsp;18,3 cm<\/li>\n<li>tlou\u0161\u0165ka \u010depele:&nbsp;6,0 mm<\/li>\n<li>hmotnost:&nbsp;474 g<\/li>\n<li>materi\u00e1l \u010depele: 1095<\/li>\n<li>materi\u00e1l rukojeti: micarta<\/li>\n<li>design\u00e9r: Dave Wenger<\/li>\n<\/ul>\n","protected":false},"excerpt":{"rendered":"<p>Outdoorov\u00fd n\u016f\u017e s pevnou, masivn\u00ed \u010depel\u00ed.<\/p>\n","protected":false},"featured_media":360694,"comment_status":"closed","ping_status":"closed","template":"","meta":[],"pwb-brand":[140],"product_brand":[],"product_cat":[17,23],"product_tag":[],"class_list":{"0":"post-360693","1":"product","2":"type-product","3":"status-publish","4":"has-post-thumbnail","6":"pwb-brand-boker","7":"product_cat-noze","8":"product_cat-pevne-noze","10":"first","11":"outofstock","12":"taxable","13":"shipping-taxable","14":"purchasable","15":"product-type-simple"},"brands":[{"id":140,"name":"Boker","slug":"boker"}],"_links":{"self":[{"href":"https:\/\/www.moskito.cz\/it\/wp-json\/wp\/v2\/product\/360693","targetHints":{"allow":["GET"]}}],"collection":[{"href":"https:\/\/www.moskito.cz\/it\/wp-json\/wp\/v2\/product"}],"about":[{"href":"https:\/\/www.moskito.cz\/it\/wp-json\/wp\/v2\/types\/product"}],"replies":[{"embeddable":true,"href":"https:\/\/www.moskito.cz\/it\/wp-json\/wp\/v2\/comments?post=360693"}],"wp:featuredmedia":[{"embeddable":true,"href":"https:\/\/www.moskito.cz\/it\/wp-json\/wp\/v2\/media\/360694"}],"wp:attachment":[{"href":"https:\/\/www.moskito.cz\/it\/wp-json\/wp\/v2\/media?parent=360693"}],"wp:term":[{"taxonomy":"pwb-brand","embeddable":true,"href":"https:\/\/www.moskito.cz\/it\/wp-json\/wp\/v2\/pwb-brand?post=360693"},{"taxonomy":"product_brand","embeddable":true,"href":"https:\/\/www.moskito.cz\/it\/wp-json\/wp\/v2\/product_brand?post=360693"},{"taxonomy":"product_cat","embeddable":true,"href":"https:\/\/www.moskito.cz\/it\/wp-json\/wp\/v2\/product_cat?post=360693"},{"taxonomy":"product_tag","embeddable":true,"href":"https:\/\/www.moskito.cz\/it\/wp-json\/wp\/v2\/product_tag?post=360693"}],"curies":[{"name":"wp","href":"https:\/\/api.w.org\/{rel}","templated":true}]}}