{"id":360711,"date":"2024-09-26T12:58:48","date_gmt":"2024-09-26T11:58:48","guid":{"rendered":"https:\/\/www.moskito.cz\/produkt\/nuz-epicenter-backlock\/"},"modified":"2025-05-07T11:24:48","modified_gmt":"2025-05-07T10:24:48","slug":"nuz-epicenter-backlock","status":"publish","type":"product","link":"https:\/\/www.moskito.cz\/it\/produkt\/nuz-epicenter-backlock\/","title":{"rendered":"Zav\u00edrac\u00ed N\u016f\u017e B\u00f6ker Plus Epicenter Backlock 01BO545"},"content":{"rendered":"<p>Zav\u00edrac\u00ed N\u016f\u017e <strong>B\u00f6ker<\/strong> Plus Epicenter Backlock 01BO545<\/p>\n<p>S <strong>Boker Plus Epicenter Backlock<\/strong> vytvo\u0159il americk\u00fd design\u00e9r Todd Rexford n\u016f\u017e ohromuj\u00edc\u00edch rozm\u011br\u016f, kter\u00fd spojuje neomezen\u00e9 s\u00edly p\u0159\u00edrody a vyvol\u00e1v\u00e1 nekontrolovateln\u00e9 chv\u011bn\u00ed v centru odm\u011bn nad\u0161en\u00fdch milovn\u00edk\u016f no\u017e\u016f. Drop-point \u010depel z D2 se hladce otev\u00edr\u00e1 otev\u0159en\u00edm palcem a m\u00e1 jemnou vlasovou \u00fapravu. To znamen\u00e1, \u017ee v\u0161echny \u0159ezac\u00ed \u00fakony jsou no\u017eem sebev\u011bdom\u011b srovn\u00e1ny se zem\u00ed. D\u00edky barevn\u00e9 kombinaci \u017elut\u00fdch vlo\u017eek a \u010dern\u00fdch \u0161upin tvarovan\u00e9 rukojeti vyroben\u00e9 v\u00fdhradn\u011b z G10 se Epicenter \u0159ad\u00ed p\u0159\u00edmo na vrchol Richterovy stupnice. Pouze robustn\u00ed zadn\u00ed z\u00e1mek dok\u00e1\u017ee zkrotit element\u00e1rn\u00ed s\u00edlu kapesn\u00edho no\u017ee bezpe\u010dn\u00fdm uzam\u010den\u00edm \u010depele. Mosazn\u00fd otvor pro \u0161\u0148\u016frku a krou\u017eek na \u0161roubu osy \u010depele zvy\u0161uj\u00ed fascinaci tohoto p\u0159\u00edrodn\u00edho jevu a nevyhnuteln\u011b zaji\u0161\u0165uj\u00ed t\u0159esouc\u00ed se ruce. Pro diskr\u00e9tn\u00ed p\u0159en\u00e1\u0161en\u00ed je Epicenter vybaven sponou pro hlubok\u00e9 no\u0161en\u00ed (r). Dod\u00e1v\u00e1 se s kvalitn\u00edm nylonov\u00fdm pouzdrem.<\/p>\n<p>&nbsp;<\/p>\n<p>Zna\u010dka: Boker Plus<br \/>\nCelkov\u00e1 d\u00e9lka: 21,00 cm<br \/>\nD\u00e9lka \u010depele: 8,80 cm<br \/>\nTlou\u0161\u0165ka \u010depele: 3,75 mm<br \/>\nHmotnost: 130,00 g<br \/>\nN\u00e1vrh\u00e1\u0159: Todd Rexford<br \/>\nMateri\u00e1l \u010depele: D2<br \/>\nMateri\u00e1l rukojeti: G10<br \/>\nOtv\u00edr\u00e1k: Otvor pro palec<br \/>\nOtev\u00edrac\u00ed: Manu\u00e1l<br \/>\nTyp z\u00e1mku: Backlock<br \/>\n\u010c\u00edslo polo\u017eky: 01BO545<\/p>\n<p>&nbsp;<\/p>\n<p>&nbsp;<\/p>\n<p>&nbsp;<\/p>\n","protected":false},"excerpt":{"rendered":"<p><strong>S Boker Plus Epicenter Backlock vytvo\u0159il americk\u00fd design\u00e9r Todd Rexford n\u016f\u017e ohromuj\u00edc\u00edch rozm\u011br\u016f, kter\u00fd spojuje neomezen\u00e9 s\u00edly p\u0159\u00edrody a vyvol\u00e1v\u00e1 nekontrolovateln\u00e9 chv\u011bn\u00ed v centru odm\u011bn nad\u0161en\u00fdch milovn\u00edk\u016f no\u017e\u016f.<\/strong><\/p>\n<p>&nbsp;<\/p>\n<p>&nbsp;<\/p>\n","protected":false},"featured_media":364347,"comment_status":"closed","ping_status":"closed","template":"","meta":[],"pwb-brand":[140],"product_brand":[],"product_cat":[17,22],"product_tag":[],"class_list":{"0":"post-360711","1":"product","2":"type-product","3":"status-publish","4":"has-post-thumbnail","6":"pwb-brand-boker","7":"product_cat-noze","8":"product_cat-zaviraci-noze","10":"first","11":"instock","12":"taxable","13":"shipping-taxable","14":"purchasable","15":"product-type-simple"},"brands":[{"id":140,"name":"Boker","slug":"boker"}],"_links":{"self":[{"href":"https:\/\/www.moskito.cz\/it\/wp-json\/wp\/v2\/product\/360711","targetHints":{"allow":["GET"]}}],"collection":[{"href":"https:\/\/www.moskito.cz\/it\/wp-json\/wp\/v2\/product"}],"about":[{"href":"https:\/\/www.moskito.cz\/it\/wp-json\/wp\/v2\/types\/product"}],"replies":[{"embeddable":true,"href":"https:\/\/www.moskito.cz\/it\/wp-json\/wp\/v2\/comments?post=360711"}],"wp:featuredmedia":[{"embeddable":true,"href":"https:\/\/www.moskito.cz\/it\/wp-json\/wp\/v2\/media\/364347"}],"wp:attachment":[{"href":"https:\/\/www.moskito.cz\/it\/wp-json\/wp\/v2\/media?parent=360711"}],"wp:term":[{"taxonomy":"pwb-brand","embeddable":true,"href":"https:\/\/www.moskito.cz\/it\/wp-json\/wp\/v2\/pwb-brand?post=360711"},{"taxonomy":"product_brand","embeddable":true,"href":"https:\/\/www.moskito.cz\/it\/wp-json\/wp\/v2\/product_brand?post=360711"},{"taxonomy":"product_cat","embeddable":true,"href":"https:\/\/www.moskito.cz\/it\/wp-json\/wp\/v2\/product_cat?post=360711"},{"taxonomy":"product_tag","embeddable":true,"href":"https:\/\/www.moskito.cz\/it\/wp-json\/wp\/v2\/product_tag?post=360711"}],"curies":[{"name":"wp","href":"https:\/\/api.w.org\/{rel}","templated":true}]}}