{"id":360724,"date":"2024-09-26T12:58:48","date_gmt":"2024-09-26T11:58:48","guid":{"rendered":"https:\/\/www.moskito.cz\/produkt\/kapesni-nuz-1969-z28-damast\/"},"modified":"2025-05-07T11:24:48","modified_gmt":"2025-05-07T10:24:48","slug":"kapesni-nuz-1969-z28-damast","status":"publish","type":"product","link":"https:\/\/www.moskito.cz\/it\/produkt\/kapesni-nuz-1969-z28-damast\/","title":{"rendered":"Kapesn\u00ed n\u016f\u017e 1969 Z28-Damast"},"content":{"rendered":"<ul>\n<li>celkov\u00e1 d\u00e9lka: 18,6 cm<\/li>\n<li>d\u00e9lka \u010depele: 8,0 cm<\/li>\n<li>hmotnost: 99 g<\/li>\n<li>tlou\u0161\u0165ka \u010depele: 3,6 mm<\/li>\n<li>materi\u00e1l \u010depele: Damast<\/li>\n<li>materi\u00e1l rukojeti: hlin\u00edk<\/li>\n<li>pojistka: linerlock<\/li>\n<li>ru\u010dn\u011b vyrobeno v Solingenu<\/li>\n<\/ul>\n","protected":false},"excerpt":{"rendered":"<p><P>Legendy se nerod\u00ed, jsou utv\u00e1\u0159eny \u010dasem a zanech\u00e1vaj\u00ed po sob\u011b \u00factyhodn\u00fd odkaz. V roce 1966 byl v Detroitu ve st\u00e1t\u011b Michigan polo\u017een z\u00e1kladn\u00ed k\u00e1men dal\u0161\u00ed ikony. V srdci americk\u00e9ho automobilov\u00e9ho pr\u016fmyslu spat\u0159il sv\u011btlo sv\u011bta Chevrolet Camaro. P\u016fvodn\u011b byl navr\u017een jako takzvan\u00fd Pony Car, kter\u00fd m\u011bl oslovit p\u0159edev\u0161\u00edm mlad\u0161\u00ed skupiny kupuj\u00edc\u00edch. Kompaktn\u00ed, sportovn\u00ed a cenov\u011b dostupn\u00e9 vozidlo. \u00dasp\u011bch na sebe nenechal dlouho \u010dekat. V letech 1966 a\u017e 1969 sjelo z v\u00fdrobn\u00ed linky p\u0159ibli\u017en\u011b 700 000 model\u016f Camaro s 12 r\u016fzn\u00fdmi variantami motor\u016f. V roce 1969 bylo p\u0159edstaveno posledn\u00ed Camaro prvn\u00ed generace, model Z28, kter\u00fd znalci dosud pova\u017euj\u00ed za jeden z nejlep\u0161\u00edch. A pr\u00e1v\u011b na ikonick\u00fd design modelu Camaro Z28 navazuje spole\u010dnost B\u00f6ker a tuto legendu o\u017eivuje.\u00a0V\u00fdsledkem je v\u00edce ne\u017e jen n\u016f\u017e. Postoj k \u017eivotu, d\u016fstojn\u00fd road trip s bublav\u00fdm zvukem motoru V8 na zd\u00e1nliv\u011b nekone\u010dn\u00e9 d\u00e1lnici, jemn\u00e9 paprsky slunce proch\u00e1zej\u00edc\u00ed ka\u0148onem a h\u0159ej\u00edc\u00ed du\u0161i. Nezapomenuteln\u00e9 okam\u017eiky bez v\u0161edn\u00ed ka\u017edodennosti \u017eivota &#8211; stejn\u011b jako v\u00fdjime\u010dn\u00fd <STRONG>B\u00f6ker 1969 Z28-Damascus<\/STRONG>. Ve spolupr\u00e1ci s italsk\u00fdm design\u00e9rem Tommasem Rumicim vznikl jedine\u010dn\u00fd n\u016f\u017e, kter\u00fd v sob\u011b spojuje v\u00fdrazn\u00e9 charakterov\u00e9 rysy modelu Camaro Z28 co do tvaru a s\u00edly. Elegantn\u00ed dama\u0161kov\u00e1 \u010depel typu drop-point, ru\u010dn\u011b kovan\u00e1 Chadem Nicholsem s 80 vrstvami ve vzoru Tread, p\u0159ipom\u00edn\u00e1 \u0161ikmou induk\u010dn\u00ed kapotu vozu. Snadno se otev\u00edr\u00e1 pomoc\u00ed mod\u0159e eloxovan\u00e9ho \u010depu na palec a \u010depel bezpe\u010dn\u011b uzamkne na m\u00edst\u011b pojistka typu linerlock.\u00a0Hlin\u00edkov\u00e1 rukoje\u0165 v barv\u011b &#8220;Le Mans Blue&#8221; nostalgicky interpretuje linie karoserie a p\u0159ich\u00e1z\u00ed se vzru\u0161uj\u00edc\u00edmi detaily.<\/P><\/p>\n","protected":false},"featured_media":360725,"comment_status":"closed","ping_status":"closed","template":"","meta":[],"pwb-brand":[140],"product_brand":[],"product_cat":[17,22],"product_tag":[],"class_list":{"0":"post-360724","1":"product","2":"type-product","3":"status-publish","4":"has-post-thumbnail","6":"pwb-brand-boker","7":"product_cat-noze","8":"product_cat-zaviraci-noze","10":"first","11":"outofstock","12":"taxable","13":"shipping-taxable","14":"purchasable","15":"product-type-simple"},"brands":[{"id":140,"name":"Boker","slug":"boker"}],"_links":{"self":[{"href":"https:\/\/www.moskito.cz\/it\/wp-json\/wp\/v2\/product\/360724","targetHints":{"allow":["GET"]}}],"collection":[{"href":"https:\/\/www.moskito.cz\/it\/wp-json\/wp\/v2\/product"}],"about":[{"href":"https:\/\/www.moskito.cz\/it\/wp-json\/wp\/v2\/types\/product"}],"replies":[{"embeddable":true,"href":"https:\/\/www.moskito.cz\/it\/wp-json\/wp\/v2\/comments?post=360724"}],"wp:featuredmedia":[{"embeddable":true,"href":"https:\/\/www.moskito.cz\/it\/wp-json\/wp\/v2\/media\/360725"}],"wp:attachment":[{"href":"https:\/\/www.moskito.cz\/it\/wp-json\/wp\/v2\/media?parent=360724"}],"wp:term":[{"taxonomy":"pwb-brand","embeddable":true,"href":"https:\/\/www.moskito.cz\/it\/wp-json\/wp\/v2\/pwb-brand?post=360724"},{"taxonomy":"product_brand","embeddable":true,"href":"https:\/\/www.moskito.cz\/it\/wp-json\/wp\/v2\/product_brand?post=360724"},{"taxonomy":"product_cat","embeddable":true,"href":"https:\/\/www.moskito.cz\/it\/wp-json\/wp\/v2\/product_cat?post=360724"},{"taxonomy":"product_tag","embeddable":true,"href":"https:\/\/www.moskito.cz\/it\/wp-json\/wp\/v2\/product_tag?post=360724"}],"curies":[{"name":"wp","href":"https:\/\/api.w.org\/{rel}","templated":true}]}}