{"id":360786,"date":"2024-09-26T12:59:06","date_gmt":"2024-09-26T11:59:06","guid":{"rendered":"https:\/\/www.moskito.cz\/produkt\/kapesni-nuz-magnum-toxicofera\/"},"modified":"2025-05-07T11:24:51","modified_gmt":"2025-05-07T10:24:51","slug":"kapesni-nuz-magnum-toxicofera","status":"publish","type":"product","link":"https:\/\/www.moskito.cz\/it\/produkt\/kapesni-nuz-magnum-toxicofera\/","title":{"rendered":"Kapesn\u00ed n\u016f\u017e Magnum Toxicofera"},"content":{"rendered":"<ul>\n<li>celkov\u00e1 d\u00e9lka: 20,1 cm<\/li>\n<li>d\u00e9lka \u010depele: 8,8 cm<\/li>\n<li>hmotnost: 113 g<\/li>\n<li>tlou\u0161\u0165ka \u010depele: 3,0 mm<\/li>\n<li>materi\u00e1l \u010depele: 440A<\/li>\n<li>materi\u00e1l rukojeti: Micarta<\/li>\n<li>pojistka: linerlock<\/li>\n<li>s klipem<\/li>\n<\/ul>\n","protected":false},"excerpt":{"rendered":"<p>Agresivn\u00ed, bodav\u00fd a s pot\u0159ebnou d\u00e1vkou jedu: kapesn\u00ed n\u016f\u017e Magnum Toxicofera je pova\u017eov\u00e1n za vrchol potravn\u00edho \u0159et\u011bzce a v posledn\u00ed dob\u011b je denn\u00edmi lovci vn\u00edm\u00e1n jako ob\u00e1van\u00fd pred\u00e1tor. Kapesn\u00ed n\u016f\u017e s kuli\u010dkovou \u010depel\u00ed z toxick\u00e9 oceli 440A je v\u017edy ve st\u0159ehu a \u00fa\u010dinn\u011b se maskuje povrchovou \u00fapravou stonewash. Toxicofera nav\u00edc dr\u00e1\u017ed\u00ed svou ko\u0159ist pomoc\u00ed flipperu a mechanismu otev\u00edr\u00e1n\u00ed otvorem pro palec, dokud pojistka linerlock nakonec nezablokuje \u010depel na m\u00edst\u011b a nen\u00ed \u00faniku. Hn\u011bd\u00e9 st\u0159enky rukojeti Micarta se strukturou p\u0159ipom\u00ednaj\u00edc\u00ed \u0161upiny podtrhuj\u00ed n\u00e1rok dravce, zat\u00edmco mosazn\u00fd krou\u017eek kolem \u0161roubu osy \u010depele nazna\u010duje agresivitu no\u017ee. Dod\u00e1v\u00e1 se s klipem.<\/p>\n","protected":false},"featured_media":360787,"comment_status":"closed","ping_status":"closed","template":"","meta":[],"pwb-brand":[140],"product_brand":[],"product_cat":[17,22],"product_tag":[],"class_list":{"0":"post-360786","1":"product","2":"type-product","3":"status-publish","4":"has-post-thumbnail","6":"pwb-brand-boker","7":"product_cat-noze","8":"product_cat-zaviraci-noze","10":"first","11":"instock","12":"taxable","13":"shipping-taxable","14":"purchasable","15":"product-type-simple"},"brands":[{"id":140,"name":"Boker","slug":"boker"}],"_links":{"self":[{"href":"https:\/\/www.moskito.cz\/it\/wp-json\/wp\/v2\/product\/360786","targetHints":{"allow":["GET"]}}],"collection":[{"href":"https:\/\/www.moskito.cz\/it\/wp-json\/wp\/v2\/product"}],"about":[{"href":"https:\/\/www.moskito.cz\/it\/wp-json\/wp\/v2\/types\/product"}],"replies":[{"embeddable":true,"href":"https:\/\/www.moskito.cz\/it\/wp-json\/wp\/v2\/comments?post=360786"}],"wp:featuredmedia":[{"embeddable":true,"href":"https:\/\/www.moskito.cz\/it\/wp-json\/wp\/v2\/media\/360787"}],"wp:attachment":[{"href":"https:\/\/www.moskito.cz\/it\/wp-json\/wp\/v2\/media?parent=360786"}],"wp:term":[{"taxonomy":"pwb-brand","embeddable":true,"href":"https:\/\/www.moskito.cz\/it\/wp-json\/wp\/v2\/pwb-brand?post=360786"},{"taxonomy":"product_brand","embeddable":true,"href":"https:\/\/www.moskito.cz\/it\/wp-json\/wp\/v2\/product_brand?post=360786"},{"taxonomy":"product_cat","embeddable":true,"href":"https:\/\/www.moskito.cz\/it\/wp-json\/wp\/v2\/product_cat?post=360786"},{"taxonomy":"product_tag","embeddable":true,"href":"https:\/\/www.moskito.cz\/it\/wp-json\/wp\/v2\/product_tag?post=360786"}],"curies":[{"name":"wp","href":"https:\/\/api.w.org\/{rel}","templated":true}]}}