{"id":360806,"date":"2024-09-26T12:59:06","date_gmt":"2024-09-26T11:59:06","guid":{"rendered":"https:\/\/www.moskito.cz\/produkt\/kapesni-nuz-strike-damast\/"},"modified":"2025-05-07T11:24:53","modified_gmt":"2025-05-07T10:24:53","slug":"kapesni-nuz-strike-damast","status":"publish","type":"product","link":"https:\/\/www.moskito.cz\/it\/produkt\/kapesni-nuz-strike-damast\/","title":{"rendered":"Vyst\u0159elovac\u00ed N\u016f\u017e B\u00f6ker Plus Strike Damast 01BO507DAM"},"content":{"rendered":"<p>Vyst\u0159elovac\u00ed N\u016f\u017e <strong>B\u00f6ker Plus<\/strong> Strike Damast 01BO507DAM.<\/p>\n<p>Obl\u00edben\u00e1 \u0159ada Strike je zn\u00e1m\u00e1 sv\u00fdmi robustn\u00edmi automatick\u00fdmi no\u017ei, kter\u00e9 se skv\u011ble hod\u00ed pro ka\u017edodenn\u00ed pou\u017eit\u00ed i pro pohotovostn\u00ed slu\u017eby. Na z\u00e1klad\u011b tohoto \u00fasp\u011bchu B\u00f6ker Plus p\u0159edstavuje elegantn\u00ed verzi s \u010depel\u00ed vyrobenou ze 192vrstv\u00e9ho Dama\u0161ku. \u0160t\u00edhl\u00e1, ergonomicky tvarovan\u00e1 rukoje\u0165 je zalo\u017eena na pevn\u00fdch ocelov\u00fdch pl\u00e1tech, kter\u00e9 jsou pokryty fr\u00e9zovan\u00fdmi, lehk\u00fdmi \u010dern\u00fdmi hlin\u00edkov\u00fdmi \u0161upinami, kter\u00e9 se snadno uchopuj\u00ed. Hlubok\u00e9 dr\u00e1\u017eky ve v\u00fdrazn\u00e9m vybr\u00e1n\u00ed pro palec rovn\u011b\u017e podporuj\u00ed bezpe\u010dnou manipulaci s automatick\u00fdm no\u017eem. \u010cepel s ozdobn\u00fdm ricassom se otev\u00edr\u00e1 tla\u010d\u00edtkem a dr\u017e\u00ed na m\u00edst\u011b robustn\u00edm z\u00e1mkem tla\u010d\u00edtka, kter\u00fd je nav\u00edc zaji\u0161t\u011bn jezdcem. Na zadn\u00ed stran\u011b je konvertibiln\u00ed klip (tip-up\/tip-down). Dod\u00e1v\u00e1no s vysoce kvalitn\u00edm nylonov\u00fdm pouzdrem pro skladov\u00e1n\u00ed.<\/p>\n<p>Zna\u010dka: Boker Plus<br \/>\nTlou\u0161\u0165ka \u010depele: 2,90 mm<br \/>\nHmotnost: 137,00 g<br \/>\nMateri\u00e1l \u010depele: dama\u0161ek<br \/>\nMateri\u00e1l rukojeti: hlin\u00edk<br \/>\nPom\u016fcka pro otev\u00edr\u00e1n\u00ed: Stiskn\u011bte tla\u010d\u00edtko<br \/>\nOtev\u00edrac\u00ed: Automatick\u00fd<br \/>\nUzav\u0159en\u00ed: Z\u00e1mek tla\u010d\u00edtka<br \/>\nBarva: \u010cern\u00e1<br \/>\nBarva \u010depele: \u010cern\u00fd<br \/>\n\u010c\u00edslo polo\u017eky: 01BO507DAM<\/p>\n<p>&nbsp;<\/p>\n","protected":false},"excerpt":{"rendered":"<p><strong>Obl\u00edben\u00e1 \u0159ada Strike je zn\u00e1m\u00e1 sv\u00fdmi robustn\u00edmi automatick\u00fdmi no\u017ei, kter\u00e9 se skv\u011ble hod\u00ed pro ka\u017edodenn\u00ed pou\u017eit\u00ed i pro pohotovostn\u00ed slu\u017eby.<\/strong><\/p>\n<p><strong>Doprava zdarma.<\/strong><\/p>\n","protected":false},"featured_media":366270,"comment_status":"closed","ping_status":"closed","template":"","meta":[],"pwb-brand":[140],"product_brand":[],"product_cat":[25,17],"product_tag":[],"class_list":{"0":"post-360806","1":"product","2":"type-product","3":"status-publish","4":"has-post-thumbnail","6":"pwb-brand-boker","7":"product_cat-damascenske-noze","8":"product_cat-noze","10":"first","11":"instock","12":"taxable","13":"shipping-taxable","14":"purchasable","15":"product-type-simple"},"brands":[{"id":140,"name":"Boker","slug":"boker"}],"_links":{"self":[{"href":"https:\/\/www.moskito.cz\/it\/wp-json\/wp\/v2\/product\/360806","targetHints":{"allow":["GET"]}}],"collection":[{"href":"https:\/\/www.moskito.cz\/it\/wp-json\/wp\/v2\/product"}],"about":[{"href":"https:\/\/www.moskito.cz\/it\/wp-json\/wp\/v2\/types\/product"}],"replies":[{"embeddable":true,"href":"https:\/\/www.moskito.cz\/it\/wp-json\/wp\/v2\/comments?post=360806"}],"wp:featuredmedia":[{"embeddable":true,"href":"https:\/\/www.moskito.cz\/it\/wp-json\/wp\/v2\/media\/366270"}],"wp:attachment":[{"href":"https:\/\/www.moskito.cz\/it\/wp-json\/wp\/v2\/media?parent=360806"}],"wp:term":[{"taxonomy":"pwb-brand","embeddable":true,"href":"https:\/\/www.moskito.cz\/it\/wp-json\/wp\/v2\/pwb-brand?post=360806"},{"taxonomy":"product_brand","embeddable":true,"href":"https:\/\/www.moskito.cz\/it\/wp-json\/wp\/v2\/product_brand?post=360806"},{"taxonomy":"product_cat","embeddable":true,"href":"https:\/\/www.moskito.cz\/it\/wp-json\/wp\/v2\/product_cat?post=360806"},{"taxonomy":"product_tag","embeddable":true,"href":"https:\/\/www.moskito.cz\/it\/wp-json\/wp\/v2\/product_tag?post=360806"}],"curies":[{"name":"wp","href":"https:\/\/api.w.org\/{rel}","templated":true}]}}