{"id":360817,"date":"2024-09-26T12:59:40","date_gmt":"2024-09-26T11:59:40","guid":{"rendered":"https:\/\/www.moskito.cz\/produkt\/nori-cocobolo\/"},"modified":"2025-05-07T11:24:54","modified_gmt":"2025-05-07T10:24:54","slug":"nori-cocobolo","status":"publish","type":"product","link":"https:\/\/www.moskito.cz\/it\/produkt\/nori-cocobolo\/","title":{"rendered":"Nori Cocobolo"},"content":{"rendered":"<table class=\"datatable bokerparamtable\" style=\"letter-spacing: 0.03em; width: 50%;\" border=\"0\" cellspacing=\"0\" cellpadding=\"0\">\n<tbody>\n<tr>\n<td style=\"width: 50%;\">Celkov\u00e1 d\u00e9lka:<\/td>\n<td style=\"width: 25%;\">18 cm<\/td>\n<\/tr>\n<tr>\n<td style=\"width: 50%;\">D\u00e9lka \u010depele:<\/td>\n<td style=\"width: 25%;\">8 cm<\/td>\n<\/tr>\n<tr>\n<td style=\"width: 50%;\">Tlou\u0161\u0165ka \u010depele:<\/td>\n<td style=\"width: 25%;\">1.8 mm<\/td>\n<\/tr>\n<tr>\n<td style=\"width: 50%;\">Hmotnost::<\/td>\n<td style=\"width: 25%;\">43 g<\/td>\n<\/tr>\n<tr>\n<td style=\"width: 50%;\">Materi\u00e1l \u010depele:<\/td>\n<td style=\"width: 25%;\">VG-10<\/td>\n<\/tr>\n<tr>\n<td style=\"width: 50%;\">Materi\u00e1l rukojeti:<\/td>\n<td style=\"width: 25%;\">Cocobolo<\/td>\n<\/tr>\n<\/tbody>\n<\/table>\n","protected":false},"excerpt":{"rendered":"<p>N\u016f\u017e B\u00f6ker Plus Nori je dal\u0161\u00ed elegantn\u00ed p\u00e1nsk\u00fd n\u016f\u017e navr\u017een\u00fd japonsk\u00fdm no\u017e\u00ed\u0159em Kanseim Matsunem. Tenk\u00e1 a lehk\u00e1 konstrukce Wasabi byly zkombinov\u00e1ny s praktick\u00fdm p\u0159edn\u00edm flipperem a s\u00a0robustn\u00ed pojistkou proti necht\u011bn\u00e9mu zav\u0159en\u00ed no\u017ee p\u0159i pou\u017e\u00edv\u00e1n\u00ed Linerlock z\u00a0modelu LRF. \u010cepel vyroben\u00e1 z\u00a0oceli VG-10 na kuli\u010dkov\u00e9m lo\u017eisku m\u00e1 obzvl\u00e1\u0161t\u011b jemnou pod\u00e9ln\u011b satinovou povrchovou \u00fapravu. St\u0159enky rukojeti jsou vyrobeny z\u00a0vybran\u00e9ho d\u0159eva Cocobolo a jsou namontovan\u00e9 na nerezov\u00fdch vlo\u017ek\u00e1ch. \u010cist\u00fd design a klasick\u00e1 japonsk\u00e1 \u010depel \u010din\u00ed z Nori ide\u00e1ln\u00ed n\u016f\u017e pro ka\u017edodenn\u00ed pou\u017eit\u00ed. S\u00a0okem na \u0161\u0148\u016frku pro no\u0161en\u00ed a fr\u00e9zovanou sponou pro no\u0161en\u00ed \u0161pi\u010dkou nahoru (Tip-up).<\/p>\n","protected":false},"featured_media":361589,"comment_status":"closed","ping_status":"closed","template":"","meta":[],"pwb-brand":[140],"product_brand":[],"product_cat":[22,17],"product_tag":[],"class_list":{"0":"post-360817","1":"product","2":"type-product","3":"status-publish","4":"has-post-thumbnail","6":"pwb-brand-boker","7":"product_cat-zaviraci-noze","8":"product_cat-noze","10":"first","11":"instock","12":"taxable","13":"shipping-taxable","14":"purchasable","15":"product-type-simple"},"brands":[{"id":140,"name":"Boker","slug":"boker"}],"_links":{"self":[{"href":"https:\/\/www.moskito.cz\/it\/wp-json\/wp\/v2\/product\/360817","targetHints":{"allow":["GET"]}}],"collection":[{"href":"https:\/\/www.moskito.cz\/it\/wp-json\/wp\/v2\/product"}],"about":[{"href":"https:\/\/www.moskito.cz\/it\/wp-json\/wp\/v2\/types\/product"}],"replies":[{"embeddable":true,"href":"https:\/\/www.moskito.cz\/it\/wp-json\/wp\/v2\/comments?post=360817"}],"wp:featuredmedia":[{"embeddable":true,"href":"https:\/\/www.moskito.cz\/it\/wp-json\/wp\/v2\/media\/361589"}],"wp:attachment":[{"href":"https:\/\/www.moskito.cz\/it\/wp-json\/wp\/v2\/media?parent=360817"}],"wp:term":[{"taxonomy":"pwb-brand","embeddable":true,"href":"https:\/\/www.moskito.cz\/it\/wp-json\/wp\/v2\/pwb-brand?post=360817"},{"taxonomy":"product_brand","embeddable":true,"href":"https:\/\/www.moskito.cz\/it\/wp-json\/wp\/v2\/product_brand?post=360817"},{"taxonomy":"product_cat","embeddable":true,"href":"https:\/\/www.moskito.cz\/it\/wp-json\/wp\/v2\/product_cat?post=360817"},{"taxonomy":"product_tag","embeddable":true,"href":"https:\/\/www.moskito.cz\/it\/wp-json\/wp\/v2\/product_tag?post=360817"}],"curies":[{"name":"wp","href":"https:\/\/api.w.org\/{rel}","templated":true}]}}