{"id":360869,"date":"2024-09-26T12:59:22","date_gmt":"2024-09-26T11:59:22","guid":{"rendered":"https:\/\/www.moskito.cz\/produkt\/nuz-boker-magnum-border-forest-folder\/"},"modified":"2025-05-07T11:24:57","modified_gmt":"2025-05-07T10:24:57","slug":"nuz-boker-magnum-border-forest-folder","status":"publish","type":"product","link":"https:\/\/www.moskito.cz\/it\/produkt\/nuz-boker-magnum-border-forest-folder\/","title":{"rendered":"Zav\u00edrac\u00ed N\u016f\u017e B\u00d6KER BORDER FOREST FOLDER 01SC719"},"content":{"rendered":"<p>Zav\u00edrac\u00ed N\u016f\u017e <strong>B\u00d6KER<\/strong> BORDER FOREST FOLDER 01SC719.<\/p>\n<p>Bl\u00edzkost p\u0159\u00edrody v kombinaci s m\u011bstsk\u00fdm vkusem \u2013 tyto vlastnosti d\u011blaj\u00ed z lesn\u00ed hrani\u010dn\u00ed skl\u00e1da\u010dky <strong>B\u00f6ker Magnum<\/strong> nepostradateln\u00e9ho spole\u010dn\u00edka do m\u011bsta i do d\u017eungle; Ka\u017edodenn\u00ed \u017eivot nebo jeho zadn\u00ed vr\u00e1tka. V\u00fdkonn\u00e1 \u010depel spearpoint vyroben\u00e1 z 440A s jemn\u00fdm sat\u00e9nov\u00fdm povrchem unik\u00e1 ze zvyku nekompromisn\u00ed ostrost\u00ed, intuitivn\u00edm otev\u00edr\u00e1n\u00edm flipperu a ozdobn\u00fdm ricassom na h\u0159betu \u010depele pro maxim\u00e1ln\u00ed flexibilitu, a\u0165 u\u017e na venkov\u011b nebo v \u0161ed\u00e9 denn\u00ed dr\u00e1ze. Uklizen\u00e1, tvarovan\u00e1 rukoje\u0165 s knofl\u00edkov\u00fdm z\u00e1mkem a jemn\u011b texturovan\u00fdmi \u0161upinami rukojeti z \u010dern\u00e9 Micarty nasm\u011bruje ruku ke kapesn\u00edmu no\u017ei bez jak\u00fdchkoli oklik a zaji\u0161\u0165uje ply\u0161ov\u00fd pocit daleko od jak\u00e9hokoli shonu. Oran\u017eov\u00fd backspacer z G10 vyza\u0159uje pot\u0159ebn\u00e9 teplo, zvy\u0161uje stabilitu a slou\u017e\u00ed tak\u00e9 jako otvor pro \u0161\u0148\u016frku . S oboustrannou skl\u00e1p\u011bc\u00ed sponou , kter\u00e1 umo\u017e\u0148uje styl hlubok\u00e9ho no\u0161en\u00ed pro diskr\u00e9tn\u00ed ulo\u017een\u00ed no\u017ee do kapsy.<\/p>\n<p>Zna\u010dka: Magnum<br \/>\nCelkov\u00e1 d\u00e9lka: 19,90 cm<br \/>\nD\u00e9lka \u010depele: 8,60 cm<br \/>\nTlou\u0161\u0165ka \u010depele: 3,00 mm<br \/>\nHmotnost: 100,00 g<br \/>\nMateri\u00e1l \u010depele: 440A<br \/>\nMateri\u00e1l rukojeti: Micarta<br \/>\nPom\u016fcka pro otev\u00edr\u00e1n\u00ed: Pinball<br \/>\nOtev\u00edrac\u00ed: Ru\u010dn\u011b<br \/>\nUzav\u0159en\u00ed: Z\u00e1mek tla\u010d\u00edtka<br \/>\n\u010c\u00edslo polo\u017eky: 01SC719<\/p>\n<p>&nbsp;<\/p>\n","protected":false},"excerpt":{"rendered":"<p><strong>Bl\u00edzkost p\u0159\u00edrody v kombinaci s m\u011bstsk\u00fdm vkusem \u2013 tyto vlastnosti d\u011blaj\u00ed z lesn\u00ed hrani\u010dn\u00ed skl\u00e1da\u010dky B\u00f6ker Magnum nepostradateln\u00e9ho spole\u010dn\u00edka do m\u011bsta i do d\u017eungle.<\/strong><\/p>\n","protected":false},"featured_media":361964,"comment_status":"closed","ping_status":"closed","template":"","meta":[],"pwb-brand":[140],"product_brand":[],"product_cat":[22,17],"product_tag":[],"class_list":{"0":"post-360869","1":"product","2":"type-product","3":"status-publish","4":"has-post-thumbnail","6":"pwb-brand-boker","7":"product_cat-zaviraci-noze","8":"product_cat-noze","10":"first","11":"instock","12":"taxable","13":"shipping-taxable","14":"purchasable","15":"product-type-simple"},"brands":[{"id":140,"name":"Boker","slug":"boker"}],"_links":{"self":[{"href":"https:\/\/www.moskito.cz\/it\/wp-json\/wp\/v2\/product\/360869","targetHints":{"allow":["GET"]}}],"collection":[{"href":"https:\/\/www.moskito.cz\/it\/wp-json\/wp\/v2\/product"}],"about":[{"href":"https:\/\/www.moskito.cz\/it\/wp-json\/wp\/v2\/types\/product"}],"replies":[{"embeddable":true,"href":"https:\/\/www.moskito.cz\/it\/wp-json\/wp\/v2\/comments?post=360869"}],"wp:featuredmedia":[{"embeddable":true,"href":"https:\/\/www.moskito.cz\/it\/wp-json\/wp\/v2\/media\/361964"}],"wp:attachment":[{"href":"https:\/\/www.moskito.cz\/it\/wp-json\/wp\/v2\/media?parent=360869"}],"wp:term":[{"taxonomy":"pwb-brand","embeddable":true,"href":"https:\/\/www.moskito.cz\/it\/wp-json\/wp\/v2\/pwb-brand?post=360869"},{"taxonomy":"product_brand","embeddable":true,"href":"https:\/\/www.moskito.cz\/it\/wp-json\/wp\/v2\/product_brand?post=360869"},{"taxonomy":"product_cat","embeddable":true,"href":"https:\/\/www.moskito.cz\/it\/wp-json\/wp\/v2\/product_cat?post=360869"},{"taxonomy":"product_tag","embeddable":true,"href":"https:\/\/www.moskito.cz\/it\/wp-json\/wp\/v2\/product_tag?post=360869"}],"curies":[{"name":"wp","href":"https:\/\/api.w.org\/{rel}","templated":true}]}}