{"id":360875,"date":"2024-09-26T12:59:22","date_gmt":"2024-09-26T11:59:22","guid":{"rendered":"https:\/\/www.moskito.cz\/produkt\/nuz-boker-atlas-black-stonewash-copper\/"},"modified":"2025-05-07T11:24:57","modified_gmt":"2025-05-07T10:24:57","slug":"nuz-boker-atlas-black-stonewash-copper","status":"publish","type":"product","link":"https:\/\/www.moskito.cz\/it\/produkt\/nuz-boker-atlas-black-stonewash-copper\/","title":{"rendered":"Zav\u00edrac\u00ed N\u016f\u017e B\u00d6KER Atlas Black Stonewash Copper 01BO859"},"content":{"rendered":"<p>Zav\u00edrac\u00ed N\u016f\u017e <strong>B\u00d6KER Atla<\/strong>s Black Stonewash Copper 01BO859.<\/p>\n<p><strong>B\u00f6ker Plus Atlas<\/strong> je spolehliv\u00fd slipjoint kapesn\u00ed n\u016f\u017e a v t\u00e9to speci\u00e1ln\u00ed verzi m\u00e1 zcela \u010dern\u00fd dekor na \u010depeli, nerezovou rukoje\u0165 a klip (tip-up\/r), pokryt\u00fd intenzivn\u00edm blackwash \u00fapravou. Mosazn\u00e9 n\u00fdty a n\u00e1padn\u00fd \u0161roub osy \u010depele poskytuj\u00ed jemn\u00e9, kontrastn\u00ed akcenty. Minimalistick\u00e1 konstrukce je extr\u00e9mn\u011b robustn\u00ed a d\u011bl\u00e1 z praktick\u00e9ho no\u017ee perfektn\u00edho spole\u010dn\u00edka pro v\u0161echny situace. \u010cepel drop point z 12C27 se otev\u00edr\u00e1 klasick\u00fdm zp\u016fsobem se\u0159\u00edznut\u00edm h\u0159eb\u00edku, nezamyk\u00e1 se a hrav\u011b zvl\u00e1dne v\u0161echny ka\u017edodenn\u00ed st\u0159\u00edhac\u00ed \u00fakony.<\/p>\n<p>Zna\u010dka: Boker Plus<br \/>\nCelkov\u00e1 d\u00e9lka: 16,60 cm<br \/>\nD\u00e9lka \u010depele: 7,20 cm<br \/>\nTlou\u0161\u0165ka \u010depele: 2,50 mm<br \/>\nHmotnost: 50,00 g<br \/>\nMateri\u00e1l \u010depele: 12C27<br \/>\nMateri\u00e1l rukojeti: Ocel<br \/>\nPom\u016fcka pro otev\u00edr\u00e1n\u00ed: St\u0159\u00edh\u00e1n\u00ed neht\u016f<br \/>\nOtev\u00edrac\u00ed: Ru\u010dn\u011b<br \/>\nUzav\u0159en\u00ed: Kluzn\u00fd kloub<br \/>\n\u010c\u00edslo polo\u017eky: 01BO859<\/p>\n<p>&nbsp;<\/p>\n<p>&nbsp;<\/p>\n","protected":false},"excerpt":{"rendered":"<p><strong>B\u00f6ker Plus Atlas je spolehliv\u00fd slipjoint kapesn\u00ed n\u016f\u017e a v t\u00e9to speci\u00e1ln\u00ed verzi m\u00e1 zcela \u010dern\u00fd dekor na \u010depeli, nerezovou rukoje\u0165 a klip (tip-up\/r), pokryt\u00fd intenzivn\u00edm blackwash \u00fapravou.<\/strong><\/p>\n","protected":false},"featured_media":367189,"comment_status":"closed","ping_status":"closed","template":"","meta":[],"pwb-brand":[140],"product_brand":[],"product_cat":[22,17],"product_tag":[],"class_list":{"0":"post-360875","1":"product","2":"type-product","3":"status-publish","4":"has-post-thumbnail","6":"pwb-brand-boker","7":"product_cat-zaviraci-noze","8":"product_cat-noze","10":"first","11":"outofstock","12":"taxable","13":"shipping-taxable","14":"purchasable","15":"product-type-simple"},"brands":[{"id":140,"name":"Boker","slug":"boker"}],"_links":{"self":[{"href":"https:\/\/www.moskito.cz\/it\/wp-json\/wp\/v2\/product\/360875","targetHints":{"allow":["GET"]}}],"collection":[{"href":"https:\/\/www.moskito.cz\/it\/wp-json\/wp\/v2\/product"}],"about":[{"href":"https:\/\/www.moskito.cz\/it\/wp-json\/wp\/v2\/types\/product"}],"replies":[{"embeddable":true,"href":"https:\/\/www.moskito.cz\/it\/wp-json\/wp\/v2\/comments?post=360875"}],"wp:featuredmedia":[{"embeddable":true,"href":"https:\/\/www.moskito.cz\/it\/wp-json\/wp\/v2\/media\/367189"}],"wp:attachment":[{"href":"https:\/\/www.moskito.cz\/it\/wp-json\/wp\/v2\/media?parent=360875"}],"wp:term":[{"taxonomy":"pwb-brand","embeddable":true,"href":"https:\/\/www.moskito.cz\/it\/wp-json\/wp\/v2\/pwb-brand?post=360875"},{"taxonomy":"product_brand","embeddable":true,"href":"https:\/\/www.moskito.cz\/it\/wp-json\/wp\/v2\/product_brand?post=360875"},{"taxonomy":"product_cat","embeddable":true,"href":"https:\/\/www.moskito.cz\/it\/wp-json\/wp\/v2\/product_cat?post=360875"},{"taxonomy":"product_tag","embeddable":true,"href":"https:\/\/www.moskito.cz\/it\/wp-json\/wp\/v2\/product_tag?post=360875"}],"curies":[{"name":"wp","href":"https:\/\/api.w.org\/{rel}","templated":true}]}}