{"id":360897,"date":"2024-09-26T12:59:40","date_gmt":"2024-09-26T11:59:40","guid":{"rendered":"https:\/\/www.moskito.cz\/produkt\/nuz-boker-plus-m-one-damast\/"},"modified":"2025-05-07T11:24:58","modified_gmt":"2025-05-07T10:24:58","slug":"nuz-boker-plus-m-one-damast","status":"publish","type":"product","link":"https:\/\/www.moskito.cz\/it\/produkt\/nuz-boker-plus-m-one-damast\/","title":{"rendered":"N\u016f\u017e B\u00f6ker Plus M-One Damast"},"content":{"rendered":"<ul>\n<li>celkov\u00e1 d\u00e9lka: 19,5 cm<\/li>\n<li>d\u00e9lka \u010depele: 9,0 cm<\/li>\n<li>hmotnost: 152 g<\/li>\n<li>tlou\u0161\u0165ka \u010depele: 4,1 mm<\/li>\n<li>materi\u00e1l \u010depele: dama\u0161kov\u00e1 ocel<\/li>\n<li>materi\u00e1l rukojeti: ebenov\u00e9 d\u0159evo<\/li>\n<li>s kvalitn\u00edm ko\u017een\u00fdm pouzdrem<\/li>\n<\/ul>\n","protected":false},"excerpt":{"rendered":"<p>Tvorba d\u011bjin za\u010d\u00edn\u00e1 viz\u00ed, kter\u00e1 je schopna pohnout minulost\u00ed a utv\u00e1\u0159et budoucnost. Bohat\u00e9 d\u011bjiny pln\u00e9 fascinace kvalitou, dokonalost\u00ed a oddanost\u00ed spojuj\u00ed ob\u011b tradi\u010dn\u00ed n\u011bmeck\u00e9 spole\u010dnosti B\u00f6ker a Mauser stejn\u00fdm zp\u016fsobem. V\u00fdrobce zn\u00e1m\u00fd sv\u00fdmi historick\u00fdmi vojensk\u00fdmi zbran\u011bmi, jako je model 98, se ji\u017e n\u011bjakou dobu v\u011bnuje v\u00fdhradn\u011b loveck\u00fdm zbran\u00edm a odpov\u00eddaj\u00edc\u00edmu outdoorov\u00e9mu p\u0159\u00edslu\u0161enstv\u00ed. V r\u00e1mci spole\u010dn\u00e9ho projektu byl p\u0159ed v\u00edce ne\u017e 25 lety vyvinut klasick\u00fd loveck\u00fd n\u016f\u017e M1. B\u00f6ker Plus M-One Damascus tuto my\u0161lenku o\u017eivuje a siluetu no\u017ee s pevnou \u010depel\u00ed ch\u00e1pe jako modern\u00ed poctu zv\u00fd\u0161en\u00fdm n\u00e1rok\u016fm lovc\u016f a sb\u011bratel\u016f, kte\u0159\u00ed si zakl\u00e1daj\u00ed na kvalit\u011b. \u010cepel typu drop-point z 67vrstv\u00e9ho dama\u0161ku kombinuje u\u0161lechtil\u00fd vzhled s nekompromisn\u00ed funk\u010dnost\u00ed. Pot\u0159ebnou stabilitu zaji\u0161\u0165uje masivn\u00ed hrot a ergonomicky tvarovan\u00e1 rukoje\u0165 z n\u00e1dhern\u00e9ho, pevn\u00e9ho, zemit\u00e9ho ebenu. Velk\u00e9 bolstery kop\u00edruj\u00ed dama\u0161kov\u00fd design \u010depele a dod\u00e1vaj\u00ed no\u017ei s pevnou \u010depel\u00ed intenzivn\u00ed n\u00e1dech. V rukojeti je zakomponov\u00e1n dut\u00fd mosazn\u00fd \u010dep pro p\u0159ipevn\u011bn\u00ed \u0161\u0148\u016fry, kter\u00fd klasick\u00fdm zp\u016fsobem zv\u00fdraz\u0148uje dama\u0161ek M-One. N\u016f\u017e je dod\u00e1v\u00e1n s kvalitn\u00edm ko\u017een\u00fdm pouzdrem.<\/p>\n","protected":false},"featured_media":360898,"comment_status":"closed","ping_status":"closed","template":"","meta":[],"pwb-brand":[140],"product_brand":[],"product_cat":[25,17],"product_tag":[],"class_list":{"0":"post-360897","1":"product","2":"type-product","3":"status-publish","4":"has-post-thumbnail","6":"pwb-brand-boker","7":"product_cat-damascenske-noze","8":"product_cat-noze","10":"first","11":"outofstock","12":"taxable","13":"shipping-taxable","14":"purchasable","15":"product-type-simple"},"brands":[{"id":140,"name":"Boker","slug":"boker"}],"_links":{"self":[{"href":"https:\/\/www.moskito.cz\/it\/wp-json\/wp\/v2\/product\/360897","targetHints":{"allow":["GET"]}}],"collection":[{"href":"https:\/\/www.moskito.cz\/it\/wp-json\/wp\/v2\/product"}],"about":[{"href":"https:\/\/www.moskito.cz\/it\/wp-json\/wp\/v2\/types\/product"}],"replies":[{"embeddable":true,"href":"https:\/\/www.moskito.cz\/it\/wp-json\/wp\/v2\/comments?post=360897"}],"wp:featuredmedia":[{"embeddable":true,"href":"https:\/\/www.moskito.cz\/it\/wp-json\/wp\/v2\/media\/360898"}],"wp:attachment":[{"href":"https:\/\/www.moskito.cz\/it\/wp-json\/wp\/v2\/media?parent=360897"}],"wp:term":[{"taxonomy":"pwb-brand","embeddable":true,"href":"https:\/\/www.moskito.cz\/it\/wp-json\/wp\/v2\/pwb-brand?post=360897"},{"taxonomy":"product_brand","embeddable":true,"href":"https:\/\/www.moskito.cz\/it\/wp-json\/wp\/v2\/product_brand?post=360897"},{"taxonomy":"product_cat","embeddable":true,"href":"https:\/\/www.moskito.cz\/it\/wp-json\/wp\/v2\/product_cat?post=360897"},{"taxonomy":"product_tag","embeddable":true,"href":"https:\/\/www.moskito.cz\/it\/wp-json\/wp\/v2\/product_tag?post=360897"}],"curies":[{"name":"wp","href":"https:\/\/api.w.org\/{rel}","templated":true}]}}