{"id":360915,"date":"2024-09-26T12:59:40","date_gmt":"2024-09-26T11:59:40","guid":{"rendered":"https:\/\/www.moskito.cz\/produkt\/kapesni-nuz-boker-plus-me-109-damast\/"},"modified":"2026-03-16T15:53:20","modified_gmt":"2026-03-16T14:53:20","slug":"kapesni-nuz-boker-plus-me-109-damast","status":"publish","type":"product","link":"https:\/\/www.moskito.cz\/it\/produkt\/kapesni-nuz-boker-plus-me-109-damast\/","title":{"rendered":"Kapesn\u00ed n\u016f\u017e B\u00f6ker Plus ME 109 Damast"},"content":{"rendered":"<div class=\"tab-description__content\">\n<div class=\"detail-description\">\n<div class=\"detail-description__text toggle_text\">\n<p>Messerschmitt Bf 109 se vyr\u00e1b\u011bl od roku 1935 as produkc\u00ed kolem 33 000 letadel je nejroz\u0161\u00ed\u0159en\u011bj\u0161\u00edm st\u00edhac\u00edm letadlem v historii letectva. Jeliko\u017e v\u0161ak v\u0161echny typy letadel pozd\u011bji vyvinut\u00e9 spole\u010dnost\u00ed Messerschmitt dostaly modelovou zkratku ME, n\u00e1zev ME 109 zdom\u00e1cn\u011bl iv pov\u011bdom\u00ed ve\u0159ejnosti pro Bf 109.<\/p>\n<p>Ocel, kterou se poda\u0159ilo z\u00edskat pro projekt Dama\u0161ek, poch\u00e1zela z Messerschmittu Bf 109 s\u00e9rie E, kter\u00fd byl sest\u0159elen v roce 1940 b\u011bhem bitvy o Brit\u00e1nii. Vykovan\u00e1 Chadem Nicholsem do 80vrstv\u00e9ho Dama\u0161ku s vysok\u00fdm obsahem uhl\u00edku. \u010cepel se otev\u00edr\u00e1 flipperem a v otev\u0159en\u00e9 pozici ji dr\u017e\u00ed pojistka Framelock. Rukoje\u0165 je vyrobena z titanu a materi\u00e1lu FAT carbon v barevn\u00e9 kombinaci Toxic Storm. Barevn\u00e9 proveden\u00ed vych\u00e1z\u00ed z charakteristick\u00e9ho kamufl\u00e1\u017en\u00edho n\u00e1t\u011bru Bf 109 se zeleno\u0161edou podsadou a \u017elutou p\u0159edn\u00ed \u010d\u00e1st\u00ed trupu. N\u00e1dhern\u011b navr\u017een\u00e1 a propracovan\u00e1 spona umo\u017e\u0148uje nosit Boker Plus ME 109 v kapse.<\/p>\n<p>N\u016f\u017e je dod\u00e1v\u00e1n s kvalitn\u00edm pouzdrem pro uskladn\u011bn\u00ed a certifik\u00e1tem pravosti.<\/p>\n<\/div>\n<\/div>\n<\/div>\n<div class=\"tab-description__properties\">\n<ul class=\"detail-properties\">\n<li class=\"detail-properties__item\">\n<div class=\"detail-properties__key\">Materi\u00e1l \u010depele:<\/div>\n<div class=\"detail-properties__value\">Dama\u0161kov\u00e1 ocel <i class=\"ico ico-question js-tippy-white\" data-tippy=\"\" data-original-title=\"Dama\u0161kov\u00e1 ocel je zn\u00e1m\u00e1 pro svou charakteristickou kresbu, d\u00edky jej\u00ed pravideln\u00e9 vrstven\u00e9 struktu\u0159e. No\u017ee, me\u010de a jin\u00e9 chladn\u00e9 zbran\u011b \u010di n\u00e1stroje vyroben\u00e9 z dama\u0161ku maj\u00ed tvrd\u00e9 ost\u0159\u00ed a jsou velmi hou\u017eevnat\u00e9. Nev\u00fdhodou v\u0161ak je, \u017ee tento materi\u00e1l vy\u017eaduje \u010dastou \u00fadr\u017ebu tak\u00e9 kv\u016fli \u010dasto vy\u0161\u0161\u00ed n\u00e1chylnosti ke korozi.\"><\/i><\/div>\n<\/li>\n<li class=\"detail-properties__item\">\n<div class=\"detail-properties__key\">Materi\u00e1l rukojeti:<\/div>\n<div class=\"detail-properties__value\">Titan, FAT carbon<\/div>\n<\/li>\n<li class=\"detail-properties__item\">\n<div class=\"detail-properties__key\">Pojistka:<\/div>\n<div class=\"detail-properties__value\">Framelock<\/div>\n<\/li>\n<li class=\"detail-properties__item\">\n<div class=\"detail-properties__key\">D\u00e9lka \u010depele:<\/div>\n<div class=\"detail-properties__value\">8 cm<\/div>\n<\/li>\n<li class=\"detail-properties__item\">\n<div class=\"detail-properties__key\">Celkov\u00e1 d\u00e9lka:<\/div>\n<div class=\"detail-properties__value\">18 cm<\/div>\n<\/li>\n<li class=\"detail-properties__item\">\n<div class=\"detail-properties__key\">Tlou\u0161\u0165ka \u010depele:<\/div>\n<div class=\"detail-properties__value\">3.5 mm<\/div>\n<\/li>\n<li class=\"detail-properties__item\">\n<div class=\"detail-properties__key\">Hmotnost:<\/div>\n<div class=\"detail-properties__value\">66 g<\/div>\n<\/li>\n<li class=\"detail-properties__item\">\n<div class=\"detail-properties__key\">Vyu\u017eit\u00ed:<\/div>\n<div class=\"detail-properties__value\">Sb\u011bratelsk\u00fd, EDC &#8211; ka\u017edodenn\u00ed no\u0161en\u00ed, Gentleman\u016fv n\u016f\u017e<\/div>\n<\/li>\n<\/ul>\n<\/div>\n","protected":false},"excerpt":{"rendered":"<p><strong>Ocel, kterou se poda\u0159ilo z\u00edskat pro projekt Dama\u0161ek, poch\u00e1z\u00ed z Messerschmittu Bf 109 \u0159ady E, kter\u00fd byl sest\u0159elen letounem Supermarine Spitfire Kr\u00e1lovsk\u00e9ho letectva v roce 1940 b\u011bhem bitvy o Brit\u00e1nii pobl\u00ed\u017e vesnice Ashford v britsk\u00e9m hrabstv\u00ed Kent.\u00a0<\/strong><\/p>\n<p><strong>Doprava zdarma.<\/strong><\/p>\n","protected":false},"featured_media":360916,"comment_status":"closed","ping_status":"closed","template":"","meta":[],"pwb-brand":[140],"product_brand":[],"product_cat":[25,17],"product_tag":[],"class_list":{"0":"post-360915","1":"product","2":"type-product","3":"status-publish","4":"has-post-thumbnail","6":"pwb-brand-boker","7":"product_cat-damascenske-noze","8":"product_cat-noze","10":"first","11":"outofstock","12":"taxable","13":"shipping-taxable","14":"purchasable","15":"product-type-simple"},"brands":[{"id":140,"name":"Boker","slug":"boker"}],"_links":{"self":[{"href":"https:\/\/www.moskito.cz\/it\/wp-json\/wp\/v2\/product\/360915","targetHints":{"allow":["GET"]}}],"collection":[{"href":"https:\/\/www.moskito.cz\/it\/wp-json\/wp\/v2\/product"}],"about":[{"href":"https:\/\/www.moskito.cz\/it\/wp-json\/wp\/v2\/types\/product"}],"replies":[{"embeddable":true,"href":"https:\/\/www.moskito.cz\/it\/wp-json\/wp\/v2\/comments?post=360915"}],"wp:featuredmedia":[{"embeddable":true,"href":"https:\/\/www.moskito.cz\/it\/wp-json\/wp\/v2\/media\/360916"}],"wp:attachment":[{"href":"https:\/\/www.moskito.cz\/it\/wp-json\/wp\/v2\/media?parent=360915"}],"wp:term":[{"taxonomy":"pwb-brand","embeddable":true,"href":"https:\/\/www.moskito.cz\/it\/wp-json\/wp\/v2\/pwb-brand?post=360915"},{"taxonomy":"product_brand","embeddable":true,"href":"https:\/\/www.moskito.cz\/it\/wp-json\/wp\/v2\/product_brand?post=360915"},{"taxonomy":"product_cat","embeddable":true,"href":"https:\/\/www.moskito.cz\/it\/wp-json\/wp\/v2\/product_cat?post=360915"},{"taxonomy":"product_tag","embeddable":true,"href":"https:\/\/www.moskito.cz\/it\/wp-json\/wp\/v2\/product_tag?post=360915"}],"curies":[{"name":"wp","href":"https:\/\/api.w.org\/{rel}","templated":true}]}}