{"id":360922,"date":"2024-09-26T12:59:40","date_gmt":"2024-09-26T11:59:40","guid":{"rendered":"https:\/\/www.moskito.cz\/produkt\/nuz-cigar-cutter\/"},"modified":"2025-05-07T11:24:59","modified_gmt":"2025-05-07T10:24:59","slug":"nuz-cigar-cutter","status":"publish","type":"product","link":"https:\/\/www.moskito.cz\/it\/produkt\/nuz-cigar-cutter\/","title":{"rendered":"Zav\u00edrac\u00ed N\u016f\u017e B\u00f6ker Plus Cigar Cutter 01BO513"},"content":{"rendered":"<p>Zav\u00edrac\u00ed N\u016f\u017e <strong>B\u00f6ker Plu<\/strong>s Cigar Cutter 01BO513.<\/p>\n<p>Znalci v\u017edy ocen\u00ed dobr\u00fd doutn\u00edk p\u0159i zvl\u00e1\u0161tn\u00edch p\u0159\u00edle\u017eitostech. Pro \u00fasp\u011b\u0161n\u00fd z\u00e1\u017eitek z kou\u0159en\u00ed je z\u00e1kladn\u00edm po\u017eadavkem a z\u00e1rove\u0148 slavnostn\u00edm aktem spr\u00e1vn\u00e9 u\u0159\u00edznut\u00ed hlavy doutn\u00edku. Klasick\u00e9mu o\u0159ez\u00e1va\u010di doutn\u00edk\u016f se v\u0161ak B\u00f6ker Plus Cigar Cutter jen unaven\u011b sm\u011bje. Extr\u00e9mn\u011b kompaktn\u00ed kapesn\u00ed n\u016f\u017e s \u010depel\u00ed z 440C m\u00e1 \u00fadern\u00fd otvor v titanov\u00e9 rukojeti, kter\u00fd umo\u017e\u0148uje \u0159ezat doutn\u00edky p\u0159i zav\u0159en\u00e9m no\u017ei.<\/p>\n<p>Stisknut\u00edm tla\u010d\u00edtka na p\u0159edn\u00ed stran\u011b \u010depel vysko\u010d\u00ed z rukojeti o 45\u00b0, \u010d\u00edm\u017e se obna\u017e\u00ed otvor pro vlo\u017een\u00ed doutn\u00edku. Pokud v\u0161ak sou\u010dasn\u011b stisknete tla\u010d\u00edtko na zadn\u00ed stran\u011b, \u010depel se zcela otev\u0159e jako mal\u00fd automatick\u00fd n\u016f\u017e. Kr\u00e1tk\u00e1 \u010depel s jednostrann\u00fdm brou\u0161en\u00edm je vhodn\u00e1 pro men\u0161\u00ed ka\u017edodenn\u00ed \u00fakoly.<\/p>\n<p>Kou\u0159ov\u00e1 povrchov\u00e1 \u00faprava Stonewash harmonicky zavr\u0161uje p\u0159\u00edmo\u010dar\u00fd design o\u0159ez\u00e1va\u010de doutn\u00edk\u016f B\u00f6ker Plus.<\/p>\n<p>Zna\u010dka: Boker Plus<br \/>\nCelkov\u00e1 d\u00e9lka: 9,92 cm<br \/>\nD\u00e9lka \u010depele: 3,42 cm<br \/>\nTlou\u0161\u0165ka \u010depele: 2,70 mm<br \/>\nHmotnost: 70,00 g<br \/>\nMateri\u00e1l \u010depele: 440C<br \/>\nMateri\u00e1l rukojeti: titan<br \/>\nPom\u016fcka pro otev\u00edr\u00e1n\u00ed: Stiskn\u011bte tla\u010d\u00edtko<br \/>\nOtev\u00edrac\u00ed: Automatick\u00fd<br \/>\nUzav\u0159en\u00ed: Z\u00e1mek tla\u010d\u00edtka<br \/>\nBarva \u010depele: Nepota\u017een\u00e9<br \/>\n\u010c\u00edslo polo\u017eky: 01BO513<\/p>\n<p>&nbsp;<\/p>\n<p>&nbsp;<\/p>\n","protected":false},"excerpt":{"rendered":"<p><strong>Znalci v\u017edy ocen\u00ed dobr\u00fd doutn\u00edk p\u0159i zvl\u00e1\u0161tn\u00edch p\u0159\u00edle\u017eitostech. Pro \u00fasp\u011b\u0161n\u00fd z\u00e1\u017eitek z kou\u0159en\u00ed je z\u00e1kladn\u00edm po\u017eadavkem a z\u00e1rove\u0148 slavnostn\u00edm aktem spr\u00e1vn\u00e9 u\u0159\u00edznut\u00ed hlavy doutn\u00edku.<\/strong><\/p>\n","protected":false},"featured_media":364824,"comment_status":"closed","ping_status":"closed","template":"","meta":[],"pwb-brand":[140],"product_brand":[],"product_cat":[22,17],"product_tag":[],"class_list":{"0":"post-360922","1":"product","2":"type-product","3":"status-publish","4":"has-post-thumbnail","6":"pwb-brand-boker","7":"product_cat-zaviraci-noze","8":"product_cat-noze","10":"first","11":"instock","12":"taxable","13":"shipping-taxable","14":"purchasable","15":"product-type-simple"},"brands":[{"id":140,"name":"Boker","slug":"boker"}],"_links":{"self":[{"href":"https:\/\/www.moskito.cz\/it\/wp-json\/wp\/v2\/product\/360922","targetHints":{"allow":["GET"]}}],"collection":[{"href":"https:\/\/www.moskito.cz\/it\/wp-json\/wp\/v2\/product"}],"about":[{"href":"https:\/\/www.moskito.cz\/it\/wp-json\/wp\/v2\/types\/product"}],"replies":[{"embeddable":true,"href":"https:\/\/www.moskito.cz\/it\/wp-json\/wp\/v2\/comments?post=360922"}],"wp:featuredmedia":[{"embeddable":true,"href":"https:\/\/www.moskito.cz\/it\/wp-json\/wp\/v2\/media\/364824"}],"wp:attachment":[{"href":"https:\/\/www.moskito.cz\/it\/wp-json\/wp\/v2\/media?parent=360922"}],"wp:term":[{"taxonomy":"pwb-brand","embeddable":true,"href":"https:\/\/www.moskito.cz\/it\/wp-json\/wp\/v2\/pwb-brand?post=360922"},{"taxonomy":"product_brand","embeddable":true,"href":"https:\/\/www.moskito.cz\/it\/wp-json\/wp\/v2\/product_brand?post=360922"},{"taxonomy":"product_cat","embeddable":true,"href":"https:\/\/www.moskito.cz\/it\/wp-json\/wp\/v2\/product_cat?post=360922"},{"taxonomy":"product_tag","embeddable":true,"href":"https:\/\/www.moskito.cz\/it\/wp-json\/wp\/v2\/product_tag?post=360922"}],"curies":[{"name":"wp","href":"https:\/\/api.w.org\/{rel}","templated":true}]}}