{"id":360967,"date":"2024-09-26T12:59:56","date_gmt":"2024-09-26T11:59:56","guid":{"rendered":"https:\/\/www.moskito.cz\/produkt\/legg\/"},"modified":"2026-01-15T19:30:35","modified_gmt":"2026-01-15T18:30:35","slug":"legg","status":"publish","type":"product","link":"https:\/\/www.moskito.cz\/it\/produkt\/legg\/","title":{"rendered":"Zav\u00edrac\u00ed N\u016f\u017e B\u00f6ker Plus L&#8217;Egg 01BO198"},"content":{"rendered":"<p>Zav\u00edrac\u00ed N\u016f\u017e <strong>B\u00f6ker Plus<\/strong> L&#8217;Egg 01BO198.<\/p>\n<p>N\u00e1vrh\u00e1\u0159 no\u017e\u016f John Kubasek z Massachusetts, zn\u00e1m\u00fd sv\u00fdmi n\u00e1padit\u00fdmi vzory, odpov\u00edd\u00e1 na ot\u00e1zku ku\u0159ete a vejce mimo\u0159\u00e1dn\u00fdm a inovativn\u00edm B\u00f6ker Plus L&#8217;Egg. \u0160ikovn\u00fd n\u016f\u017e na krk vd\u011b\u010d\u00ed za sv\u016fj n\u00e1zev vej\u010dit\u00e9 konstrukci rukojeti \u0161upin z texturovan\u00e9ho G10, kter\u00e1 v zav\u0159en\u00e9m stavu zcela obep\u00edn\u00e1 sat\u00e9nov\u011b upravenou \u010depel clip point z D2 jako ochrann\u00e1 sko\u0159\u00e1pka vejce. Sofistikovan\u00fd mechanismus proti sob\u011b pohybuj\u00edc\u00edch se nohou rukojeti je bezpe\u010dn\u011b zaji\u0161t\u011bn magnetem. Lehk\u00fd n\u016f\u017e je dod\u00e1v\u00e1n s praktick\u00fdm kuli\u010dkov\u00fdm \u0159et\u00edzkem.<\/p>\n<p>Zna\u010dka: Boker Plus<br \/>\nCelkov\u00e1 d\u00e9lka: 10,00 cm<br \/>\nD\u00e9lka \u010depele: 3,60 cm<br \/>\nTlou\u0161\u0165ka \u010depele: 2,40 mm<br \/>\nHmotnost: 48,00 g<br \/>\nN\u00e1vrh\u00e1\u0159: Jan Kuba\u0161ek<br \/>\nMateri\u00e1l \u010depele: D2<br \/>\nMateri\u00e1l rukojeti: G10<br \/>\nOtev\u00edrac\u00ed: Ru\u010dn\u011b<br \/>\nUzav\u0159en\u00ed: Skl\u00e1dac\u00ed mechanismus<br \/>\n\u010c\u00edslo polo\u017eky: 01BO198<\/p>\n<p>&nbsp;<\/p>\n<p>&nbsp;<\/p>\n","protected":false},"excerpt":{"rendered":"<p><strong>N\u00e1vrh\u00e1\u0159 no\u017e\u016f John Kubasek z Massachusetts, zn\u00e1m\u00fd sv\u00fdmi n\u00e1padit\u00fdmi vzory, odpov\u00edd\u00e1 na ot\u00e1zku ku\u0159ete a vejce mimo\u0159\u00e1dn\u00fdm a inovativn\u00edm B\u00f6ker Plus L&#8217;Egg.<\/strong><\/p>\n","protected":false},"featured_media":364654,"comment_status":"closed","ping_status":"closed","template":"","meta":[],"pwb-brand":[140],"product_brand":[],"product_cat":[22,17],"product_tag":[],"class_list":{"0":"post-360967","1":"product","2":"type-product","3":"status-publish","4":"has-post-thumbnail","6":"pwb-brand-boker","7":"product_cat-zaviraci-noze","8":"product_cat-noze","10":"first","11":"outofstock","12":"taxable","13":"shipping-taxable","14":"purchasable","15":"product-type-simple"},"brands":[{"id":140,"name":"Boker","slug":"boker"}],"_links":{"self":[{"href":"https:\/\/www.moskito.cz\/it\/wp-json\/wp\/v2\/product\/360967","targetHints":{"allow":["GET"]}}],"collection":[{"href":"https:\/\/www.moskito.cz\/it\/wp-json\/wp\/v2\/product"}],"about":[{"href":"https:\/\/www.moskito.cz\/it\/wp-json\/wp\/v2\/types\/product"}],"replies":[{"embeddable":true,"href":"https:\/\/www.moskito.cz\/it\/wp-json\/wp\/v2\/comments?post=360967"}],"wp:featuredmedia":[{"embeddable":true,"href":"https:\/\/www.moskito.cz\/it\/wp-json\/wp\/v2\/media\/364654"}],"wp:attachment":[{"href":"https:\/\/www.moskito.cz\/it\/wp-json\/wp\/v2\/media?parent=360967"}],"wp:term":[{"taxonomy":"pwb-brand","embeddable":true,"href":"https:\/\/www.moskito.cz\/it\/wp-json\/wp\/v2\/pwb-brand?post=360967"},{"taxonomy":"product_brand","embeddable":true,"href":"https:\/\/www.moskito.cz\/it\/wp-json\/wp\/v2\/product_brand?post=360967"},{"taxonomy":"product_cat","embeddable":true,"href":"https:\/\/www.moskito.cz\/it\/wp-json\/wp\/v2\/product_cat?post=360967"},{"taxonomy":"product_tag","embeddable":true,"href":"https:\/\/www.moskito.cz\/it\/wp-json\/wp\/v2\/product_tag?post=360967"}],"curies":[{"name":"wp","href":"https:\/\/api.w.org\/{rel}","templated":true}]}}