{"id":360986,"date":"2024-09-26T13:00:13","date_gmt":"2024-09-26T12:00:13","guid":{"rendered":"https:\/\/www.moskito.cz\/produkt\/urban-texas-tooth-pick-cocobolo\/"},"modified":"2025-05-07T11:25:05","modified_gmt":"2025-05-07T10:25:05","slug":"urban-texas-tooth-pick-cocobolo","status":"publish","type":"product","link":"https:\/\/www.moskito.cz\/it\/produkt\/urban-texas-tooth-pick-cocobolo\/","title":{"rendered":"Zav\u00edrac\u00ed N\u016f\u017e B\u00f6ker Plus Urban Texas Tooth Pick Cocobolo"},"content":{"rendered":"<p>Zav\u00edrac\u00ed N\u016f\u017e <strong>B\u00f6ker<\/strong> Plus Urban Texas Tooth Pick Cocobolo.<\/p>\n<p>Nekone\u010dn\u00e9 rozlohy pr\u00e9rie, tesa\u0159\u00edk a hlasit\u00e9 &#8220;yee-haw&#8221;. Navzdory sv\u00e9 pohnut\u00e9 historii p\u0159edstavuje americk\u00fd st\u00e1t Texas dnes oslavovanou z\u00e1padn\u00ed idylu. V 19. stolet\u00ed byl n\u016f\u017e Texas Tooth Pick roz\u0161\u00ed\u0159en\u00fd zejm\u00e9na mezi farm\u00e1\u0159i a odv\u00e1\u017en\u00fdmi voj\u00e1ky \u0161t\u011bst\u00ed. Dal\u0161\u00ed v\u00fdvoj no\u017e\u016f Navaja, kter\u00e9 p\u0159inesli \u0161pan\u011bl\u0161t\u00ed osadn\u00edci, verze Texas m\u00e1 n\u00e1padn\u011b dlouhou \u010depel a celkov\u011b \u0161t\u00edhl\u00fd design. Tyto vlastnosti p\u0159edur\u010dily Texas Tooth Pick pro r\u016fzn\u00e9 \u00fakoly. Od zem\u011bd\u011blsk\u00fdch \u00fa\u010del\u016f jako je odeb\u00edr\u00e1n\u00ed vzork\u016f ke zji\u0161t\u011bn\u00ed kvality ovoce a zeleniny, p\u0159es filetov\u00e1n\u00ed ryb a\u017e po adrenalinov\u00e9 souboje odv\u00e1\u017en\u00fdch duelant\u016f, gentlemansk\u00fd n\u016f\u017e pokryl \u0161irok\u00e9 spektrum. Boker re-interpretuje popul\u00e1rn\u00ed design a poskytuje Urban Texas Tooth Pick s obvykl\u00fdm inovativn\u00edm v\u00fdkonem. Flipper otev\u00edr\u00e1 \u010depel VG-10 s kuli\u010dkov\u00fdm lo\u017eiskem s vlasovou \u00fapravou hedv\u00e1bn\u011b hladk\u00fdm zp\u016fsobem a d\u00e1v\u00e1 ka\u017edodenn\u00edm \u0159ezac\u00edm \u00fakol\u016fm pat\u0159i\u010dn\u00fd impuls. P\u00e1nsk\u00fd n\u016f\u017e je oproti sv\u00e9mu historick\u00e9mu p\u0159edch\u016fdci spolehliv\u011b aretov\u00e1n linerlockem a v\u00fdrazn\u011b tak zvy\u0161uje bezpe\u010dnost pr\u00e1ce. Zak\u0159iven\u00e1 rukoje\u0165 stupnice je vyrobena z u\u0161lechtil\u00e9ho d\u0159eva Cocobolo a zaji\u0161\u0165uje perfektn\u00ed \u00fachop a klasick\u00fd vzhled. Skl\u00e1p\u011bc\u00ed spona (r) m\u00e1 povrchovou \u00fapravu Stonewash a je fr\u00e9zovan\u00e1 z masivn\u00edho d\u0159eva. Dod\u00e1no s n\u00e1dechem divok\u00e9ho z\u00e1padu.<\/p>\n<p>Zna\u010dka: Boker Plus<br \/>\nCelkov\u00e1 d\u00e9lka: 19,10 cm<br \/>\nD\u00e9lka \u010depele: 8,40 cm<br \/>\nTlou\u0161\u0165ka \u010depele: 2,50 mm<br \/>\nHmotnost: 41,00 g<br \/>\nMateri\u00e1l \u010depele: VG-10<br \/>\nMateri\u00e1l rukojeti: D\u0159evo Cocobolo<br \/>\nOtv\u00edr\u00e1k: Ploutev<br \/>\nOtev\u00edrac\u00ed: Manu\u00e1l<br \/>\nTyp z\u00e1mku: Linerlock<br \/>\n\u010c\u00edslo polo\u017eky: 01BO389<\/p>\n<p>&nbsp;<\/p>\n","protected":false},"excerpt":{"rendered":"<p><strong>Nekone\u010dn\u00e9 rozlohy pr\u00e9rie, tesa\u0159\u00edk a hlasit\u00e9 &#8220;yee-haw&#8221;. Navzdory sv\u00e9 pohnut\u00e9 historii p\u0159edstavuje americk\u00fd st\u00e1t Texas dnes oslavovanou z\u00e1padn\u00ed idylu. V 19. stolet\u00ed byl n\u016f\u017e Texas Tooth Pick roz\u0161\u00ed\u0159en\u00fd zejm\u00e9na mezi farm\u00e1\u0159i a odv\u00e1\u017en\u00fdmi voj\u00e1ky \u0161t\u011bst\u00ed.<\/strong><\/p>\n<p>&nbsp;<\/p>\n","protected":false},"featured_media":363861,"comment_status":"closed","ping_status":"closed","template":"","meta":[],"pwb-brand":[140],"product_brand":[],"product_cat":[22,17],"product_tag":[],"class_list":{"0":"post-360986","1":"product","2":"type-product","3":"status-publish","4":"has-post-thumbnail","6":"pwb-brand-boker","7":"product_cat-zaviraci-noze","8":"product_cat-noze","10":"first","11":"instock","12":"taxable","13":"shipping-taxable","14":"purchasable","15":"product-type-simple"},"brands":[{"id":140,"name":"Boker","slug":"boker"}],"_links":{"self":[{"href":"https:\/\/www.moskito.cz\/it\/wp-json\/wp\/v2\/product\/360986","targetHints":{"allow":["GET"]}}],"collection":[{"href":"https:\/\/www.moskito.cz\/it\/wp-json\/wp\/v2\/product"}],"about":[{"href":"https:\/\/www.moskito.cz\/it\/wp-json\/wp\/v2\/types\/product"}],"replies":[{"embeddable":true,"href":"https:\/\/www.moskito.cz\/it\/wp-json\/wp\/v2\/comments?post=360986"}],"wp:featuredmedia":[{"embeddable":true,"href":"https:\/\/www.moskito.cz\/it\/wp-json\/wp\/v2\/media\/363861"}],"wp:attachment":[{"href":"https:\/\/www.moskito.cz\/it\/wp-json\/wp\/v2\/media?parent=360986"}],"wp:term":[{"taxonomy":"pwb-brand","embeddable":true,"href":"https:\/\/www.moskito.cz\/it\/wp-json\/wp\/v2\/pwb-brand?post=360986"},{"taxonomy":"product_brand","embeddable":true,"href":"https:\/\/www.moskito.cz\/it\/wp-json\/wp\/v2\/product_brand?post=360986"},{"taxonomy":"product_cat","embeddable":true,"href":"https:\/\/www.moskito.cz\/it\/wp-json\/wp\/v2\/product_cat?post=360986"},{"taxonomy":"product_tag","embeddable":true,"href":"https:\/\/www.moskito.cz\/it\/wp-json\/wp\/v2\/product_tag?post=360986"}],"curies":[{"name":"wp","href":"https:\/\/api.w.org\/{rel}","templated":true}]}}