{"id":360993,"date":"2024-09-26T13:00:13","date_gmt":"2024-09-26T12:00:13","guid":{"rendered":"https:\/\/www.moskito.cz\/produkt\/canoe\/"},"modified":"2025-05-07T11:25:06","modified_gmt":"2025-05-07T10:25:06","slug":"canoe","status":"publish","type":"product","link":"https:\/\/www.moskito.cz\/it\/produkt\/canoe\/","title":{"rendered":"Zav\u00edrac\u00ed N\u016f\u017e B\u00f6ker Plus Canoe 01BO494"},"content":{"rendered":"<p>Zav\u00edrac\u00ed N\u016f\u017e <strong>B\u00f6ker Plus<\/strong> Canoe 01BO494.<\/p>\n<p>Modern\u00ed a n\u00e1padn\u00e1 interpretace klasick\u00e9ho designu kanoistick\u00e9ho no\u017ee Joe Mangiafica zaujme \u010depel\u00ed s kuli\u010dkov\u00fdm lo\u017eiskem vyrobenou z CPM-S-35VN v povrchov\u00e9 \u00faprav\u011b Stonewash a modrou titanovou rukojet\u00ed. Ozdobn\u00e9 akcenty dod\u00e1vaj\u00ed bronzov\u00e9 prvky, jako je \u0161roub osy \u010depele, palcov\u00fd kol\u00edk a titanov\u00e1 spona (Tip-Up\/r). Zat\u00edmco historick\u00e9 no\u017ee Canoe obvykle nemaj\u00ed z\u00e1mky \u010depele, B\u00f6ker Plus Canoe s titanov\u00fdm r\u00e1mov\u00fdm z\u00e1mkem m\u00e1 modern\u00ed p\u0159\u00edstup v souladu s nekompromisn\u00edm v\u00fdkonem, za kter\u00fdm stoj\u00ed design\u00e9r no\u017e\u016f z USA. Otvor pro \u0161\u0148\u016frku a vysoce kvalitn\u00ed nylonov\u00e9 pouzdro dopl\u0148uj\u00ed vlastnosti.<\/p>\n<p>Zna\u010dka: Boker Plus<br \/>\nCelkov\u00e1 d\u00e9lka: 16,50 cm<br \/>\nD\u00e9lka \u010depele: 6,80 cm<br \/>\nTlou\u0161\u0165ka \u010depele: 3,00 mm<br \/>\nHmotnost: 79,00 g<br \/>\nN\u00e1vrh\u00e1\u0159: Joe Mangiafico<br \/>\nMateri\u00e1l \u010depele: CPM-S-35VN<br \/>\nMateri\u00e1l rukojeti: titan<br \/>\nPom\u016fcka pro otev\u00edr\u00e1n\u00ed: P\u0159ip\u00edn\u00e1\u010dek na palec<br \/>\nOtev\u00edrac\u00ed: Ru\u010dn\u011b<br \/>\nUzav\u0159en\u00ed: Z\u00e1mek r\u00e1mu<br \/>\n\u010c\u00edslo polo\u017eky: 01BO494<\/p>\n<p>&nbsp;<\/p>\n","protected":false},"excerpt":{"rendered":"<p><strong>Modern\u00ed a n\u00e1padn\u00e1 interpretace klasick\u00e9ho designu kanoistick\u00e9ho no\u017ee Joe Mangiafica zaujme \u010depel\u00ed s kuli\u010dkov\u00fdm lo\u017eiskem vyrobenou z CPM-S-35VN v povrchov\u00e9 \u00faprav\u011b Stonewash a modrou titanovou rukojet\u00ed.<\/strong><\/p>\n<p><strong>Doprava zdarma.<\/strong><\/p>\n","protected":false},"featured_media":365695,"comment_status":"closed","ping_status":"closed","template":"","meta":[],"pwb-brand":[140],"product_brand":[],"product_cat":[22,17],"product_tag":[],"class_list":{"0":"post-360993","1":"product","2":"type-product","3":"status-publish","4":"has-post-thumbnail","6":"pwb-brand-boker","7":"product_cat-zaviraci-noze","8":"product_cat-noze","10":"first","11":"instock","12":"taxable","13":"shipping-taxable","14":"purchasable","15":"product-type-simple"},"brands":[{"id":140,"name":"Boker","slug":"boker"}],"_links":{"self":[{"href":"https:\/\/www.moskito.cz\/it\/wp-json\/wp\/v2\/product\/360993","targetHints":{"allow":["GET"]}}],"collection":[{"href":"https:\/\/www.moskito.cz\/it\/wp-json\/wp\/v2\/product"}],"about":[{"href":"https:\/\/www.moskito.cz\/it\/wp-json\/wp\/v2\/types\/product"}],"replies":[{"embeddable":true,"href":"https:\/\/www.moskito.cz\/it\/wp-json\/wp\/v2\/comments?post=360993"}],"wp:featuredmedia":[{"embeddable":true,"href":"https:\/\/www.moskito.cz\/it\/wp-json\/wp\/v2\/media\/365695"}],"wp:attachment":[{"href":"https:\/\/www.moskito.cz\/it\/wp-json\/wp\/v2\/media?parent=360993"}],"wp:term":[{"taxonomy":"pwb-brand","embeddable":true,"href":"https:\/\/www.moskito.cz\/it\/wp-json\/wp\/v2\/pwb-brand?post=360993"},{"taxonomy":"product_brand","embeddable":true,"href":"https:\/\/www.moskito.cz\/it\/wp-json\/wp\/v2\/product_brand?post=360993"},{"taxonomy":"product_cat","embeddable":true,"href":"https:\/\/www.moskito.cz\/it\/wp-json\/wp\/v2\/product_cat?post=360993"},{"taxonomy":"product_tag","embeddable":true,"href":"https:\/\/www.moskito.cz\/it\/wp-json\/wp\/v2\/product_tag?post=360993"}],"curies":[{"name":"wp","href":"https:\/\/api.w.org\/{rel}","templated":true}]}}