{"id":360994,"date":"2024-09-26T13:00:13","date_gmt":"2024-09-26T12:00:13","guid":{"rendered":"https:\/\/www.moskito.cz\/produkt\/rbb-2-0\/"},"modified":"2025-05-07T11:25:06","modified_gmt":"2025-05-07T10:25:06","slug":"rbb-2-0","status":"publish","type":"product","link":"https:\/\/www.moskito.cz\/it\/produkt\/rbb-2-0\/","title":{"rendered":"Zav\u00edrac\u00ed N\u016f\u017e B\u00f6ker Plus RBB 2.0 01BO496"},"content":{"rendered":"<p>Zav\u00edrac\u00ed N\u016f\u017e <strong>B\u00f6ker Plus<\/strong> RBB 2.0 01BO496.<\/p>\n<p>Prvn\u00ed pohled na B\u00f6ker Plus RBB prozrazuje, \u017ee se jedn\u00e1 o profesion\u00e1ln\u00ed taktick\u00fd n\u016f\u017e. Pot\u00e9, co mezin\u00e1rodn\u011b uzn\u00e1van\u00fd odborn\u00edk na boj zbl\u00edzka Jim Wagner ji\u017e n\u011bkolikr\u00e1t tr\u00e9noval policejn\u00ed speci\u00e1ln\u00ed opera\u010dn\u00ed t\u00fdmy v N\u011bmecku, B\u00f6ker s n\u00edm spolupracoval na v\u00fdvoji taktick\u00e9ho kapesn\u00edho no\u017ee pro pou\u017eit\u00ed u policie, arm\u00e1dy a bezpe\u010dnostn\u00edch slo\u017eek. V\u00fdsledkem je \u010depel Jim Wagner Reality-Based Blade.<\/p>\n<p>Ve verzi 2.0 taktick\u00fd n\u016f\u017e v podstat\u011b p\u0159eb\u00edr\u00e1 taktick\u00e9 vlastnosti p\u016fvodn\u00edho modelu a p\u0159ich\u00e1z\u00ed se vzru\u0161uj\u00edc\u00edmi detaily: \u010depel clip point s ricasso, ergonomick\u00e9 dr\u00e1\u017eky pro prsty s protiskluzovou strukturou na rukojeti Zytel, nestrukturovan\u00e1 dr\u00e1\u017eka pro usnad\u0148uj\u00ed nalezen\u00ed a zvednut\u00ed no\u017ee odn\u00edmateln\u00e9 palcov\u00e9 kol\u00edky a konvertibiln\u00ed skl\u00e1p\u011bc\u00ed spona. Zcela \u010dern\u00fd n\u016f\u017e nav\u00edc zaujme ochranou ruky a otvorem pro lano pro zaji\u0161t\u011bn\u00ed no\u017ee p\u0159i pou\u017e\u00edv\u00e1n\u00ed. \u010cepel D2 zaji\u0161\u0165uje po\u017eadovanou retenci ost\u0159\u00ed a odolnost proti korozi a m\u00e1 pot\u0159ebnou podlo\u017eku d\u00edky pevn\u00e9mu zadn\u00edmu z\u00e1mku. N\u016f\u017e nese pouze jm\u00e9no design\u00e9ra Jima Wagnera, ale tak\u00e9 znamen\u00e1 jeho velmi \u00fasp\u011b\u0161n\u00fd syst\u00e9m bojov\u00fdch um\u011bn\u00ed: Osobn\u00ed ochrana zalo\u017een\u00e1 na realit\u011b. Syst\u00e9m Jima Wagnera ji\u017e nau\u010dila americk\u00e1 FBI, izraelsk\u00e9 speci\u00e1ln\u00ed jednotky, n\u011bmeck\u00e1 feder\u00e1ln\u00ed policie a kanadsk\u00e1 kr\u00e1lovsk\u00e1 j\u00edzdn\u00ed policie. V\u00fd\u010det by mohl klidn\u011b pokra\u010dovat. Koncentrovan\u00e9 praktick\u00e9 zku\u0161enosti Jima Wagnera byly za\u010dlen\u011bny do tohoto designu no\u017ee. Dod\u00e1v\u00e1no s vysoce kvalitn\u00edm nylonov\u00fdm pouzdrem.<\/p>\n<p>Zna\u010dka: Boker Plus<br \/>\nCelkov\u00e1 d\u00e9lka: 23,00 cm<br \/>\nD\u00e9lka \u010depele: 9,20 cm<br \/>\nTlou\u0161\u0165ka \u010depele: 3,52 mm<br \/>\nHmotnost: 171,00 g<br \/>\nMateri\u00e1l \u010depele: D2<br \/>\nMateri\u00e1l rukojeti: plast<br \/>\nPom\u016fcka pro otev\u00edr\u00e1n\u00ed: Pinball<br \/>\nOtev\u00edrac\u00ed: Ru\u010dn\u011b<br \/>\nUzav\u0159en\u00ed: Backlock<br \/>\nBarva: \u010cern\u00e1<br \/>\nBarva \u010depele: \u010cern\u00fd<br \/>\n\u010c\u00edslo polo\u017eky: 01BO496<\/p>\n","protected":false},"excerpt":{"rendered":"<p><strong>Prvn\u00ed pohled na B\u00f6ker Plus RBB prozrazuje, \u017ee se jedn\u00e1 o profesion\u00e1ln\u00ed taktick\u00fd n\u016f\u017e. Pot\u00e9, co mezin\u00e1rodn\u011b uzn\u00e1van\u00fd odborn\u00edk na boj zbl\u00edzka Jim Wagner ji\u017e n\u011bkolikr\u00e1t tr\u00e9noval policejn\u00ed speci\u00e1ln\u00ed opera\u010dn\u00ed t\u00fdmy v N\u011bmecku, B\u00f6ker s n\u00edm spolupracoval na v\u00fdvoji taktick\u00e9ho kapesn\u00edho no\u017ee pro pou\u017eit\u00ed u policie, arm\u00e1dy a bezpe\u010dnostn\u00edch slo\u017eek. V\u00fdsledkem je \u010depel Jim Wagner Reality-Based Blade.<\/strong><\/p>\n","protected":false},"featured_media":366295,"comment_status":"closed","ping_status":"closed","template":"","meta":[],"pwb-brand":[140],"product_brand":[],"product_cat":[22,17],"product_tag":[],"class_list":{"0":"post-360994","1":"product","2":"type-product","3":"status-publish","4":"has-post-thumbnail","6":"pwb-brand-boker","7":"product_cat-zaviraci-noze","8":"product_cat-noze","10":"first","11":"instock","12":"taxable","13":"shipping-taxable","14":"purchasable","15":"product-type-simple"},"brands":[{"id":140,"name":"Boker","slug":"boker"}],"_links":{"self":[{"href":"https:\/\/www.moskito.cz\/it\/wp-json\/wp\/v2\/product\/360994","targetHints":{"allow":["GET"]}}],"collection":[{"href":"https:\/\/www.moskito.cz\/it\/wp-json\/wp\/v2\/product"}],"about":[{"href":"https:\/\/www.moskito.cz\/it\/wp-json\/wp\/v2\/types\/product"}],"replies":[{"embeddable":true,"href":"https:\/\/www.moskito.cz\/it\/wp-json\/wp\/v2\/comments?post=360994"}],"wp:featuredmedia":[{"embeddable":true,"href":"https:\/\/www.moskito.cz\/it\/wp-json\/wp\/v2\/media\/366295"}],"wp:attachment":[{"href":"https:\/\/www.moskito.cz\/it\/wp-json\/wp\/v2\/media?parent=360994"}],"wp:term":[{"taxonomy":"pwb-brand","embeddable":true,"href":"https:\/\/www.moskito.cz\/it\/wp-json\/wp\/v2\/pwb-brand?post=360994"},{"taxonomy":"product_brand","embeddable":true,"href":"https:\/\/www.moskito.cz\/it\/wp-json\/wp\/v2\/product_brand?post=360994"},{"taxonomy":"product_cat","embeddable":true,"href":"https:\/\/www.moskito.cz\/it\/wp-json\/wp\/v2\/product_cat?post=360994"},{"taxonomy":"product_tag","embeddable":true,"href":"https:\/\/www.moskito.cz\/it\/wp-json\/wp\/v2\/product_tag?post=360994"}],"curies":[{"name":"wp","href":"https:\/\/api.w.org\/{rel}","templated":true}]}}