{"id":360995,"date":"2024-09-26T13:00:13","date_gmt":"2024-09-26T12:00:13","guid":{"rendered":"https:\/\/www.moskito.cz\/produkt\/pocket-bowie\/"},"modified":"2025-05-07T11:25:06","modified_gmt":"2025-05-07T10:25:06","slug":"pocket-bowie","status":"publish","type":"product","link":"https:\/\/www.moskito.cz\/it\/produkt\/pocket-bowie\/","title":{"rendered":"Zav\u00edrac\u00ed N\u016f\u017e B\u00f6ker Plus Pocket Bowie 01BO508"},"content":{"rendered":"<p>Zav\u00edrac\u00ed N\u016f\u017e <strong>B\u00f6ker Plus<\/strong> Pocket Bowie 01BO508.<\/p>\n<p>Bowie no\u017ee se objevily v USA na po\u010d\u00e1tku 19. stolet\u00ed a byly pova\u017eov\u00e1ny za spolehliv\u00e9 pracovn\u00ed no\u017ee, kter\u00e9 byly tak\u00e9 p\u0159\u00edle\u017eitostn\u011b pou\u017e\u00edv\u00e1ny v boji. Pro pevn\u00e9 no\u017ee je typick\u00e1 masivn\u00ed, charakteristicky tvarovan\u00e1 \u010depel, obvykle v\u00edce ne\u017e 15 cm dlouh\u00e1, a tak\u00e9 z\u00e1\u0161titn\u00fd prvek jako ochrana ruky. Jako varianta vhodn\u00e1 pro ka\u017edodenn\u00ed pou\u017eit\u00ed kombinuje B\u00f6ker Plus Pocket Bowie od Chucka Gedraitis kouzlo Bowieho no\u017ee s flexibilitou a kompaktnost\u00ed kapesn\u00edho no\u017ee. T\u0159\u00edprst\u00fd n\u016f\u017e, vybaven\u00fd sat\u00e9novou \u010depel\u00ed Bowie z D2, snadno zvl\u00e1dne v\u0161echny ka\u017edodenn\u00ed \u00fakoly. N\u016f\u017e se otev\u00edr\u00e1 pomoc\u00ed odn\u00edmateln\u00e9ho zved\u00e1ku palce, zat\u00edmco z\u00e1mek z nerezov\u00e9 oceli n\u016f\u017e spolehliv\u011b uzamkne. Ergonomick\u00e1 rukoje\u0165 se \u0161upinami z hn\u011bd\u00e9 Burlap Micarta slibuje bezpe\u010dn\u00e9 dr\u017een\u00ed a dod\u00e1v\u00e1 no\u017ei n\u00e1dech divok\u00e9ho z\u00e1padu. Spona je kr\u00e1sn\u011b integrov\u00e1na do sko\u0159epiny zadn\u00ed rukojeti a umo\u017e\u0148uje no\u0161en\u00ed sklopen\u00edm (r). Dod\u00e1v\u00e1no s vysoce kvalitn\u00edm nylonov\u00fdm pouzdrem.<\/p>\n<p>Zna\u010dka: Boker Plus<br \/>\nCelkov\u00e1 d\u00e9lka: 15,80 cm<br \/>\nD\u00e9lka \u010depele: 6,80 cm<br \/>\nTlou\u0161\u0165ka \u010depele: 3,00 mm<br \/>\nHmotnost: 77,00 g<br \/>\nN\u00e1vrh\u00e1\u0159: Chuck Gedraitis<br \/>\nMateri\u00e1l \u010depele: D2<br \/>\nMateri\u00e1l rukojeti: Micarta<br \/>\nPom\u016fcka pro otev\u00edr\u00e1n\u00ed: Otev\u00edr\u00e1n\u00ed palce<br \/>\nUzav\u0159en\u00ed: Z\u00e1mek vlo\u017eky<br \/>\n\u010c\u00edslo polo\u017eky: 01BO508<\/p>\n<p>&nbsp;<\/p>\n","protected":false},"excerpt":{"rendered":"<p><strong>Bowie no\u017ee se objevily v USA na po\u010d\u00e1tku 19. stolet\u00ed a byly pova\u017eov\u00e1ny za spolehliv\u00e9 pracovn\u00ed no\u017ee, kter\u00e9 byly tak\u00e9 p\u0159\u00edle\u017eitostn\u011b pou\u017e\u00edv\u00e1ny v boji.<\/strong><\/p>\n","protected":false},"featured_media":366440,"comment_status":"closed","ping_status":"closed","template":"","meta":[],"pwb-brand":[140],"product_brand":[],"product_cat":[22,17],"product_tag":[],"class_list":{"0":"post-360995","1":"product","2":"type-product","3":"status-publish","4":"has-post-thumbnail","6":"pwb-brand-boker","7":"product_cat-zaviraci-noze","8":"product_cat-noze","10":"first","11":"instock","12":"taxable","13":"shipping-taxable","14":"purchasable","15":"product-type-simple"},"brands":[{"id":140,"name":"Boker","slug":"boker"}],"_links":{"self":[{"href":"https:\/\/www.moskito.cz\/it\/wp-json\/wp\/v2\/product\/360995","targetHints":{"allow":["GET"]}}],"collection":[{"href":"https:\/\/www.moskito.cz\/it\/wp-json\/wp\/v2\/product"}],"about":[{"href":"https:\/\/www.moskito.cz\/it\/wp-json\/wp\/v2\/types\/product"}],"replies":[{"embeddable":true,"href":"https:\/\/www.moskito.cz\/it\/wp-json\/wp\/v2\/comments?post=360995"}],"wp:featuredmedia":[{"embeddable":true,"href":"https:\/\/www.moskito.cz\/it\/wp-json\/wp\/v2\/media\/366440"}],"wp:attachment":[{"href":"https:\/\/www.moskito.cz\/it\/wp-json\/wp\/v2\/media?parent=360995"}],"wp:term":[{"taxonomy":"pwb-brand","embeddable":true,"href":"https:\/\/www.moskito.cz\/it\/wp-json\/wp\/v2\/pwb-brand?post=360995"},{"taxonomy":"product_brand","embeddable":true,"href":"https:\/\/www.moskito.cz\/it\/wp-json\/wp\/v2\/product_brand?post=360995"},{"taxonomy":"product_cat","embeddable":true,"href":"https:\/\/www.moskito.cz\/it\/wp-json\/wp\/v2\/product_cat?post=360995"},{"taxonomy":"product_tag","embeddable":true,"href":"https:\/\/www.moskito.cz\/it\/wp-json\/wp\/v2\/product_tag?post=360995"}],"curies":[{"name":"wp","href":"https:\/\/api.w.org\/{rel}","templated":true}]}}