{"id":360999,"date":"2024-09-26T13:00:13","date_gmt":"2024-09-26T12:00:13","guid":{"rendered":"https:\/\/www.moskito.cz\/produkt\/hel-karambit\/"},"modified":"2025-08-08T07:21:45","modified_gmt":"2025-08-08T06:21:45","slug":"hel-karambit","status":"publish","type":"product","link":"https:\/\/www.moskito.cz\/it\/produkt\/hel-karambit\/","title":{"rendered":"Zav\u00edrac\u00ed N\u016f\u017e B\u00f6ker Plus HEL Karambit 01BO515"},"content":{"rendered":"<p>Zav\u00edrac\u00ed N\u016f\u017e <strong>B\u00f6ker Plu<\/strong>s HEL Karambit 01BO515.<\/p>\n<p>Jako zap\u0159is\u00e1hl\u00fd fanou\u0161ek filip\u00ednsk\u00fdch bojov\u00fdch um\u011bn\u00ed d\u00e1valo smysl, aby italsk\u00e1 n\u00e1vrh\u00e1\u0159ka no\u017e\u016f Alessandra De Santis z Hydra Design navrhla karambit n\u016f\u017e pro B\u00f6ker Plus. Srpovit\u00e9 no\u017ee poch\u00e1zej\u00ed z jihov\u00fdchodn\u00ed Asie a pou\u017e\u00edvaly se p\u0159edev\u0161\u00edm ke sklizni r\u00fd\u017ee. B\u00f6ker Plus HEL Karambit se naopak prezentuje v taktick\u00e9m h\u00e1vu. \u010cern\u011b pota\u017een\u00e1 \u010depel Hawkbill 154CM bez n\u00e1mahy projde kartonem a lanem, zat\u00edmco \u010dern\u00e1 rukoje\u0165 G10 a robustn\u00ed z\u00e1mek vlo\u017eky poskytuj\u00ed nezbytnou bezpe\u010dnost pr\u00e1ce. N\u00edzk\u00e1 hmotnost a vysok\u00e1 \u00fa\u010dinnost tvo\u0159\u00ed p\u00e1te\u0159 kapesn\u00edho no\u017ee pojmenovan\u00e9ho po seversk\u00e9 bohyni podsv\u011bt\u00ed. Jako alternativu k hedv\u00e1bn\u011b hladk\u00e9mu otv\u00edr\u00e1n\u00ed ploutv\u00ed nab\u00edz\u00ed kapesn\u00ed n\u016f\u017e odn\u00edmateln\u00fd kol\u00ed\u010dek na palec na zadn\u00ed stran\u011b \u010depele, kter\u00fd z\u00e1rove\u0148 slou\u017e\u00ed jako otv\u00edr\u00e1k vln. Hranat\u00e9 designov\u00e9 prvky typick\u00e9 pro Alessandru De Santis najdete v n\u00e1padn\u00e9m krou\u017eku G10 na konci rukojeti. N\u016f\u017e lze flexibiln\u011b p\u0159en\u00e1\u0161et d\u00edky oboustrann\u00e9 dr\u00e1t\u011bn\u00e9 spon\u011b (sklopn\u00e9). Dod\u00e1v\u00e1no s vysoce kvalitn\u00edm nylonov\u00fdm pouzdrem.<\/p>\n<p>Zna\u010dka: Boker Plus<br \/>\nCelkov\u00e1 d\u00e9lka: 17,00 cm<br \/>\nD\u00e9lka \u010depele: 6,10 cm<br \/>\nTlou\u0161\u0165ka \u010depele: 2,80 mm<br \/>\nHmotnost: 93,00 g<br \/>\nN\u00e1vrh\u00e1\u0159: Hydra design<br \/>\nMateri\u00e1l \u010depele: 154 cm<br \/>\nMateri\u00e1l rukojeti: G10<br \/>\nPom\u016fcka pro otev\u00edr\u00e1n\u00ed: Pinball<br \/>\nOtev\u00edrac\u00ed: Ru\u010dn\u011b<br \/>\nUzav\u0159en\u00ed: Z\u00e1mek vlo\u017eky<br \/>\n\u010c\u00edslo polo\u017eky: 01BO515<\/p>\n<p>&nbsp;<\/p>\n","protected":false},"excerpt":{"rendered":"<p><strong>Jako zap\u0159is\u00e1hl\u00fd fanou\u0161ek filip\u00ednsk\u00fdch bojov\u00fdch um\u011bn\u00ed d\u00e1valo smysl, aby italsk\u00e1 n\u00e1vrh\u00e1\u0159ka no\u017e\u016f Alessandra De Santis z Hydra Design navrhla karambit n\u016f\u017e pro B\u00f6ker Plus.<\/strong><\/p>\n","protected":false},"featured_media":366389,"comment_status":"closed","ping_status":"closed","template":"","meta":[],"pwb-brand":[140],"product_brand":[],"product_cat":[2062,17],"product_tag":[],"class_list":{"0":"post-360999","1":"product","2":"type-product","3":"status-publish","4":"has-post-thumbnail","6":"pwb-brand-boker","7":"product_cat-karambity","8":"product_cat-noze","10":"first","11":"outofstock","12":"taxable","13":"shipping-taxable","14":"purchasable","15":"product-type-simple"},"brands":[{"id":140,"name":"Boker","slug":"boker"}],"_links":{"self":[{"href":"https:\/\/www.moskito.cz\/it\/wp-json\/wp\/v2\/product\/360999","targetHints":{"allow":["GET"]}}],"collection":[{"href":"https:\/\/www.moskito.cz\/it\/wp-json\/wp\/v2\/product"}],"about":[{"href":"https:\/\/www.moskito.cz\/it\/wp-json\/wp\/v2\/types\/product"}],"replies":[{"embeddable":true,"href":"https:\/\/www.moskito.cz\/it\/wp-json\/wp\/v2\/comments?post=360999"}],"wp:featuredmedia":[{"embeddable":true,"href":"https:\/\/www.moskito.cz\/it\/wp-json\/wp\/v2\/media\/366389"}],"wp:attachment":[{"href":"https:\/\/www.moskito.cz\/it\/wp-json\/wp\/v2\/media?parent=360999"}],"wp:term":[{"taxonomy":"pwb-brand","embeddable":true,"href":"https:\/\/www.moskito.cz\/it\/wp-json\/wp\/v2\/pwb-brand?post=360999"},{"taxonomy":"product_brand","embeddable":true,"href":"https:\/\/www.moskito.cz\/it\/wp-json\/wp\/v2\/product_brand?post=360999"},{"taxonomy":"product_cat","embeddable":true,"href":"https:\/\/www.moskito.cz\/it\/wp-json\/wp\/v2\/product_cat?post=360999"},{"taxonomy":"product_tag","embeddable":true,"href":"https:\/\/www.moskito.cz\/it\/wp-json\/wp\/v2\/product_tag?post=360999"}],"curies":[{"name":"wp","href":"https:\/\/api.w.org\/{rel}","templated":true}]}}