{"id":361006,"date":"2024-09-26T13:00:13","date_gmt":"2024-09-26T12:00:13","guid":{"rendered":"https:\/\/www.moskito.cz\/produkt\/kapesni-nuz-boker-plus-poke\/"},"modified":"2025-05-07T11:25:08","modified_gmt":"2025-05-07T10:25:08","slug":"kapesni-nuz-boker-plus-poke","status":"publish","type":"product","link":"https:\/\/www.moskito.cz\/it\/produkt\/kapesni-nuz-boker-plus-poke\/","title":{"rendered":"Zav\u00edrac\u00ed N\u016f\u017e B\u00f6ker Plus Poke 01BO637"},"content":{"rendered":"<p>Zav\u00edrac\u00ed N\u016f\u017e <strong>B\u00f6ker<\/strong> Plus Poke 01BO637.<\/p>\n<p>Prase v \u017eit\u011b? S J\u00e1nosem N\u00e9methem ne, proto\u017ee nadan\u00fd ma\u010farsk\u00fd no\u017e\u00ed\u0159 vypou\u0161t\u00ed ko\u010dku z ta\u0161ky pro Boker Plus a p\u0159edstavuje Poke, evidentn\u011b prvot\u0159\u00eddn\u00ed EDC n\u016f\u017e s tajemn\u00fdm vzhledem. K otev\u0159en\u00ed siln\u00e9 \u010depele s rovn\u00fdm h\u0159betem z D2 s v\u00fdrazn\u00fdm ricassom sta\u010d\u00ed \u0161\u0165ouchnut\u00ed na obou stran\u00e1ch palcov\u00e9ho kol\u00edku. Jeho robustn\u00ed \u010dern\u00e1 stonewash povrchov\u00e1 \u00faprava zaji\u0161\u0165uje nesrovnateln\u00fd pou\u017eit\u00fd vzhled, kter\u00fd pokra\u010duje i ve skl\u00e1p\u011bc\u00ed spon\u011b (r). \u010cern\u00e1 rukoje\u0165 stupnice je vyrobena z texturovan\u00e9ho G10, aby ladila a harmonizovala jak ergonomii, tak protiskluzov\u00e9 vlastnosti pro bezpe\u010dn\u00fd \u00fachop i p\u0159i obt\u00ed\u017en\u00fdch \u0159ezn\u00fdch \u00fakolech. Zlat\u00e9 mosazn\u00e9 vlo\u017eky jsou vizu\u00e1ln\u00edm zv\u00fdrazn\u011bn\u00edm, kter\u00e9 spolu se z\u00e1mkem vlo\u017eky vytv\u00e1\u0159ej\u00ed magick\u00fd okam\u017eik.<\/p>\n<p>Zna\u010dka: Boker Plus<br \/>\nCelkov\u00e1 d\u00e9lka: 20,70 cm<br \/>\nD\u00e9lka \u010depele: 9,10 cm<br \/>\nTlou\u0161\u0165ka \u010depele: 3,70 mm<br \/>\nHmotnost: 116,00 g<br \/>\nN\u00e1vrh\u00e1\u0159: J\u00e1nos N\u00e9meth<br \/>\nMateri\u00e1l \u010depele: D2<br \/>\nMateri\u00e1l rukojeti: G10<br \/>\nOtv\u00edr\u00e1k: Thumb Stud<br \/>\nOtev\u00edrac\u00ed: Manu\u00e1l<br \/>\nTyp z\u00e1mku: Linerlock<br \/>\n\u010c\u00edslo polo\u017eky: 01BO637<\/p>\n<p>&nbsp;<\/p>\n","protected":false},"excerpt":{"rendered":"<p><strong>Prase v \u017eit\u011b? S J\u00e1nosem N\u00e9methem ne, proto\u017ee nadan\u00fd ma\u010farsk\u00fd no\u017e\u00ed\u0159 vypou\u0161t\u00ed ko\u010dku z ta\u0161ky pro Boker Plus a p\u0159edstavuje Poke, evidentn\u011b prvot\u0159\u00eddn\u00ed EDC n\u016f\u017e s tajemn\u00fdm vzhledem.<\/strong><\/p>\n","protected":false},"featured_media":364391,"comment_status":"closed","ping_status":"closed","template":"","meta":[],"pwb-brand":[140],"product_brand":[],"product_cat":[17,22],"product_tag":[],"class_list":{"0":"post-361006","1":"product","2":"type-product","3":"status-publish","4":"has-post-thumbnail","6":"pwb-brand-boker","7":"product_cat-noze","8":"product_cat-zaviraci-noze","10":"first","11":"instock","12":"taxable","13":"shipping-taxable","14":"purchasable","15":"product-type-simple"},"brands":[{"id":140,"name":"Boker","slug":"boker"}],"_links":{"self":[{"href":"https:\/\/www.moskito.cz\/it\/wp-json\/wp\/v2\/product\/361006","targetHints":{"allow":["GET"]}}],"collection":[{"href":"https:\/\/www.moskito.cz\/it\/wp-json\/wp\/v2\/product"}],"about":[{"href":"https:\/\/www.moskito.cz\/it\/wp-json\/wp\/v2\/types\/product"}],"replies":[{"embeddable":true,"href":"https:\/\/www.moskito.cz\/it\/wp-json\/wp\/v2\/comments?post=361006"}],"wp:featuredmedia":[{"embeddable":true,"href":"https:\/\/www.moskito.cz\/it\/wp-json\/wp\/v2\/media\/364391"}],"wp:attachment":[{"href":"https:\/\/www.moskito.cz\/it\/wp-json\/wp\/v2\/media?parent=361006"}],"wp:term":[{"taxonomy":"pwb-brand","embeddable":true,"href":"https:\/\/www.moskito.cz\/it\/wp-json\/wp\/v2\/pwb-brand?post=361006"},{"taxonomy":"product_brand","embeddable":true,"href":"https:\/\/www.moskito.cz\/it\/wp-json\/wp\/v2\/product_brand?post=361006"},{"taxonomy":"product_cat","embeddable":true,"href":"https:\/\/www.moskito.cz\/it\/wp-json\/wp\/v2\/product_cat?post=361006"},{"taxonomy":"product_tag","embeddable":true,"href":"https:\/\/www.moskito.cz\/it\/wp-json\/wp\/v2\/product_tag?post=361006"}],"curies":[{"name":"wp","href":"https:\/\/api.w.org\/{rel}","templated":true}]}}