{"id":361016,"date":"2024-09-26T13:00:30","date_gmt":"2024-09-26T12:00:30","guid":{"rendered":"https:\/\/www.moskito.cz\/produkt\/kapesni-nuz-boker-plus-urban-trapper-stubby\/"},"modified":"2025-05-07T11:25:08","modified_gmt":"2025-05-07T10:25:08","slug":"kapesni-nuz-boker-plus-urban-trapper-stubby","status":"publish","type":"product","link":"https:\/\/www.moskito.cz\/it\/produkt\/kapesni-nuz-boker-plus-urban-trapper-stubby\/","title":{"rendered":"Zav\u00edrac\u00ed N\u016f\u017e B\u00f6ker Plus Urban Trapper Stubby 01BO639"},"content":{"rendered":"<p>Zav\u00edrac\u00ed N\u016f\u017e <strong>B\u00f6ker Plus<\/strong> Urban Trapper Stubby 01BO639.<\/p>\n<p>\u201eU\u017e\u00edvejte si mali\u010dkost\u00ed\u201c je motto kompaktn\u00ed EDC verze nad\u010dasov\u00e9ho B\u00f6ker Plus Urban Trapper od Brada Zinkera. D\u0159epov\u00fd, ale z\u00e1rove\u0148 galantn\u00ed kapesn\u00ed n\u016f\u017e je vybaven \u010depel\u00ed typu VG-10 s kuli\u010dkov\u00fdm lo\u017eiskem v ho\u0159k\u00e9 stonewash \u00faprav\u011b, kter\u00e1 se otev\u00edr\u00e1 pomoc\u00ed flipperu a zamyk\u00e1 se spolehliv\u00fdm z\u00e1mkem liner lock. Lehk\u00e1 rukoje\u0165 v\u00e1hy z G10 m\u00e1 jemnou texturu pro dokonal\u00e9 uchopen\u00ed a podtrhuje d\u016fstojn\u00fd charakter gentlemansk\u00e9 slo\u017eky. Zkr\u00e1tka: Nen\u00ed slitov\u00e1n\u00ed s krabicemi, provazy a dal\u0161\u00edmi obaly. Titanov\u00e9 vlo\u017eky tak\u00e9 sni\u017euj\u00ed hmotnost a harmonicky zapadaj\u00ed do celkov\u00e9ho vzhledu kapesn\u00edho no\u017ee. Skl\u00e1p\u011bc\u00ed spona odkazuje na kou\u0159ov\u00fd stonewash povrch \u010depele a umo\u017e\u0148uje hlubok\u00e9 no\u0161en\u00ed. S kvalitn\u00edm nylonov\u00fdm pouzdrem na uskladn\u011bn\u00ed, nebo jinak \u0159e\u010deno: nic men\u0161\u00edho ne\u017e neodolateln\u00e1 gentlemansk\u00e1 dohoda.<\/p>\n<p>Zna\u010dka: Boker Plus<br \/>\nCelkov\u00e1 d\u00e9lka: 11,90 cm<br \/>\nD\u00e9lka \u010depele: 5,00 cm<br \/>\nTlou\u0161\u0165ka \u010depele: 2,30 mm<br \/>\nHmotnost: 42,00 g<br \/>\nN\u00e1vrh\u00e1\u0159: Brad Zinker<br \/>\nMateri\u00e1l \u010depele: VG-10<br \/>\nMateri\u00e1l rukojeti: G10<br \/>\nPom\u016fcka pro otev\u00edr\u00e1n\u00ed: Pinball<br \/>\nUzav\u0159en\u00ed: Z\u00e1mek vlo\u017eky<br \/>\n\u010c\u00edslo polo\u017eky: 01BO639<\/p>\n<p>&nbsp;<\/p>\n","protected":false},"excerpt":{"rendered":"<p><strong>Kapesn\u00ed n\u016f\u017e pro ka\u017edodenn\u00ed pou\u017eit\u00ed.<\/strong><\/p>\n","protected":false},"featured_media":365368,"comment_status":"closed","ping_status":"closed","template":"","meta":[],"pwb-brand":[140],"product_brand":[],"product_cat":[17,22],"product_tag":[],"class_list":{"0":"post-361016","1":"product","2":"type-product","3":"status-publish","4":"has-post-thumbnail","6":"pwb-brand-boker","7":"product_cat-noze","8":"product_cat-zaviraci-noze","10":"first","11":"outofstock","12":"taxable","13":"shipping-taxable","14":"purchasable","15":"product-type-simple"},"brands":[{"id":140,"name":"Boker","slug":"boker"}],"_links":{"self":[{"href":"https:\/\/www.moskito.cz\/it\/wp-json\/wp\/v2\/product\/361016","targetHints":{"allow":["GET"]}}],"collection":[{"href":"https:\/\/www.moskito.cz\/it\/wp-json\/wp\/v2\/product"}],"about":[{"href":"https:\/\/www.moskito.cz\/it\/wp-json\/wp\/v2\/types\/product"}],"replies":[{"embeddable":true,"href":"https:\/\/www.moskito.cz\/it\/wp-json\/wp\/v2\/comments?post=361016"}],"wp:featuredmedia":[{"embeddable":true,"href":"https:\/\/www.moskito.cz\/it\/wp-json\/wp\/v2\/media\/365368"}],"wp:attachment":[{"href":"https:\/\/www.moskito.cz\/it\/wp-json\/wp\/v2\/media?parent=361016"}],"wp:term":[{"taxonomy":"pwb-brand","embeddable":true,"href":"https:\/\/www.moskito.cz\/it\/wp-json\/wp\/v2\/pwb-brand?post=361016"},{"taxonomy":"product_brand","embeddable":true,"href":"https:\/\/www.moskito.cz\/it\/wp-json\/wp\/v2\/product_brand?post=361016"},{"taxonomy":"product_cat","embeddable":true,"href":"https:\/\/www.moskito.cz\/it\/wp-json\/wp\/v2\/product_cat?post=361016"},{"taxonomy":"product_tag","embeddable":true,"href":"https:\/\/www.moskito.cz\/it\/wp-json\/wp\/v2\/product_tag?post=361016"}],"curies":[{"name":"wp","href":"https:\/\/api.w.org\/{rel}","templated":true}]}}