{"id":361074,"date":"2024-09-26T13:00:44","date_gmt":"2024-09-26T12:00:44","guid":{"rendered":"https:\/\/www.moskito.cz\/produkt\/rocket-non-assisted\/"},"modified":"2025-05-07T11:25:13","modified_gmt":"2025-05-07T10:25:13","slug":"rocket-non-assisted","status":"publish","type":"product","link":"https:\/\/www.moskito.cz\/it\/produkt\/rocket-non-assisted\/","title":{"rendered":"Zav\u00edrac\u00ed N\u016f\u017e  Magnum Rocket Non Assisted 01RY596N"},"content":{"rendered":"<p>Zav\u00edrac\u00ed N\u016f\u017e <strong>Magnum<\/strong> Rocket Non Assisted 01RY596N.<\/p>\n<p><strong>B\u00f6ker Magnum Rocket<\/strong> startuje a opou\u0161t\u00ed polokouli b\u011b\u017en\u00fdch kapesn\u00edch no\u017e\u016f se svou fascinuj\u00edc\u00ed fr\u00e9zovanou dvoubarevnou \u010depel\u00ed z nerezov\u00e9 oceli 440A, kter\u00e1 na sebe bere tvar rakety a vykon\u00e1v\u00e1 ka\u017edodenn\u00ed \u0159ezac\u00ed pr\u00e1ce t\u00e9m\u011b\u0159 bez t\u00ed\u017ee. Flipper slou\u017e\u00ed tak\u00e9 jako ochrana ruky, zat\u00edmco z\u00e1mek liner spolehliv\u011b zajist\u00ed n\u016f\u017e. Pouze protiskluzov\u00e9 rukojeti vyroben\u00e9 z texturovan\u00e9ho hlin\u00edku zaji\u0161\u0165uj\u00ed pot\u0159ebn\u00fd \u00fachop. S rozb\u00edje\u010dem skla a vykl\u00e1p\u011bc\u00ed sponou<\/p>\n<p>Zna\u010dka: Magnum<br \/>\nCelkov\u00e1 d\u00e9lka: 21,20 cm<br \/>\nD\u00e9lka \u010depele: 9,00 cm<br \/>\nTlou\u0161\u0165ka \u010depele: 2,50 mm<br \/>\nHmotnost: 137,00 g<br \/>\nMateri\u00e1l \u010depele: 440<br \/>\nMateri\u00e1l rukojeti: hlin\u00edk<br \/>\nPom\u016fcka pro otev\u00edr\u00e1n\u00ed: Pinball<br \/>\nOtev\u00edrac\u00ed: Ru\u010dn\u011b<br \/>\nUzav\u0159en\u00ed: Z\u00e1mek vlo\u017eky<br \/>\nBarva: \u010cern\u00e1<br \/>\n\u010c\u00edslo polo\u017eky: 01RY596N<\/p>\n<p>&nbsp;<\/p>\n","protected":false},"excerpt":{"rendered":"<p><strong>B\u00f6ker Magnum Rocket startuje a opou\u0161t\u00ed polokouli b\u011b\u017en\u00fdch kapesn\u00edch no\u017e\u016f se svou fascinuj\u00edc\u00ed fr\u00e9zovanou dvoubarevnou \u010depel\u00ed z nerezov\u00e9 oceli 440A, kter\u00e1 na sebe bere tvar rakety a vykon\u00e1v\u00e1 ka\u017edodenn\u00ed \u0159ezac\u00ed pr\u00e1ce t\u00e9m\u011b\u0159 bez t\u00ed\u017ee.<\/strong><\/p>\n","protected":false},"featured_media":365393,"comment_status":"closed","ping_status":"closed","template":"","meta":[],"pwb-brand":[140],"product_brand":[],"product_cat":[22,17],"product_tag":[],"class_list":{"0":"post-361074","1":"product","2":"type-product","3":"status-publish","4":"has-post-thumbnail","6":"pwb-brand-boker","7":"product_cat-zaviraci-noze","8":"product_cat-noze","10":"first","11":"outofstock","12":"taxable","13":"shipping-taxable","14":"purchasable","15":"product-type-simple"},"brands":[{"id":140,"name":"Boker","slug":"boker"}],"_links":{"self":[{"href":"https:\/\/www.moskito.cz\/it\/wp-json\/wp\/v2\/product\/361074","targetHints":{"allow":["GET"]}}],"collection":[{"href":"https:\/\/www.moskito.cz\/it\/wp-json\/wp\/v2\/product"}],"about":[{"href":"https:\/\/www.moskito.cz\/it\/wp-json\/wp\/v2\/types\/product"}],"replies":[{"embeddable":true,"href":"https:\/\/www.moskito.cz\/it\/wp-json\/wp\/v2\/comments?post=361074"}],"wp:featuredmedia":[{"embeddable":true,"href":"https:\/\/www.moskito.cz\/it\/wp-json\/wp\/v2\/media\/365393"}],"wp:attachment":[{"href":"https:\/\/www.moskito.cz\/it\/wp-json\/wp\/v2\/media?parent=361074"}],"wp:term":[{"taxonomy":"pwb-brand","embeddable":true,"href":"https:\/\/www.moskito.cz\/it\/wp-json\/wp\/v2\/pwb-brand?post=361074"},{"taxonomy":"product_brand","embeddable":true,"href":"https:\/\/www.moskito.cz\/it\/wp-json\/wp\/v2\/product_brand?post=361074"},{"taxonomy":"product_cat","embeddable":true,"href":"https:\/\/www.moskito.cz\/it\/wp-json\/wp\/v2\/product_cat?post=361074"},{"taxonomy":"product_tag","embeddable":true,"href":"https:\/\/www.moskito.cz\/it\/wp-json\/wp\/v2\/product_tag?post=361074"}],"curies":[{"name":"wp","href":"https:\/\/api.w.org\/{rel}","templated":true}]}}