{"id":361106,"date":"2024-09-26T13:00:44","date_gmt":"2024-09-26T12:00:44","guid":{"rendered":"https:\/\/www.moskito.cz\/produkt\/nuz-boker-plus-pilot-knife-2-0\/"},"modified":"2025-05-07T11:25:16","modified_gmt":"2025-05-07T10:25:16","slug":"nuz-boker-plus-pilot-knife-2-0","status":"publish","type":"product","link":"https:\/\/www.moskito.cz\/it\/produkt\/nuz-boker-plus-pilot-knife-2-0\/","title":{"rendered":"N\u016f\u017e B\u00f6ker Plus Pilot Knife 2.0"},"content":{"rendered":"<ul>\n<li>celkov\u00e1 d\u00e9lka: 26,0 cm<\/li>\n<li>d\u00e9lka \u010depele: 14,0 cm<\/li>\n<li>hmotnost: 284 g<\/li>\n<li>tlou\u0161\u0165ka \u010depele: 5,0 mm<\/li>\n<li>materi\u00e1l \u010depele: D2<\/li>\n<li>materi\u00e1l rukojeti: G10<\/li>\n<li>design\u00e9r: Dave Wenger\n<\/li>\n<\/ul>\n","protected":false},"excerpt":{"rendered":"<p>Pln\u011b vybaven\u00fd outdoorov\u00fd n\u016f\u017e a n\u016f\u017e pro p\u0159e\u017eit\u00ed s taktick\u00fdm zam\u011b\u0159en\u00edm.<\/p>\n","protected":false},"featured_media":361107,"comment_status":"closed","ping_status":"closed","template":"","meta":[],"pwb-brand":[140],"product_brand":[],"product_cat":[17,23],"product_tag":[],"class_list":{"0":"post-361106","1":"product","2":"type-product","3":"status-publish","4":"has-post-thumbnail","6":"pwb-brand-boker","7":"product_cat-noze","8":"product_cat-pevne-noze","10":"first","11":"outofstock","12":"taxable","13":"shipping-taxable","14":"purchasable","15":"product-type-simple"},"brands":[{"id":140,"name":"Boker","slug":"boker"}],"_links":{"self":[{"href":"https:\/\/www.moskito.cz\/it\/wp-json\/wp\/v2\/product\/361106","targetHints":{"allow":["GET"]}}],"collection":[{"href":"https:\/\/www.moskito.cz\/it\/wp-json\/wp\/v2\/product"}],"about":[{"href":"https:\/\/www.moskito.cz\/it\/wp-json\/wp\/v2\/types\/product"}],"replies":[{"embeddable":true,"href":"https:\/\/www.moskito.cz\/it\/wp-json\/wp\/v2\/comments?post=361106"}],"wp:featuredmedia":[{"embeddable":true,"href":"https:\/\/www.moskito.cz\/it\/wp-json\/wp\/v2\/media\/361107"}],"wp:attachment":[{"href":"https:\/\/www.moskito.cz\/it\/wp-json\/wp\/v2\/media?parent=361106"}],"wp:term":[{"taxonomy":"pwb-brand","embeddable":true,"href":"https:\/\/www.moskito.cz\/it\/wp-json\/wp\/v2\/pwb-brand?post=361106"},{"taxonomy":"product_brand","embeddable":true,"href":"https:\/\/www.moskito.cz\/it\/wp-json\/wp\/v2\/product_brand?post=361106"},{"taxonomy":"product_cat","embeddable":true,"href":"https:\/\/www.moskito.cz\/it\/wp-json\/wp\/v2\/product_cat?post=361106"},{"taxonomy":"product_tag","embeddable":true,"href":"https:\/\/www.moskito.cz\/it\/wp-json\/wp\/v2\/product_tag?post=361106"}],"curies":[{"name":"wp","href":"https:\/\/api.w.org\/{rel}","templated":true}]}}