{"id":361125,"date":"2024-09-26T13:01:03","date_gmt":"2024-09-26T12:01:03","guid":{"rendered":"https:\/\/www.moskito.cz\/produkt\/specialist-half-tool\/"},"modified":"2026-01-19T10:09:34","modified_gmt":"2026-01-19T09:09:34","slug":"specialist-half-tool","status":"publish","type":"product","link":"https:\/\/www.moskito.cz\/it\/produkt\/specialist-half-tool\/","title":{"rendered":"Zav\u00edrac\u00ed N\u016f\u017e B\u00f6ker Plus Specialist Half-Tool 09BO831"},"content":{"rendered":"<p>Zav\u00edrac\u00ed N\u016f\u017e <strong>B\u00f6ker Plus<\/strong> Specialist Half-Tool 09BO831.<\/p>\n<p>Kompetentn\u00ed, spolehliv\u00fd, kapesn\u00ed a tedy v\u0161e, jen ne polovi\u010dn\u00ed porce &#8211; B\u00f6ker Plus Specialist Half-Tool roz\u0161i\u0159uje \u0159adu obl\u00edben\u00fdch multifunk\u010dn\u00edch n\u00e1stroj\u016f o \u0161t\u00edhlou verzi. Multitool m\u00e1 hlavn\u00ed \u010depel z 3Cr13 a je podep\u0159en n\u016f\u017ekami, \u0161roubov\u00e1kem s univerz\u00e1ln\u00edm dr\u017e\u00e1kem bit\u016f, \u0161\u00eddlem a rozb\u00edje\u010dem skla. Nerezov\u00e1 rukoje\u0165 v\u00edce\u00fa\u010delov\u00e9ho n\u00e1\u0159ad\u00ed padne bezpe\u010dn\u011b do ruky i p\u0159i n\u00e1ro\u010dn\u00e9 pr\u00e1ci.<\/p>\n<p>Zna\u010dka: Boker Plus<br \/>\nCelkov\u00e1 d\u00e9lka: 18,70 cm<br \/>\nD\u00e9lka \u010depele: 7,90 cm<br \/>\nTlou\u0161\u0165ka \u010depele: 2,20 mm<br \/>\nHmotnost: 127,00 g<br \/>\nMateri\u00e1l \u010depele: 3Cr13<br \/>\nMateri\u00e1l rukojeti: 2Cr13<br \/>\nPom\u016fcka pro otev\u00edr\u00e1n\u00ed: Otev\u00edr\u00e1n\u00ed palce<br \/>\nOtev\u00edrac\u00ed: Ru\u010dn\u011b<br \/>\nUzav\u0159en\u00ed: Z\u00e1mek vlo\u017eky<br \/>\n\u010c\u00edslo polo\u017eky: 09BO831<\/p>\n","protected":false},"excerpt":{"rendered":"<p><strong>Kompetentn\u00ed, spolehliv\u00fd, kapesn\u00ed a tedy v\u0161e, jen ne polovi\u010dn\u00ed porce &#8211; B\u00f6ker Plus Specialist Half-Tool roz\u0161i\u0159uje \u0159adu obl\u00edben\u00fdch multifunk\u010dn\u00edch n\u00e1stroj\u016f o \u0161t\u00edhlou verzi.<\/strong><\/p>\n","protected":false},"featured_media":366530,"comment_status":"closed","ping_status":"closed","template":"","meta":[],"pwb-brand":[140],"product_brand":[],"product_cat":[22,17],"product_tag":[],"class_list":{"0":"post-361125","1":"product","2":"type-product","3":"status-publish","4":"has-post-thumbnail","6":"pwb-brand-boker","7":"product_cat-zaviraci-noze","8":"product_cat-noze","10":"first","11":"outofstock","12":"taxable","13":"shipping-taxable","14":"purchasable","15":"product-type-simple"},"brands":[{"id":140,"name":"Boker","slug":"boker"}],"_links":{"self":[{"href":"https:\/\/www.moskito.cz\/it\/wp-json\/wp\/v2\/product\/361125","targetHints":{"allow":["GET"]}}],"collection":[{"href":"https:\/\/www.moskito.cz\/it\/wp-json\/wp\/v2\/product"}],"about":[{"href":"https:\/\/www.moskito.cz\/it\/wp-json\/wp\/v2\/types\/product"}],"replies":[{"embeddable":true,"href":"https:\/\/www.moskito.cz\/it\/wp-json\/wp\/v2\/comments?post=361125"}],"wp:featuredmedia":[{"embeddable":true,"href":"https:\/\/www.moskito.cz\/it\/wp-json\/wp\/v2\/media\/366530"}],"wp:attachment":[{"href":"https:\/\/www.moskito.cz\/it\/wp-json\/wp\/v2\/media?parent=361125"}],"wp:term":[{"taxonomy":"pwb-brand","embeddable":true,"href":"https:\/\/www.moskito.cz\/it\/wp-json\/wp\/v2\/pwb-brand?post=361125"},{"taxonomy":"product_brand","embeddable":true,"href":"https:\/\/www.moskito.cz\/it\/wp-json\/wp\/v2\/product_brand?post=361125"},{"taxonomy":"product_cat","embeddable":true,"href":"https:\/\/www.moskito.cz\/it\/wp-json\/wp\/v2\/product_cat?post=361125"},{"taxonomy":"product_tag","embeddable":true,"href":"https:\/\/www.moskito.cz\/it\/wp-json\/wp\/v2\/product_tag?post=361125"}],"curies":[{"name":"wp","href":"https:\/\/api.w.org\/{rel}","templated":true}]}}