{"id":361159,"date":"2024-09-26T13:01:03","date_gmt":"2024-09-26T12:01:03","guid":{"rendered":"https:\/\/www.moskito.cz\/produkt\/boker-plus-exskelibur-i-cocobolo\/"},"modified":"2025-05-07T11:25:19","modified_gmt":"2025-05-07T10:25:19","slug":"boker-plus-exskelibur-i-cocobolo","status":"publish","type":"product","link":"https:\/\/www.moskito.cz\/it\/produkt\/boker-plus-exskelibur-i-cocobolo\/","title":{"rendered":"Zav\u00edrac\u00ed N\u016f\u017e B\u00f6ker Plus Exskelibur I Cocobolo 01BO022"},"content":{"rendered":"<p>Zav\u00edrac\u00ed N\u016f\u017e <strong>B\u00f6ker Plus<\/strong> Exskelibur I Cocobolo 01BO022.<\/p>\n<p>M\u00e1lokter\u00fd jin\u00fd kapesn\u00ed n\u016f\u017e B\u00f6ker Plus byl v posledn\u00edch letech tak popul\u00e1rn\u00ed a objevil se v tolika variac\u00edch jako Exskelibur od Mika Skellerna . No\u017e\u00ed\u0159 z Ji\u017en\u00ed Afriky sv\u00fdm designem zalo\u017eil jednu z nej\u00fasp\u011b\u0161n\u011bj\u0161\u00edch a nejobl\u00edben\u011bj\u0161\u00edch s\u00e9ri\u00ed v \u0159ad\u011b B\u00f6ker Plus. Tato varianta vyu\u017e\u00edv\u00e1 modr\u00e9 eloxovan\u00e9 titanov\u00e9 pl\u00e1ty, podobn\u00fd klip a \u010depel z 440C s kr\u00e1snou pod\u00e9lnou sat\u00e9novou \u00fapravou a zaji\u0161\u0165uj\u00ed nep\u0159ekonatelnou eleganci. N\u016f\u017e se zamyk\u00e1 klasick\u00fdm liner lockem . Rukojeti \u0161upin z u\u0161lechtil\u00e9ho d\u0159eva cocobolo maj\u00ed siln\u011bj\u0161\u00ed kresbu a podtrhuj\u00ed noblesn\u00ed charakter gentlemansk\u00e9ho leporela. \u017div\u00e9 d\u0159evo dod\u00e1v\u00e1 Exskeliburu pon\u011bkud hmatateln\u011bj\u0161\u00ed kouzlo. S vysoce kvalitn\u00edm nylonov\u00fdm pouzdrem pro skladov\u00e1n\u00ed.<\/p>\n<p>Zna\u010dka: Boker Plus<br \/>\nCelkov\u00e1 d\u00e9lka: 20,50 cm<br \/>\nD\u00e9lka \u010depele: 8,90 cm<br \/>\nTlou\u0161\u0165ka \u010depele: 2,80 mm<br \/>\nHmotnost: 79,00 g<br \/>\nN\u00e1vrh\u00e1\u0159: Mike Skellern<br \/>\nMateri\u00e1l \u010depele: 440C<br \/>\nMateri\u00e1l rukojeti: D\u0159evo Cocobolo<br \/>\nPom\u016fcka pro otev\u00edr\u00e1n\u00ed: Pinball<br \/>\nOtev\u00edrac\u00ed: Ru\u010dn\u011b Uzav\u0159en\u00ed:<br \/>\nZ\u00e1mek vlo\u017eky<br \/>\n\u010c\u00edslo polo\u017eky: 01BO022<\/p>\n","protected":false},"excerpt":{"rendered":"<p><strong>M\u00e1lokter\u00fd jin\u00fd kapesn\u00ed n\u016f\u017e B\u00f6ker Plus byl v posledn\u00edch letech tak popul\u00e1rn\u00ed a objevil se v tolika variac\u00edch jako Exskelibur od Mika Skellerna .<\/strong><\/p>\n<p><strong>Doprava zdarma.<\/strong><\/p>\n","protected":false},"featured_media":367024,"comment_status":"closed","ping_status":"closed","template":"","meta":[],"pwb-brand":[140],"product_brand":[],"product_cat":[17,22],"product_tag":[],"class_list":{"0":"post-361159","1":"product","2":"type-product","3":"status-publish","4":"has-post-thumbnail","6":"pwb-brand-boker","7":"product_cat-noze","8":"product_cat-zaviraci-noze","10":"first","11":"instock","12":"taxable","13":"shipping-taxable","14":"purchasable","15":"product-type-simple"},"brands":[{"id":140,"name":"Boker","slug":"boker"}],"_links":{"self":[{"href":"https:\/\/www.moskito.cz\/it\/wp-json\/wp\/v2\/product\/361159","targetHints":{"allow":["GET"]}}],"collection":[{"href":"https:\/\/www.moskito.cz\/it\/wp-json\/wp\/v2\/product"}],"about":[{"href":"https:\/\/www.moskito.cz\/it\/wp-json\/wp\/v2\/types\/product"}],"replies":[{"embeddable":true,"href":"https:\/\/www.moskito.cz\/it\/wp-json\/wp\/v2\/comments?post=361159"}],"wp:featuredmedia":[{"embeddable":true,"href":"https:\/\/www.moskito.cz\/it\/wp-json\/wp\/v2\/media\/367024"}],"wp:attachment":[{"href":"https:\/\/www.moskito.cz\/it\/wp-json\/wp\/v2\/media?parent=361159"}],"wp:term":[{"taxonomy":"pwb-brand","embeddable":true,"href":"https:\/\/www.moskito.cz\/it\/wp-json\/wp\/v2\/pwb-brand?post=361159"},{"taxonomy":"product_brand","embeddable":true,"href":"https:\/\/www.moskito.cz\/it\/wp-json\/wp\/v2\/product_brand?post=361159"},{"taxonomy":"product_cat","embeddable":true,"href":"https:\/\/www.moskito.cz\/it\/wp-json\/wp\/v2\/product_cat?post=361159"},{"taxonomy":"product_tag","embeddable":true,"href":"https:\/\/www.moskito.cz\/it\/wp-json\/wp\/v2\/product_tag?post=361159"}],"curies":[{"name":"wp","href":"https:\/\/api.w.org\/{rel}","templated":true}]}}