{"id":361185,"date":"2024-09-26T13:01:18","date_gmt":"2024-09-26T12:01:18","guid":{"rendered":"https:\/\/www.moskito.cz\/produkt\/boker-plus-exskelibur-ii-cocobolo-damast\/"},"modified":"2025-05-07T11:25:21","modified_gmt":"2025-05-07T10:25:21","slug":"boker-plus-exskelibur-ii-cocobolo-damast","status":"publish","type":"product","link":"https:\/\/www.moskito.cz\/it\/produkt\/boker-plus-exskelibur-ii-cocobolo-damast\/","title":{"rendered":"Dama\u0161kov\u00fd N\u016f\u017e B\u00f6ker Plus Exskelibur II Cocobolo Damast 01BO223DAM"},"content":{"rendered":"<p>Dama\u0161kov\u00fd N\u016f\u017e <strong>B\u00f6ker Plus<\/strong> Exskelibur II Cocobolo Damast 01BO223DAM.<\/p>\n<p>M\u00e1lokter\u00fd jin\u00fd kapesn\u00ed n\u016f\u017e B\u00f6ker Plus byl v posledn\u00edch letech tak popul\u00e1rn\u00ed a objevil se v tolika variac\u00edch jako Exskelibur od Mika Skellerna. No\u017e\u00ed\u0159 z Ji\u017en\u00ed Afriky sv\u00fdm designem zalo\u017eil jednu z nej\u00fasp\u011b\u0161n\u011bj\u0161\u00edch a nejobl\u00edben\u011bj\u0161\u00edch s\u00e9ri\u00ed v \u0159ad\u011b B\u00f6ker Plus. Tato varianta vyu\u017e\u00edv\u00e1 modr\u00e9 eloxovan\u00e9 titanov\u00e9 pl\u00e1ty, podobn\u00fd klip a nerezovou dama\u0161kovou \u010depel s kr\u00e1sn\u00fdm vzorem s 58 a\u017e 60 HRC a zaji\u0161\u0165uje nep\u0159ekonatelnou eleganci. N\u016f\u017e se zamyk\u00e1 klasick\u00fdm liner lockem. Rukojeti \u0161upin z u\u0161lechtil\u00e9ho d\u0159eva cocobolo maj\u00ed siln\u011bj\u0161\u00ed kresbu a podtrhuj\u00ed noblesn\u00ed charakter gentlemansk\u00e9ho leporela. \u017div\u00e9 d\u0159evo dod\u00e1v\u00e1 Exskeliburu pon\u011bkud hmatateln\u011bj\u0161\u00ed kouzlo. S vysoce kvalitn\u00edm nylonov\u00fdm pouzdrem pro skladov\u00e1n\u00ed.<\/p>\n<p>Zna\u010dka: Boker Plus<br \/>\nCelkov\u00e1 d\u00e9lka: 16,50 cm<br \/>\nD\u00e9lka \u010depele: 7,00 cm<br \/>\nTlou\u0161\u0165ka \u010depele: 2,80 mm<br \/>\nHmotnost: 56,00 g<br \/>\nN\u00e1vrh\u00e1\u0159: Mike Skellern<br \/>\nMateri\u00e1l \u010depele: dama\u0161ek<br \/>\nMateri\u00e1l rukojeti: D\u0159evo Cocobolo<br \/>\nOtev\u00edrac\u00ed: Ru\u010dn\u011b<br \/>\nUzav\u0159en\u00ed: Z\u00e1mek vlo\u017eky<br \/>\n\u010c\u00edslo polo\u017eky: 01BO223DAM<\/p>\n","protected":false},"excerpt":{"rendered":"<p>M\u00e1lokter\u00fd jin\u00fd kapesn\u00ed n\u016f\u017e B\u00f6ker Plus byl v posledn\u00edch letech tak popul\u00e1rn\u00ed a objevil se v tolika variac\u00edch jako Exskelibur od Mika Skellerna. No\u017e\u00ed\u0159 z Ji\u017en\u00ed Afriky sv\u00fdm designem zalo\u017eil jednu z nej\u00fasp\u011b\u0161n\u011bj\u0161\u00edch a nejobl\u00edben\u011bj\u0161\u00edch s\u00e9ri\u00ed v \u0159ad\u011b B\u00f6ker Plus.<\/p>\n<p>Doprava zdarma.<\/p>\n","protected":false},"featured_media":370221,"comment_status":"closed","ping_status":"closed","template":"","meta":[],"pwb-brand":[140],"product_brand":[],"product_cat":[25,17],"product_tag":[],"class_list":{"0":"post-361185","1":"product","2":"type-product","3":"status-publish","4":"has-post-thumbnail","6":"pwb-brand-boker","7":"product_cat-damascenske-noze","8":"product_cat-noze","10":"first","11":"instock","12":"taxable","13":"shipping-taxable","14":"purchasable","15":"product-type-simple"},"brands":[{"id":140,"name":"Boker","slug":"boker"}],"_links":{"self":[{"href":"https:\/\/www.moskito.cz\/it\/wp-json\/wp\/v2\/product\/361185","targetHints":{"allow":["GET"]}}],"collection":[{"href":"https:\/\/www.moskito.cz\/it\/wp-json\/wp\/v2\/product"}],"about":[{"href":"https:\/\/www.moskito.cz\/it\/wp-json\/wp\/v2\/types\/product"}],"replies":[{"embeddable":true,"href":"https:\/\/www.moskito.cz\/it\/wp-json\/wp\/v2\/comments?post=361185"}],"wp:featuredmedia":[{"embeddable":true,"href":"https:\/\/www.moskito.cz\/it\/wp-json\/wp\/v2\/media\/370221"}],"wp:attachment":[{"href":"https:\/\/www.moskito.cz\/it\/wp-json\/wp\/v2\/media?parent=361185"}],"wp:term":[{"taxonomy":"pwb-brand","embeddable":true,"href":"https:\/\/www.moskito.cz\/it\/wp-json\/wp\/v2\/pwb-brand?post=361185"},{"taxonomy":"product_brand","embeddable":true,"href":"https:\/\/www.moskito.cz\/it\/wp-json\/wp\/v2\/product_brand?post=361185"},{"taxonomy":"product_cat","embeddable":true,"href":"https:\/\/www.moskito.cz\/it\/wp-json\/wp\/v2\/product_cat?post=361185"},{"taxonomy":"product_tag","embeddable":true,"href":"https:\/\/www.moskito.cz\/it\/wp-json\/wp\/v2\/product_tag?post=361185"}],"curies":[{"name":"wp","href":"https:\/\/api.w.org\/{rel}","templated":true}]}}