{"id":361192,"date":"2024-09-26T13:01:18","date_gmt":"2024-09-26T12:01:18","guid":{"rendered":"https:\/\/www.moskito.cz\/produkt\/boker-plus-savior-2\/"},"modified":"2025-05-07T11:25:21","modified_gmt":"2025-05-07T10:25:21","slug":"boker-plus-savior-2","status":"publish","type":"product","link":"https:\/\/www.moskito.cz\/it\/produkt\/boker-plus-savior-2\/","title":{"rendered":"B\u00f6ker Plus Savior 2"},"content":{"rendered":"<div class=\"flex max-w-full flex-col flex-grow\">\n<div class=\"min-h-8 text-message flex w-full flex-col items-end gap-2 whitespace-normal break-words [.text-message+&amp;]:mt-5\" dir=\"auto\" data-message-author-role=\"assistant\" data-message-id=\"9fdf55df-e5f7-4473-b8d5-c3d308787428\" data-message-model-slug=\"gpt-4o-mini\">\n<div class=\"flex w-full flex-col gap-1 empty:hidden first:pt-[3px]\">\n<div class=\"markdown prose w-full break-words dark:prose-invert light\">\n<h3><strong>B\u00f6ker Plus Savior 2 01BO321<\/strong><\/h3>\n<p><strong>B\u00f6ker Plus Savior 2<\/strong> je vynikaj\u00edc\u00ed n\u016f\u017e ur\u010den\u00fd pro n\u00e1ro\u010dn\u00e9 podm\u00ednky, kter\u00fd je navr\u017een pro u\u017eivatele, kte\u0159\u00ed pot\u0159ebuj\u00ed spolehliv\u00fd n\u00e1stroj pro taktick\u00e9, outdoorov\u00e9 nebo z\u00e1chrann\u00e9 operace. Tento n\u016f\u017e je vylep\u0161enou verz\u00ed p\u016fvodn\u00edho modelu <strong>Savior<\/strong> a nab\u00edz\u00ed robustn\u00ed konstrukci, vylep\u0161enou ergonomii a vysoce kvalitn\u00ed materi\u00e1ly, co\u017e z n\u011bj \u010din\u00ed v\u00fdjime\u010dnou volbu pro profesion\u00e1ly i nad\u0161ence do no\u017e\u016f.<\/p>\n<hr \/>\n<h3><strong>Kl\u00ed\u010dov\u00e9 vlastnosti:<\/strong><\/h3>\n<ol>\n<li><strong>\u010cepel<\/strong>:\n<ul>\n<li><strong>Materi\u00e1l<\/strong>: <strong>D2<\/strong> \u2013 \u010cepel je vyrobena z oceli <strong>D2<\/strong>, kter\u00e1 je zn\u00e1m\u00e1 svou vynikaj\u00edc\u00ed odolnost\u00ed proti opot\u0159eben\u00ed a schopnost\u00ed udr\u017eet ostrost. Tato ocel je velmi odoln\u00e1 a m\u00e1 vysokou tvrdost, co\u017e zaji\u0161\u0165uje dlouhou \u017eivotnost \u010depele.<\/li>\n<li><strong>Tvar \u010depele<\/strong>: <strong>Drop Point<\/strong> \u2013 Tento tvar je univerz\u00e1ln\u00ed, co\u017e znamen\u00e1, \u017ee je vhodn\u00fd pro r\u016fzn\u00e9 \u00fakoly, od \u0159ez\u00e1n\u00ed a\u017e po jemn\u00e9 detaily.<\/li>\n<li><strong>Povrchov\u00e1 \u00faprava<\/strong>: <strong>Stonewash<\/strong> \u2013 Povrchov\u00e1 \u00faprava stonewash dod\u00e1v\u00e1 no\u017ei robustn\u00ed vzhled a z\u00e1rove\u0148 pom\u00e1h\u00e1 skr\u00fdt drobn\u00e9 \u0161kr\u00e1bance, kter\u00e9 se mohou objevit p\u0159i pou\u017e\u00edv\u00e1n\u00ed.<\/li>\n<\/ul>\n<\/li>\n<li><strong>Rukoje\u0165<\/strong>:\n<ul>\n<li><strong>Materi\u00e1l<\/strong>: <strong>G10<\/strong> \u2013 Rukoje\u0165 je vyrobena z <strong>G10<\/strong>, co\u017e je vysoce odoln\u00fd kompozitn\u00ed materi\u00e1l, kter\u00fd je lehk\u00fd a z\u00e1rove\u0148 poskytuje vynikaj\u00edc\u00ed \u00fachop. G10 je zn\u00e1m\u00fd svou robustnost\u00ed a odolnost\u00ed v\u016f\u010di vlhkosti, teplotn\u00edm zm\u011bn\u00e1m a n\u00e1raz\u016fm.<\/li>\n<li><strong>Ergonomie<\/strong>: <strong>Ergonomick\u00fd design<\/strong> \u2013 Rukoje\u0165 je navr\u017eena pro pohodln\u00fd \u00fachop, co\u017e je ide\u00e1ln\u00ed pro dlouhodob\u00e9 pou\u017e\u00edv\u00e1n\u00ed, zejm\u00e9na v n\u00e1ro\u010dn\u00fdch podm\u00ednk\u00e1ch.<\/li>\n<\/ul>\n<\/li>\n<li><strong>Otev\u00edr\u00e1n\u00ed<\/strong>:\n<ul>\n<li><strong>Pom\u016fcka pro otev\u00edr\u00e1n\u00ed<\/strong>: <strong>Flipper<\/strong> \u2013 N\u016f\u017e se otev\u00edr\u00e1 pomoc\u00ed <strong>flipperu<\/strong>, co\u017e zaji\u0161\u0165uje snadn\u00e9 a rychl\u00e9 otev\u0159en\u00ed jednou rukou.<\/li>\n<li><strong>Otev\u00edrac\u00ed mechanismus<\/strong>: <strong>Kuli\u010dkov\u00e1 lo\u017eiska<\/strong> \u2013 Mechanismus otev\u00edr\u00e1n\u00ed je hladk\u00fd a rychl\u00fd d\u00edky kuli\u010dkov\u00fdm lo\u017eisk\u016fm, kter\u00e9 umo\u017e\u0148uj\u00ed plynul\u00e9 a tich\u00e9 otev\u0159en\u00ed \u010depele.<\/li>\n<\/ul>\n<\/li>\n<li><strong>Uzav\u0159en\u00ed<\/strong>:\n<ul>\n<li><strong>Uzamykac\u00ed syst\u00e9m<\/strong>: <strong>Frame Lock<\/strong> \u2013 Tento z\u00e1mek poskytuje bezpe\u010dn\u00e9 uzav\u0159en\u00ed no\u017ee, co\u017e znamen\u00e1, \u017ee \u010depel z\u016fstane pevn\u011b na sv\u00e9m m\u00edst\u011b i p\u0159i n\u00e1ro\u010dn\u00e9m pou\u017e\u00edv\u00e1n\u00ed.<\/li>\n<\/ul>\n<\/li>\n<li><strong>Dal\u0161\u00ed vlastnosti<\/strong>:\n<ul>\n<li><strong>Klip na no\u0161en\u00ed<\/strong>: <strong>Konvertibiln\u00ed klip<\/strong> (tip-up\/tip-down) pro pohodln\u00e9 no\u0161en\u00ed v kapse nebo na opasku.<\/li>\n<li><strong>Rozb\u00edje\u010d skla<\/strong>: N\u016f\u017e je vybaven rozb\u00edje\u010dem skla, co\u017e je u\u017eite\u010dn\u00fd n\u00e1stroj pro z\u00e1chrann\u00e9 operace nebo v p\u0159\u00edpad\u011b nouze.<\/li>\n<\/ul>\n<\/li>\n<\/ol>\n<hr \/>\n<h3><strong>Technick\u00e9 specifikace:<\/strong><\/h3>\n<ul>\n<li><strong>Celkov\u00e1 d\u00e9lka<\/strong>: 21,10 cm<\/li>\n<li><strong>D\u00e9lka \u010depele<\/strong>: 8,50 cm<\/li>\n<li><strong>Tlou\u0161\u0165ka \u010depele<\/strong>: 3,30 mm<\/li>\n<li><strong>Hmotnost<\/strong>: 178 g<\/li>\n<li><strong>Materi\u00e1l \u010depele<\/strong>: <strong>D2<\/strong> ocel<\/li>\n<li><strong>Materi\u00e1l rukojeti<\/strong>: <strong>G10<\/strong><\/li>\n<li><strong>Otev\u00edr\u00e1n\u00ed<\/strong>: <strong>Flipper<\/strong>, <strong>Kuli\u010dkov\u00e1 lo\u017eiska<\/strong><\/li>\n<li><strong>Uzav\u0159en\u00ed<\/strong>: <strong>Frame Lock<\/strong><\/li>\n<li><strong>Klip<\/strong>: <strong>Konvertibiln\u00ed (tip-up\/tip-down)<\/strong><\/li>\n<li><strong>Rozb\u00edje\u010d skla<\/strong>: Ano<\/li>\n<li><strong>\u010c\u00edslo polo\u017eky<\/strong>: 01BO321<\/li>\n<\/ul>\n<hr \/>\n<h3><strong>V\u00fdhody a pou\u017eit\u00ed:<\/strong><\/h3>\n<ul>\n<li><strong>Vysok\u00e1 odolnost<\/strong>: \u010cepel z <strong>D2<\/strong> ocele je vysoce odoln\u00e1 proti opot\u0159eben\u00ed, co\u017e zaji\u0161\u0165uje dlouhou \u017eivotnost no\u017ee i p\u0159i n\u00e1ro\u010dn\u00e9m pou\u017e\u00edv\u00e1n\u00ed.<\/li>\n<li><strong>Ergonomick\u00e1 rukoje\u0165<\/strong>: <strong>G10<\/strong> rukoje\u0165 poskytuje vynikaj\u00edc\u00ed \u00fachop i p\u0159i vlhk\u00fdch podm\u00ednk\u00e1ch a je vysoce odoln\u00e1 v\u016f\u010di n\u00e1raz\u016fm.<\/li>\n<li><strong>Automatick\u00e9 a hladk\u00e9 otev\u00edr\u00e1n\u00ed<\/strong>: Mechanismus <strong>kuli\u010dkov\u00fdch lo\u017eisek<\/strong> zaji\u0161\u0165uje plynul\u00e9 a rychl\u00e9 otev\u0159en\u00ed no\u017ee.<\/li>\n<li><strong>Univerz\u00e1ln\u00ed pou\u017eit\u00ed<\/strong>: D\u00edky tvaru \u010depele <strong>drop point<\/strong> je tento n\u016f\u017e skv\u011bl\u00fd pro \u0161irokou \u0161k\u00e1lu \u00fakol\u016f, od ka\u017edodenn\u00edho pou\u017eit\u00ed po n\u00e1ro\u010dn\u00e9 z\u00e1chrann\u00e9 operace.<\/li>\n<li><strong>Bezpe\u010dn\u00e9 no\u0161en\u00ed<\/strong>: <strong>Frame Lock<\/strong> syst\u00e9m poskytuje bezpe\u010dnost p\u0159i pou\u017e\u00edv\u00e1n\u00ed a <strong>konvertibiln\u00ed klip<\/strong> umo\u017e\u0148uje p\u0159izp\u016fsoben\u00ed no\u017ee podle preferenc\u00ed.<\/li>\n<\/ul>\n<hr \/>\n<h3><strong>Z\u00e1v\u011br:<\/strong><\/h3>\n<p><strong>B\u00f6ker Plus Savior 2 01BO321<\/strong> je vynikaj\u00edc\u00ed volbou pro ka\u017edodenn\u00ed pou\u017eit\u00ed, outdoorov\u00e9 aktivity, a taktick\u00e9 operace. S kvalitn\u00ed <strong>D2<\/strong> \u010depel\u00ed, ergonomickou <strong>G10<\/strong> rukojet\u00ed a dal\u0161\u00edmi praktick\u00fdmi funkcemi, jako je <strong>rozb\u00edje\u010d skla<\/strong> a <strong>konvertibiln\u00ed klip<\/strong>, je tento n\u016f\u017e nejen \u00fa\u010dinn\u00fd, ale i velmi odoln\u00fd. Robustn\u00ed design a vylep\u0161en\u00fd mechanismus otev\u00edr\u00e1n\u00ed \u010din\u00ed tento n\u016f\u017e spolehliv\u00fdm n\u00e1strojem pro ka\u017edou situaci.<\/p>\n<\/div>\n<\/div>\n<\/div>\n<\/div>\n<div class=\"mb-2 flex gap-3 empty:hidden -ml-2\">\n<div class=\"items-center justify-start rounded-xl p-1 flex\">\n<div class=\"flex items-center\"><\/div>\n<\/div>\n<\/div>\n<table class=\"datatable bokerparamtable\" style=\"width: 50%; letter-spacing: 0.03em;\" border=\"0\" cellspacing=\"0\" cellpadding=\"0\">\n<tbody>\n<tr>\n<td style=\"width: 50%;\">Celkov\u00e1 d\u00e9lka:<\/td>\n<td style=\"width: 25%;\">21.1 cm<\/td>\n<\/tr>\n<tr>\n<td style=\"width: 50%;\">D\u00e9lka \u010depele:<\/td>\n<td style=\"width: 25%;\">8.5 cm<\/td>\n<\/tr>\n<tr>\n<td style=\"width: 50%;\">Tlou\u0161\u0165ka \u010depele:<\/td>\n<td style=\"width: 25%;\">3.3 cm<\/td>\n<\/tr>\n<tr>\n<td style=\"width: 50%;\">Materi\u00e1l \u010depele:<\/td>\n<td style=\"width: 25%;\"><a href=\"\/prehled-materialu\/12c27\">12C27<\/a><\/td>\n<\/tr>\n<tr>\n<td style=\"width: 50%;\">Materi\u00e1l rukojeti:<\/td>\n<td style=\"width: 25%;\">GFK<\/td>\n<\/tr>\n<\/tbody>\n<\/table>\n","protected":false},"excerpt":{"rendered":"<p><strong>B\u00f6ker Plus Savior 2 01BO321 je vynikaj\u00edc\u00ed volbou pro ka\u017edodenn\u00ed pou\u017eit\u00ed, outdoorov\u00e9 aktivity, a taktick\u00e9 operace. S kvalitn\u00ed D2 \u010depel\u00ed, ergonomickou G10 rukojet\u00ed a dal\u0161\u00edmi praktick\u00fdmi funkcemi, jako je rozb\u00edje\u010d skla a konvertibiln\u00ed klip, je tento n\u016f\u017e nejen \u00fa\u010dinn\u00fd, ale i velmi odoln\u00fd. Robustn\u00ed design a vylep\u0161en\u00fd mechanismus otev\u00edr\u00e1n\u00ed \u010din\u00ed tento n\u016f\u017e spolehliv\u00fdm n\u00e1strojem pro ka\u017edou situaci.<\/strong><\/p>\n","protected":false},"featured_media":361193,"comment_status":"closed","ping_status":"closed","template":"","meta":[],"pwb-brand":[140],"product_brand":[],"product_cat":[17,22],"product_tag":[],"class_list":{"0":"post-361192","1":"product","2":"type-product","3":"status-publish","4":"has-post-thumbnail","6":"pwb-brand-boker","7":"product_cat-noze","8":"product_cat-zaviraci-noze","10":"first","11":"instock","12":"taxable","13":"shipping-taxable","14":"purchasable","15":"product-type-simple"},"brands":[{"id":140,"name":"Boker","slug":"boker"}],"_links":{"self":[{"href":"https:\/\/www.moskito.cz\/it\/wp-json\/wp\/v2\/product\/361192","targetHints":{"allow":["GET"]}}],"collection":[{"href":"https:\/\/www.moskito.cz\/it\/wp-json\/wp\/v2\/product"}],"about":[{"href":"https:\/\/www.moskito.cz\/it\/wp-json\/wp\/v2\/types\/product"}],"replies":[{"embeddable":true,"href":"https:\/\/www.moskito.cz\/it\/wp-json\/wp\/v2\/comments?post=361192"}],"wp:featuredmedia":[{"embeddable":true,"href":"https:\/\/www.moskito.cz\/it\/wp-json\/wp\/v2\/media\/361193"}],"wp:attachment":[{"href":"https:\/\/www.moskito.cz\/it\/wp-json\/wp\/v2\/media?parent=361192"}],"wp:term":[{"taxonomy":"pwb-brand","embeddable":true,"href":"https:\/\/www.moskito.cz\/it\/wp-json\/wp\/v2\/pwb-brand?post=361192"},{"taxonomy":"product_brand","embeddable":true,"href":"https:\/\/www.moskito.cz\/it\/wp-json\/wp\/v2\/product_brand?post=361192"},{"taxonomy":"product_cat","embeddable":true,"href":"https:\/\/www.moskito.cz\/it\/wp-json\/wp\/v2\/product_cat?post=361192"},{"taxonomy":"product_tag","embeddable":true,"href":"https:\/\/www.moskito.cz\/it\/wp-json\/wp\/v2\/product_tag?post=361192"}],"curies":[{"name":"wp","href":"https:\/\/api.w.org\/{rel}","templated":true}]}}