{"id":361267,"date":"2024-09-26T13:01:37","date_gmt":"2024-09-26T12:01:37","guid":{"rendered":"https:\/\/www.moskito.cz\/produkt\/boker-plus-aks-74-cpm-s30v\/"},"modified":"2025-05-07T11:25:26","modified_gmt":"2025-05-07T10:25:26","slug":"boker-plus-aks-74-cpm-s30v","status":"publish","type":"product","link":"https:\/\/www.moskito.cz\/it\/produkt\/boker-plus-aks-74-cpm-s30v\/","title":{"rendered":"Vyst\u0159elovac\u00ed N\u016f\u017e B\u00f6ker Plus AKS-74 CPM-S30V 01KALS30"},"content":{"rendered":"<p>Vyst\u0159elovac\u00ed N\u016f\u017e <strong>B\u00f6ker Plus<\/strong> AKS-74 CPM-S30V 01KALS30.<\/p>\n<div class=\"flex max-w-full flex-col flex-grow\">\n<div class=\"min-h-8 text-message flex w-full flex-col items-end gap-2 whitespace-normal break-words [.text-message+&amp;]:mt-5\" dir=\"auto\" data-message-author-role=\"assistant\" data-message-id=\"6360366c-977b-4b50-ab94-12a9ec70a3b4\" data-message-model-slug=\"gpt-4o-mini\">\n<div class=\"flex w-full flex-col gap-1 empty:hidden first:pt-[3px]\">\n<div class=\"markdown prose w-full break-words dark:prose-invert light\">\n<h3><strong>Vyst\u0159elovac\u00ed N\u016f\u017e B\u00f6ker Plus AKS-74 CPM-S30V 01KALS30<\/strong><\/h3>\n<p>B\u00f6ker Plus AKS-74 ze s\u00e9rie <strong>Kala\u0161nikov<\/strong> je vysoce kvalitn\u00ed automatick\u00fd n\u016f\u017e, kter\u00fd p\u0159in\u00e1\u0161\u00ed unik\u00e1tn\u00ed kombinaci funk\u010dnosti a estetick\u00e9ho designu. Tento model je popul\u00e1rn\u00ed mezi nad\u0161enci a sb\u011brateli a nyn\u00ed p\u0159ich\u00e1z\u00ed ve vylep\u0161en\u00e9 verzi s <strong>pr\u00e1\u0161kovou metalurgickou ocel\u00ed CPM-S30V<\/strong>, kter\u00e1 poskytuje vynikaj\u00edc\u00ed odolnost a v\u00fdkon.<\/p>\n<hr \/>\n<h3><strong>Kl\u00ed\u010dov\u00e9 vlastnosti:<\/strong><\/h3>\n<ol>\n<li><strong>\u010cepel<\/strong>:\n<ul>\n<li><strong>Materi\u00e1l<\/strong>: <strong>CPM-S30V<\/strong> \u2013 vysokov\u00fdkonn\u00e1 americk\u00e1 ocel, zn\u00e1m\u00e1 pro svou vynikaj\u00edc\u00ed odolnost proti opot\u0159eben\u00ed a skv\u011blou retenci ostrosti. Tato ocel je pova\u017eov\u00e1na za jednu z nejlep\u0161\u00edch pro v\u00fdrobu no\u017e\u016f, co\u017e tento model \u0159ad\u00ed mezi \u0161pi\u010dku na trhu.<\/li>\n<li><strong>Povrchov\u00e1 \u00faprava<\/strong>: <strong>Sat\u00e9nov\u00fd povrch<\/strong> \u2013 elegantn\u00ed a odoln\u00fd, z\u00e1rove\u0148 zvy\u0161uje odolnost proti korozi.<\/li>\n<li><strong>D\u00e9lka \u010depele<\/strong>: 8,50 cm \u2013 ide\u00e1ln\u00ed pro v\u0161estrann\u00e9 pou\u017eit\u00ed, od ka\u017edodenn\u00edho no\u0161en\u00ed a\u017e po n\u00e1ro\u010dn\u011bj\u0161\u00ed \u00fakoly.<\/li>\n<\/ul>\n<\/li>\n<li><strong>Rukoje\u0165<\/strong>:\n<ul>\n<li><strong>Materi\u00e1l<\/strong>: <strong>Hlin\u00edk<\/strong> \u2013 odoln\u00fd a lehk\u00fd materi\u00e1l, kter\u00fd poskytuje pevnost a komfortn\u00ed uchopen\u00ed.<\/li>\n<li><strong>Design<\/strong>: Rukoje\u0165 je inspirov\u00e1na <strong>bajonetem \u00fato\u010dn\u00e9 pu\u0161ky AK<\/strong>, co\u017e j\u00ed d\u00e1v\u00e1 robustn\u00ed, vojensk\u00fd vzhled. Vyv\u00fd\u0161en\u00e9 konstruk\u010dn\u00ed panely zaji\u0161\u0165uj\u00ed bezpe\u010dn\u00fd \u00fachop i v n\u00e1ro\u010dn\u011bj\u0161\u00edch podm\u00ednk\u00e1ch.<\/li>\n<li><strong>Barva<\/strong>: <strong>\u010cern\u00e1<\/strong> \u2013 klasick\u00fd a elegantn\u00ed vzhled.<\/li>\n<\/ul>\n<\/li>\n<li><strong>Mechanismus<\/strong>:\n<ul>\n<li><strong>Otev\u00edr\u00e1n\u00ed<\/strong>: <strong>Automatick\u00e9<\/strong> \u2013 stisknut\u00edm tla\u010d\u00edtka se \u010depel rychle a bezpe\u010dn\u011b vysune.<\/li>\n<li><strong>Uzav\u0159en\u00ed<\/strong>: Tla\u010d\u00edtko zaji\u0161\u0165uje bezpe\u010dn\u00e9 uzam\u010den\u00ed \u010depele, co\u017e minimalizuje riziko necht\u011bn\u00e9ho otev\u0159en\u00ed p\u0159i no\u0161en\u00ed.<\/li>\n<\/ul>\n<\/li>\n<li><strong>Dal\u0161\u00ed funkce<\/strong>:\n<ul>\n<li><strong>Klip<\/strong>: <strong>Oto\u010dn\u00fd klip<\/strong> pro pohodln\u00e9 no\u0161en\u00ed no\u017ee v kapse nebo na opasku, umo\u017e\u0148uje no\u0161en\u00ed \u0161pi\u010dkou nahoru (tip-up).<\/li>\n<li><strong>Bezpe\u010dnost<\/strong>: Pevn\u00e1 konstrukce a robustn\u00ed mechanismus zaji\u0161\u0165uj\u00ed, \u017ee n\u016f\u017e je bezpe\u010dn\u00fd a spolehliv\u00fd i p\u0159i intenzivn\u00edm pou\u017e\u00edv\u00e1n\u00ed.<\/li>\n<\/ul>\n<\/li>\n<\/ol>\n<hr \/>\n<h3><strong>Technick\u00e9 specifikace<\/strong>:<\/h3>\n<ul>\n<li><strong>Celkov\u00e1 d\u00e9lka<\/strong>: 20,00 cm<\/li>\n<li><strong>D\u00e9lka \u010depele<\/strong>: 8,50 cm<\/li>\n<li><strong>Hmotnost<\/strong>: 120,00 g<\/li>\n<li><strong>Materi\u00e1l \u010depele<\/strong>: CPM-S30V<\/li>\n<li><strong>Materi\u00e1l rukojeti<\/strong>: Hlin\u00edk<\/li>\n<li><strong>Otev\u00edrac\u00ed mechanismus<\/strong>: Automatick\u00fd (stisknut\u00edm tla\u010d\u00edtka)<\/li>\n<li><strong>Uzav\u0159en\u00ed<\/strong>: Stisknut\u00edm tla\u010d\u00edtka<\/li>\n<li><strong>Barva<\/strong>: \u010cern\u00e1<\/li>\n<li><strong>\u010c\u00edslo polo\u017eky<\/strong>: 01KALS30<\/li>\n<\/ul>\n<hr \/>\n<h3><strong>V\u00fdhody a pou\u017eit\u00ed<\/strong>:<\/h3>\n<ul>\n<li><strong>Vysok\u00fd v\u00fdkon<\/strong>: Ocel CPM-S30V nab\u00edz\u00ed \u0161pi\u010dkov\u00fd v\u00fdkon v oblasti odolnosti a ostrosti, co\u017e d\u011bl\u00e1 tento n\u016f\u017e ide\u00e1ln\u00edm pro n\u00e1ro\u010dn\u00e9 \u00fakoly.<\/li>\n<li><strong>Kompaktn\u00ed a funk\u010dn\u00ed design<\/strong>: Automatick\u00e9 otev\u00edr\u00e1n\u00ed je ide\u00e1ln\u00ed pro rychl\u00e9 nasazen\u00ed no\u017ee v krizov\u00fdch situac\u00edch.<\/li>\n<li><strong>Styl a robustnost<\/strong>: Inspirace vojensk\u00fdmi designy v kombinaci s modern\u00edmi materi\u00e1ly \u010din\u00ed tento n\u016f\u017e nejen v\u00fdkonn\u00fdm, ale i vizu\u00e1ln\u011b atraktivn\u00edm.<\/li>\n<li><strong>Ergonomie<\/strong>: Hlin\u00edkov\u00e1 rukoje\u0165 s vyv\u00fd\u0161en\u00fdmi panely zaji\u0161\u0165uje pohodln\u00e9 a bezpe\u010dn\u00e9 uchopen\u00ed i v t\u011b\u017ek\u00fdch podm\u00ednk\u00e1ch.<\/li>\n<\/ul>\n<hr \/>\n<h3><strong>Z\u00e1v\u011br<\/strong>:<\/h3>\n<p><strong>B\u00f6ker Plus AKS-74 CPM-S30V 01KALS30<\/strong> je vynikaj\u00edc\u00ed volbou pro ty, kte\u0159\u00ed hledaj\u00ed spolehliv\u00fd, vysoce v\u00fdkonn\u00fd automatick\u00fd n\u016f\u017e s kvalitn\u00edmi materi\u00e1ly. Tento model z\u016fst\u00e1v\u00e1 v\u011brn\u00fd tradici no\u017e\u016f <strong>Kala\u0161nikov<\/strong>, p\u0159i\u010dem\u017e p\u0159in\u00e1\u0161\u00ed \u0161pi\u010dkovou ocel CPM-S30V pro maxim\u00e1ln\u00ed odolnost a v\u00fdkon. Je ide\u00e1ln\u00ed pro ka\u017edodenn\u00ed no\u0161en\u00ed i n\u00e1ro\u010dn\u00e9 pou\u017eit\u00ed v krizov\u00fdch situac\u00edch.<\/p>\n<\/div>\n<\/div>\n<\/div>\n<\/div>\n<div class=\"mb-2 flex gap-3 empty:hidden -ml-2\">\n<div class=\"items-center justify-start rounded-xl p-1 flex\">\n<div class=\"flex items-center\"><\/div>\n<\/div>\n<\/div>\n<p>&nbsp;<\/p>\n","protected":false},"excerpt":{"rendered":"<p><strong>B\u00f6ker Plus AKS-74 CPM-S30V 01KALS30 je vynikaj\u00edc\u00ed volbou pro ty, kte\u0159\u00ed hledaj\u00ed spolehliv\u00fd, vysoce v\u00fdkonn\u00fd automatick\u00fd n\u016f\u017e s kvalitn\u00edmi materi\u00e1ly. Tento model z\u016fst\u00e1v\u00e1 v\u011brn\u00fd tradici no\u017e\u016f Kala\u0161nikov, p\u0159i\u010dem\u017e p\u0159in\u00e1\u0161\u00ed \u0161pi\u010dkovou ocel CPM-S30V pro maxim\u00e1ln\u00ed odolnost a v\u00fdkon. Je ide\u00e1ln\u00ed pro ka\u017edodenn\u00ed no\u0161en\u00ed i n\u00e1ro\u010dn\u00e9 pou\u017eit\u00ed v krizov\u00fdch situac\u00edch.<\/strong><\/p>\n<p><strong>Doprava zdarma.<\/strong><\/p>\n","protected":false},"featured_media":366841,"comment_status":"closed","ping_status":"closed","template":"","meta":[],"pwb-brand":[140],"product_brand":[],"product_cat":[2019,17],"product_tag":[],"class_list":{"0":"post-361267","1":"product","2":"type-product","3":"status-publish","4":"has-post-thumbnail","6":"pwb-brand-boker","7":"product_cat-vystrelovaci-noze","8":"product_cat-noze","10":"first","11":"instock","12":"taxable","13":"shipping-taxable","14":"purchasable","15":"product-type-simple"},"brands":[{"id":140,"name":"Boker","slug":"boker"}],"_links":{"self":[{"href":"https:\/\/www.moskito.cz\/it\/wp-json\/wp\/v2\/product\/361267","targetHints":{"allow":["GET"]}}],"collection":[{"href":"https:\/\/www.moskito.cz\/it\/wp-json\/wp\/v2\/product"}],"about":[{"href":"https:\/\/www.moskito.cz\/it\/wp-json\/wp\/v2\/types\/product"}],"replies":[{"embeddable":true,"href":"https:\/\/www.moskito.cz\/it\/wp-json\/wp\/v2\/comments?post=361267"}],"wp:featuredmedia":[{"embeddable":true,"href":"https:\/\/www.moskito.cz\/it\/wp-json\/wp\/v2\/media\/366841"}],"wp:attachment":[{"href":"https:\/\/www.moskito.cz\/it\/wp-json\/wp\/v2\/media?parent=361267"}],"wp:term":[{"taxonomy":"pwb-brand","embeddable":true,"href":"https:\/\/www.moskito.cz\/it\/wp-json\/wp\/v2\/pwb-brand?post=361267"},{"taxonomy":"product_brand","embeddable":true,"href":"https:\/\/www.moskito.cz\/it\/wp-json\/wp\/v2\/product_brand?post=361267"},{"taxonomy":"product_cat","embeddable":true,"href":"https:\/\/www.moskito.cz\/it\/wp-json\/wp\/v2\/product_cat?post=361267"},{"taxonomy":"product_tag","embeddable":true,"href":"https:\/\/www.moskito.cz\/it\/wp-json\/wp\/v2\/product_tag?post=361267"}],"curies":[{"name":"wp","href":"https:\/\/api.w.org\/{rel}","templated":true}]}}