{"id":361314,"date":"2024-09-26T13:02:06","date_gmt":"2024-09-26T12:02:06","guid":{"rendered":"https:\/\/www.moskito.cz\/produkt\/kapesni-nuz-magnum-forest-ranger\/"},"modified":"2025-08-10T08:07:52","modified_gmt":"2025-08-10T07:07:52","slug":"kapesni-nuz-magnum-forest-ranger","status":"publish","type":"product","link":"https:\/\/www.moskito.cz\/it\/produkt\/kapesni-nuz-magnum-forest-ranger\/","title":{"rendered":"Zav\u00edrac\u00ed N\u016f\u017e Magnum Forest Ranger 01MB233"},"content":{"rendered":"<p>Zav\u00edrac\u00ed N\u016f\u017e <strong>Magnum<\/strong> Forest Ranger 01MB233.<\/p>\n<p>Dokonce i ty nejn\u00e1ro\u010dn\u011bj\u0161\u00ed \u00fakoly lze snadno zvl\u00e1dat s t\u00edmto impozantn\u00ed no\u017eem. \u010cepel Clip-Point z\u00a0nerezov\u00e9 oceli 440 m\u00e1 pojistn\u00fd mechanismus Linerlock proti ne\u00famysln\u00e9mu zav\u0159en\u00ed no\u017ee p\u0159i pr\u00e1ci. Bolster k\u00a0u\u0161lechtil\u00e9 oceli a velkorys\u00e9 oblo\u017een\u00ed rukojeti z\u00a0ko\u0159enov\u00e9ho d\u0159eva \u010din\u00ed z no\u017ee opravdov\u00fd klenot. D\u00edky klipu pro uchycen\u00ed (p\u0159ipevn\u011bn\u00fd t\u0159emi \u0161rouby) je n\u016f\u017e v\u017edy po ruce pro dal\u0161\u00ed pou\u017eit\u00ed.<\/p>\n<p>Zna\u010dka: Magnum<br \/>\nCelkov\u00e1 d\u00e9lka: 23,50 cm<br \/>\nD\u00e9lka \u010depele: 9,70 cm<br \/>\nTlou\u0161\u0165ka \u010depele: 3,50 mm<br \/>\nHmotnost: 186,00 g<br \/>\nMateri\u00e1l \u010depele: 7Cr17MoV<br \/>\nMateri\u00e1l rukojeti: D\u0159evo<br \/>\nPom\u016fcka pro otev\u00edr\u00e1n\u00ed: P\u0159ip\u00edn\u00e1\u010dek na palec<br \/>\nOtev\u00edrac\u00ed: Ru\u010dn\u011b<br \/>\nUzav\u0159en\u00ed: Z\u00e1mek vlo\u017eky<br \/>\n\u010c\u00edslo polo\u017eky: 01 MB233<\/p>\n<p>&nbsp;<\/p>\n","protected":false},"excerpt":{"rendered":"<p><strong>Dokonce i ty nejn\u00e1ro\u010dn\u011bj\u0161\u00ed \u00fakoly lze snadno zvl\u00e1dat s t\u00edmto impozantn\u00ed no\u017eem.<\/strong><\/p>\n","protected":false},"featured_media":363545,"comment_status":"closed","ping_status":"closed","template":"","meta":[],"pwb-brand":[140],"product_brand":[],"product_cat":[22,17],"product_tag":[],"class_list":{"0":"post-361314","1":"product","2":"type-product","3":"status-publish","4":"has-post-thumbnail","6":"pwb-brand-boker","7":"product_cat-zaviraci-noze","8":"product_cat-noze","10":"first","11":"outofstock","12":"taxable","13":"shipping-taxable","14":"purchasable","15":"product-type-simple"},"brands":[{"id":140,"name":"Boker","slug":"boker"}],"_links":{"self":[{"href":"https:\/\/www.moskito.cz\/it\/wp-json\/wp\/v2\/product\/361314","targetHints":{"allow":["GET"]}}],"collection":[{"href":"https:\/\/www.moskito.cz\/it\/wp-json\/wp\/v2\/product"}],"about":[{"href":"https:\/\/www.moskito.cz\/it\/wp-json\/wp\/v2\/types\/product"}],"replies":[{"embeddable":true,"href":"https:\/\/www.moskito.cz\/it\/wp-json\/wp\/v2\/comments?post=361314"}],"wp:featuredmedia":[{"embeddable":true,"href":"https:\/\/www.moskito.cz\/it\/wp-json\/wp\/v2\/media\/363545"}],"wp:attachment":[{"href":"https:\/\/www.moskito.cz\/it\/wp-json\/wp\/v2\/media?parent=361314"}],"wp:term":[{"taxonomy":"pwb-brand","embeddable":true,"href":"https:\/\/www.moskito.cz\/it\/wp-json\/wp\/v2\/pwb-brand?post=361314"},{"taxonomy":"product_brand","embeddable":true,"href":"https:\/\/www.moskito.cz\/it\/wp-json\/wp\/v2\/product_brand?post=361314"},{"taxonomy":"product_cat","embeddable":true,"href":"https:\/\/www.moskito.cz\/it\/wp-json\/wp\/v2\/product_cat?post=361314"},{"taxonomy":"product_tag","embeddable":true,"href":"https:\/\/www.moskito.cz\/it\/wp-json\/wp\/v2\/product_tag?post=361314"}],"curies":[{"name":"wp","href":"https:\/\/api.w.org\/{rel}","templated":true}]}}