{"id":361435,"date":"2024-09-26T13:03:32","date_gmt":"2024-09-26T12:03:32","guid":{"rendered":"https:\/\/www.moskito.cz\/produkt\/nuz-s-pevnou-cepeli-arbolito-el-gigante-micarta\/"},"modified":"2025-05-07T11:25:29","modified_gmt":"2025-05-07T10:25:29","slug":"nuz-s-pevnou-cepeli-arbolito-el-gigante-micarta","status":"publish","type":"product","link":"https:\/\/www.moskito.cz\/it\/produkt\/nuz-s-pevnou-cepeli-arbolito-el-gigante-micarta\/","title":{"rendered":"Pevn\u00fd N\u016f\u017e B\u00f6ker Arbolito El Gigante Micarta"},"content":{"rendered":"<p>Pevn\u00fd N\u016f\u017e <strong>B\u00f6ker<\/strong> Arbolito El Gigante Micarta.<\/p>\n<p>Pevn\u00e1 konstrukce v kombinaci s klasick\u00fdm vzhledem a vysokou u\u017eitnou hodnotou d\u011blaj\u00ed z no\u017ee Arbolito El Gigante vynikaj\u00edc\u00edho spole\u010dn\u00edka do p\u0159\u00edrody a na lov. Nezni\u010diteln\u00e9 st\u0159enky rukojeti Green Canvas Micarta maj\u00ed speci\u00e1ln\u00ed dr\u00e1\u017ekovou strukturu, a proto je t\u011b\u017ek\u00e9 je p\u0159ekonat z hlediska \u00fachopu. Klasick\u00fd vzhled materi\u00e1lu spolu s mimo\u0159\u00e1dn\u011b praktickou povrchovou \u00fapravou \u010depele Stonewash korunuje tento model na mimo\u0159\u00e1dn\u00fd n\u016f\u017e nejen pro pou\u017e\u00edv\u00e1n\u00ed, ale i pro sb\u011bratele. Pevn\u00e1 \u010depel z oceli B\u00f6hler N695 kompletn\u011b proch\u00e1z\u00ed celou rukojet\u00ed a sm\u011brem k jej\u00ed patce se zu\u017euje. Tato zu\u017euj\u00edc\u00ed se rukoje\u0165 dod\u00e1v\u00e1 no\u017ei zvl\u00e1\u0161tn\u00ed vizu\u00e1ln\u00ed p\u0159ita\u017elivost a zaji\u0161\u0165uje vynikaj\u00edc\u00ed vyv\u00e1\u017een\u00ed. Vystoupl\u00e1 a robustn\u00ed z\u00e1\u0161tita ruky je vyrobena z brou\u0161en\u00e9 nerezov\u00e9 oceli, slibuje vysokou spolehlivost p\u0159i manipulaci a p\u0159isp\u00edv\u00e1 k vyt\u0159\u00edben\u00e9mu vzhledu. Dod\u00e1v\u00e1 se s kvalitn\u00edm ko\u017een\u00fdm pouzdrem.<\/p>\n<p>Zna\u010dka: B\u00f6ker Arbolito<br \/>\nCelkov\u00e1 d\u00e9lka: 36,80 cm<br \/>\nD\u00e9lka \u010depele: 23,50 cm<br \/>\nTlou\u0161\u0165ka \u010depele: 6,40 mm<br \/>\nHmotnost: 450,00 g<br \/>\nMateri\u00e1l \u010depele: N695<br \/>\nMateri\u00e1l rukojeti: Micarta<br \/>\nVyrobeno v: Argentina<br \/>\nBarva: \u0160ed\u00e1<br \/>\nMateri\u00e1l pl\u00e1\u0161t\u011b: k\u016f\u017ee<br \/>\n\u010c\u00edslo polo\u017eky: 02BA595M<\/p>\n<p>&nbsp;<\/p>\n","protected":false},"excerpt":{"rendered":"<p><strong>Pevn\u00e1 konstrukce v kombinaci s klasick\u00fdm vzhledem a vysokou u\u017eitnou hodnotou d\u011blaj\u00ed z no\u017ee Arbolito El Gigante vynikaj\u00edc\u00edho spole\u010dn\u00edka do p\u0159\u00edrody a na lov.\u00a0<\/strong><\/p>\n<p><strong>Doprava zdarma.<\/strong><\/p>\n","protected":false},"featured_media":363501,"comment_status":"closed","ping_status":"closed","template":"","meta":[],"pwb-brand":[140],"product_brand":[],"product_cat":[17,23],"product_tag":[],"class_list":{"0":"post-361435","1":"product","2":"type-product","3":"status-publish","4":"has-post-thumbnail","6":"pwb-brand-boker","7":"product_cat-noze","8":"product_cat-pevne-noze","10":"first","11":"outofstock","12":"taxable","13":"shipping-taxable","14":"purchasable","15":"product-type-simple"},"brands":[{"id":140,"name":"Boker","slug":"boker"}],"_links":{"self":[{"href":"https:\/\/www.moskito.cz\/it\/wp-json\/wp\/v2\/product\/361435","targetHints":{"allow":["GET"]}}],"collection":[{"href":"https:\/\/www.moskito.cz\/it\/wp-json\/wp\/v2\/product"}],"about":[{"href":"https:\/\/www.moskito.cz\/it\/wp-json\/wp\/v2\/types\/product"}],"replies":[{"embeddable":true,"href":"https:\/\/www.moskito.cz\/it\/wp-json\/wp\/v2\/comments?post=361435"}],"wp:featuredmedia":[{"embeddable":true,"href":"https:\/\/www.moskito.cz\/it\/wp-json\/wp\/v2\/media\/363501"}],"wp:attachment":[{"href":"https:\/\/www.moskito.cz\/it\/wp-json\/wp\/v2\/media?parent=361435"}],"wp:term":[{"taxonomy":"pwb-brand","embeddable":true,"href":"https:\/\/www.moskito.cz\/it\/wp-json\/wp\/v2\/pwb-brand?post=361435"},{"taxonomy":"product_brand","embeddable":true,"href":"https:\/\/www.moskito.cz\/it\/wp-json\/wp\/v2\/product_brand?post=361435"},{"taxonomy":"product_cat","embeddable":true,"href":"https:\/\/www.moskito.cz\/it\/wp-json\/wp\/v2\/product_cat?post=361435"},{"taxonomy":"product_tag","embeddable":true,"href":"https:\/\/www.moskito.cz\/it\/wp-json\/wp\/v2\/product_tag?post=361435"}],"curies":[{"name":"wp","href":"https:\/\/api.w.org\/{rel}","templated":true}]}}