{"id":361473,"date":"2024-09-26T13:04:21","date_gmt":"2024-09-26T12:04:21","guid":{"rendered":"https:\/\/www.moskito.cz\/produkt\/magnum-capital\/"},"modified":"2025-06-19T14:00:54","modified_gmt":"2025-06-19T13:00:54","slug":"magnum-capital","status":"publish","type":"product","link":"https:\/\/www.moskito.cz\/it\/produkt\/magnum-capital\/","title":{"rendered":"Pevn\u00fd N\u016f\u017e Magnum Capital 02RY336"},"content":{"rendered":"<table class=\"datatable bokerparamtable\" style=\"width: 50%; letter-spacing: 0.03em;\" border=\"0\" cellspacing=\"0\" cellpadding=\"0\">\n<tbody>\n<tr>\n<td style=\"width: 50%;\">Celkov\u00e1 d\u00e9lka:<\/td>\n<td style=\"width: 25%;\">23 cm<\/td>\n<\/tr>\n<tr>\n<td style=\"width: 50%;\">D\u00e9lka \u010depele:<\/td>\n<td style=\"width: 25%;\">11.5 cm<\/td>\n<\/tr>\n<tr>\n<td style=\"width: 50%;\">Tlou\u0161\u0165ka \u010depele:<\/td>\n<td style=\"width: 25%;\">3 mm<\/td>\n<\/tr>\n<tr>\n<td style=\"width: 50%;\">Hmotnost:<\/td>\n<td style=\"width: 25%;\">231 g<\/td>\n<\/tr>\n<tr>\n<td style=\"width: 50%;\">Materi\u00e1l \u010depele:<\/td>\n<td style=\"width: 25%;\"><a href=\"\/prehled-materialu\/440-a\">440A<\/a><\/td>\n<\/tr>\n<tr>\n<td style=\"width: 50%;\">Materi\u00e1l rukojeti:<\/td>\n<td style=\"width: 25%;\">Micarta<\/td>\n<\/tr>\n<tr>\n<td style=\"width: 50%;\">Typ pojistky:<\/td>\n<td style=\"width: 25%;\">Pevn\u00fd n\u016f\u017e<\/td>\n<\/tr>\n<\/tbody>\n<\/table>\n<p>Pevn\u00fd N\u016f\u017e <strong>Magnum<\/strong> Capital 02RY336.<\/p>\n<p>\u00da\u017easn\u011b elegantn\u00ed n\u016f\u017e s kr\u00e1sn\u011b satinovanou Recurve \u010depel\u00ed z nerezov\u00e9 oceli 440. Jemn\u00e9 ricasso dod\u00e1v\u00e1 tomuto no\u017ei dynamiku. Ergonomicky tvarovan\u00e1 rukoje\u0165 se st\u0159enkami z micarty se pohodln\u011b dr\u017e\u00ed v ruce. \u010cepel proch\u00e1z\u00ed rukojet\u00ed v\u00a0pln\u00e9 \u0161\u00ed\u0159i (fulltang). Dod\u00e1v\u00e1 se s ko\u017een\u00fdm pouzdrem.<\/p>\n","protected":false},"excerpt":{"rendered":"<p><strong>\u00da\u017easn\u011b elegantn\u00ed n\u016f\u017e s kr\u00e1sn\u011b satinovanou Recurve \u010depel\u00ed z nerezov\u00e9 oceli 440.\u00a0<\/strong><\/p>\n","protected":false},"featured_media":362371,"comment_status":"closed","ping_status":"closed","template":"","meta":[],"pwb-brand":[140],"product_brand":[],"product_cat":[17,23],"product_tag":[],"class_list":{"0":"post-361473","1":"product","2":"type-product","3":"status-publish","4":"has-post-thumbnail","6":"pwb-brand-boker","7":"product_cat-noze","8":"product_cat-pevne-noze","10":"first","11":"outofstock","12":"taxable","13":"shipping-taxable","14":"purchasable","15":"product-type-simple"},"brands":[{"id":140,"name":"Boker","slug":"boker"}],"_links":{"self":[{"href":"https:\/\/www.moskito.cz\/it\/wp-json\/wp\/v2\/product\/361473","targetHints":{"allow":["GET"]}}],"collection":[{"href":"https:\/\/www.moskito.cz\/it\/wp-json\/wp\/v2\/product"}],"about":[{"href":"https:\/\/www.moskito.cz\/it\/wp-json\/wp\/v2\/types\/product"}],"replies":[{"embeddable":true,"href":"https:\/\/www.moskito.cz\/it\/wp-json\/wp\/v2\/comments?post=361473"}],"wp:featuredmedia":[{"embeddable":true,"href":"https:\/\/www.moskito.cz\/it\/wp-json\/wp\/v2\/media\/362371"}],"wp:attachment":[{"href":"https:\/\/www.moskito.cz\/it\/wp-json\/wp\/v2\/media?parent=361473"}],"wp:term":[{"taxonomy":"pwb-brand","embeddable":true,"href":"https:\/\/www.moskito.cz\/it\/wp-json\/wp\/v2\/pwb-brand?post=361473"},{"taxonomy":"product_brand","embeddable":true,"href":"https:\/\/www.moskito.cz\/it\/wp-json\/wp\/v2\/product_brand?post=361473"},{"taxonomy":"product_cat","embeddable":true,"href":"https:\/\/www.moskito.cz\/it\/wp-json\/wp\/v2\/product_cat?post=361473"},{"taxonomy":"product_tag","embeddable":true,"href":"https:\/\/www.moskito.cz\/it\/wp-json\/wp\/v2\/product_tag?post=361473"}],"curies":[{"name":"wp","href":"https:\/\/api.w.org\/{rel}","templated":true}]}}