{"id":361579,"date":"2024-09-26T13:05:14","date_gmt":"2024-09-26T12:05:14","guid":{"rendered":"https:\/\/www.moskito.cz\/produkt\/magnum-blind-samurai\/"},"modified":"2025-05-07T11:25:32","modified_gmt":"2025-05-07T10:25:32","slug":"magnum-blind-samurai","status":"publish","type":"product","link":"https:\/\/www.moskito.cz\/it\/produkt\/magnum-blind-samurai\/","title":{"rendered":"Magnum Blind Samurai 05ZS600"},"content":{"rendered":"<p><strong>Magnum<\/strong> Blind Samurai 05ZS600.<\/p>\n<p>Tento me\u010d pat\u0159\u00ed slep\u00e9mu poutn\u00edkovi. \u010clov\u011bk \u017eij\u00edc\u00ed v m\u00edru, ale kdy\u017e se dostane do nebezpe\u010d\u00ed, jeho me\u010d se za n\u011bj postav\u00ed. Svou odvahou a dovednost\u00ed p\u0159ekon\u00e1v\u00e1 sv\u00e9 protivn\u00edky. Jeho me\u010d nem\u00e1 tsubu a sv\u00fdm stylem p\u0159ipom\u00edn\u00e1 shirasaya. Na jedn\u00e9 stran\u011b rukojeti jsou dva nen\u00e1padn\u00e9 z\u00e1\u0159ezy, tak\u017ee nositel v\u017edy v\u00ed, kter\u00fdm sm\u011brem m\u00ed\u0159\u00ed ost\u0159\u00ed. \u010cepel z uhl\u00edkov\u00e9 oceli 1045 je udr\u017eov\u00e1na rovn\u00e1 a nen\u00ed tradi\u010dn\u011b zak\u0159iven\u00e1. Rukoje\u0165 a pochva jsou vyrobeny ze d\u0159eva a jsou n\u00e1ro\u010dn\u011b lakovan\u00e9.<\/p>\n<p>Zna\u010dka: Magnum<br \/>\nCelkov\u00e1 d\u00e9lka: 105,00 cm<br \/>\nD\u00e9lka \u010depele: 73,50 cm<br \/>\nTlou\u0161\u0165ka \u010depele: 6,00 mm<br \/>\nHmotnost: 1000,00 g<br \/>\nMateri\u00e1l \u010depele: 1045<br \/>\nMateri\u00e1l rukojeti: D\u0159evo<br \/>\n\u010c\u00edslo polo\u017eky: 05ZS600<\/p>\n<p>&nbsp;<\/p>\n","protected":false},"excerpt":{"rendered":"<p><strong>Tento me\u010d pat\u0159\u00ed slep\u00e9mu poutn\u00edkovi. \u010clov\u011bk \u017eij\u00edc\u00ed v m\u00edru, ale kdy\u017e se dostane do nebezpe\u010d\u00ed, jeho me\u010d se za n\u011bj postav\u00ed. Svou odvahou a dovednost\u00ed p\u0159ekon\u00e1v\u00e1 sv\u00e9 protivn\u00edky. Jeho me\u010d nem\u00e1 tsubu a sv\u00fdm stylem p\u0159ipom\u00edn\u00e1 shirasaya.<\/strong><\/p>\n","protected":false},"featured_media":368575,"comment_status":"closed","ping_status":"closed","template":"","meta":[],"pwb-brand":[140],"product_brand":[],"product_cat":[24,1942],"product_tag":[],"class_list":{"0":"post-361579","1":"product","2":"type-product","3":"status-publish","4":"has-post-thumbnail","6":"pwb-brand-boker","7":"product_cat-katany-a-mece","8":"product_cat-mece-dyky-repliky","10":"first","11":"outofstock","12":"taxable","13":"shipping-taxable","14":"purchasable","15":"product-type-simple"},"brands":[{"id":140,"name":"Boker","slug":"boker"}],"_links":{"self":[{"href":"https:\/\/www.moskito.cz\/it\/wp-json\/wp\/v2\/product\/361579","targetHints":{"allow":["GET"]}}],"collection":[{"href":"https:\/\/www.moskito.cz\/it\/wp-json\/wp\/v2\/product"}],"about":[{"href":"https:\/\/www.moskito.cz\/it\/wp-json\/wp\/v2\/types\/product"}],"replies":[{"embeddable":true,"href":"https:\/\/www.moskito.cz\/it\/wp-json\/wp\/v2\/comments?post=361579"}],"wp:featuredmedia":[{"embeddable":true,"href":"https:\/\/www.moskito.cz\/it\/wp-json\/wp\/v2\/media\/368575"}],"wp:attachment":[{"href":"https:\/\/www.moskito.cz\/it\/wp-json\/wp\/v2\/media?parent=361579"}],"wp:term":[{"taxonomy":"pwb-brand","embeddable":true,"href":"https:\/\/www.moskito.cz\/it\/wp-json\/wp\/v2\/pwb-brand?post=361579"},{"taxonomy":"product_brand","embeddable":true,"href":"https:\/\/www.moskito.cz\/it\/wp-json\/wp\/v2\/product_brand?post=361579"},{"taxonomy":"product_cat","embeddable":true,"href":"https:\/\/www.moskito.cz\/it\/wp-json\/wp\/v2\/product_cat?post=361579"},{"taxonomy":"product_tag","embeddable":true,"href":"https:\/\/www.moskito.cz\/it\/wp-json\/wp\/v2\/product_tag?post=361579"}],"curies":[{"name":"wp","href":"https:\/\/api.w.org\/{rel}","templated":true}]}}