{"id":365236,"date":"2024-10-22T18:22:46","date_gmt":"2024-10-22T17:24:04","guid":{"rendered":"https:\/\/www.moskito.cz\/produkt\/coltello-da-tiro-microtech-ultratech-navy-stonewash-122-10na\/"},"modified":"2025-05-07T11:25:51","modified_gmt":"2025-05-07T10:25:51","slug":"coltello-da-tiro-microtech-ultratech-navy-stonewash-122-10na","status":"publish","type":"product","link":"https:\/\/www.moskito.cz\/it\/produkt\/coltello-da-tiro-microtech-ultratech-navy-stonewash-122-10na\/","title":{"rendered":"Coltello da tiro Microtech Ultratech Navy Stonewash 122-10NA"},"content":{"rendered":"<p>Coltello da tiro <strong>Microtech<\/strong> Ultratech Navy Stonewash 122-10NA. Presentiamo <strong>Microtech Ultratech<\/strong> , il pionieristico coltello automatico OTF (anteriore) che ha stabilito lo standard per un funzionamento fluido e affidabile. Con una lunghezza complessiva di 8,5 pollici, questo coltello eccezionale \u00e8 progettato per superare le tue aspettative. L&#8217;Ultratech \u00e8 dotato di un&#8217;impressionante lama di pugnale da 3,4 pollici con finitura Stonewash. La lama \u00e8 realizzata in acciaio di alta qualit\u00e0 (l&#8217;acciaio pu\u00f2 variare) e offre prestazioni di taglio e durata eccezionali. Che tu stia affrontando attivit\u00e0 quotidiane o esigenze di taglio pi\u00f9 impegnative, Ultratech \u00e8 all&#8217;altezza della sfida. L&#8217;impugnatura Ultratech da 5 pollici \u00e8 realizzata in alluminio 6061-T6 anodizzato nero e offre una presa comoda ed ergonomica. La clip da tasca sabbiata consente una comoda inclinazione verso il basso, l&#8217;uso con la mano sinistra o destra per un facile accesso. La maniglia \u00e8 inoltre dotata di un rompivetro e di hardware in acciaio inossidabile per una maggiore funzionalit\u00e0 e durata. <strong>L&#8217;Ultratech<\/strong> \u00e8 dotato di uno scivolo per il pollice a doppia azione e offre un&#8217;apertura e una retrazione automatiche rapidissime. Il meccanismo OTF fornisce prestazioni fluide, rendendolo uno strumento affidabile in situazioni critiche. Il suo design sottile lo rende il coltello perfetto per il trasporto quotidiano che si adatta facilmente alla tua tasca o alla tua attrezzatura. Con un peso di soli 3,6 once, l&#8217;Ultratech raggiunge il perfetto equilibrio tra robustezza e portabilit\u00e0. Assemblato negli Stati Uniti con meticolosa attenzione ai dettagli, questo coltello dimostra l&#8217;impegno di Microtech per un&#8217;artigianato e una qualit\u00e0 eccezionali. Scopri l&#8217;eccellenza <strong>di Microtech Ultratech<\/strong> , il pioniere dei coltelli automatici OTF. Con il suo design eccezionale, prestazioni impeccabili e struttura robusta, Ultratech stabilisce standard elevati in termini di affidabilit\u00e0 e funzionalit\u00e0. Che tu sia un collezionista, un hobbista o un professionista, Ultratech \u00e8 la scelta migliore per le tue esigenze di trasporto quotidiane.<\/p>\n<p><strong>Il Microtech Ultratech<\/strong> \u00e8 il primo coltello automatico OTF (dalla parte anteriore) realizzato da Microtech Knives. Il cambio automatico a doppia azione che ha dato inizio a tutto \u00e8 il controllo front-end pi\u00f9 fluido che troverai. Dotato di una lama da 3,4 pollici. L&#8217;Ultratech \u00e8 dotato di un manico sagomato in alluminio anodizzato 6061-T6 da 5 pollici con clip da tasca, frantumi di vetro e hardware in acciaio inossidabile. Un interruttore a scorrimento a doppia azione consente una rapida apertura e ritrazione automatica quando ne hai bisogno. Il design sottile del coltello Ultra lo rende il coltello EDC perfetto. Lunghezza totale: 21 cm<br \/>\n Lama: 8,65 cm M390, Pugnale, Stonewash<br \/>\n Manico: alluminio 6061-T6 da 5&#8243;, blu scuro<br \/>\n Peso: 3,6 once<br \/>\n Clip da tasca: punta verso il basso, usura a sinistra\/destra<br \/>\n Apertura: cursore del pollice<br \/>\n Tipo: OTF (anteriore) Automatico, Doppia azione<br \/>\n Prodotto negli Stati Uniti<br \/>\n Modello: 122-10NA https:\/\/youtu.be\/xE9TeOFYEjg   <\/p>\n<p>&nbsp;<\/p>\n<p>&nbsp;<\/p>\n","protected":false},"excerpt":{"rendered":"<p><strong>Nel corso degli anni Microtech\u00ae Knives ha riempito i coltelli di passione e maestria fino a creare quasi opere d&#8217;arte che sono l&#8217;apice della funzionalit\u00e0. Tutte le parti sono prodotte negli Stati Uniti.<\/strong><br \/>\n<strong>Tutti i coltelli Microtech sono coperti da una garanzia a vita.<\/strong><\/p>\n<p><strong>Trasporto gratuito.<\/strong><\/p>\n","protected":false},"featured_media":365211,"comment_status":"open","ping_status":"closed","template":"","meta":[],"pwb-brand":[3753],"product_brand":[],"product_cat":[3745,3748],"product_tag":[],"class_list":{"0":"post-365236","1":"product","2":"type-product","3":"status-publish","4":"has-post-thumbnail","6":"pwb-brand-microtecnologia-it","7":"product_cat-coltelli","8":"product_cat-coltelli-da-tiro","10":"first","11":"outofstock","12":"taxable","13":"shipping-taxable","14":"purchasable","15":"product-type-simple"},"brands":[{"id":3753,"name":"Microtecnologia","slug":"microtecnologia-it"}],"_links":{"self":[{"href":"https:\/\/www.moskito.cz\/it\/wp-json\/wp\/v2\/product\/365236","targetHints":{"allow":["GET"]}}],"collection":[{"href":"https:\/\/www.moskito.cz\/it\/wp-json\/wp\/v2\/product"}],"about":[{"href":"https:\/\/www.moskito.cz\/it\/wp-json\/wp\/v2\/types\/product"}],"replies":[{"embeddable":true,"href":"https:\/\/www.moskito.cz\/it\/wp-json\/wp\/v2\/comments?post=365236"}],"wp:featuredmedia":[{"embeddable":true,"href":"https:\/\/www.moskito.cz\/it\/wp-json\/wp\/v2\/media\/365211"}],"wp:attachment":[{"href":"https:\/\/www.moskito.cz\/it\/wp-json\/wp\/v2\/media?parent=365236"}],"wp:term":[{"taxonomy":"pwb-brand","embeddable":true,"href":"https:\/\/www.moskito.cz\/it\/wp-json\/wp\/v2\/pwb-brand?post=365236"},{"taxonomy":"product_brand","embeddable":true,"href":"https:\/\/www.moskito.cz\/it\/wp-json\/wp\/v2\/product_brand?post=365236"},{"taxonomy":"product_cat","embeddable":true,"href":"https:\/\/www.moskito.cz\/it\/wp-json\/wp\/v2\/product_cat?post=365236"},{"taxonomy":"product_tag","embeddable":true,"href":"https:\/\/www.moskito.cz\/it\/wp-json\/wp\/v2\/product_tag?post=365236"}],"curies":[{"name":"wp","href":"https:\/\/api.w.org\/{rel}","templated":true}]}}