{"id":365307,"date":"2024-10-22T19:01:32","date_gmt":"2024-10-22T18:02:10","guid":{"rendered":"https:\/\/www.moskito.cz\/produkt\/coltello-da-tiro-microtech-cypher-ii-apocalyptic-1242-12ap\/"},"modified":"2025-05-07T11:25:53","modified_gmt":"2025-05-07T10:25:53","slug":"coltello-da-tiro-microtech-cypher-ii-apocalyptic-1242-12ap","status":"publish","type":"product","link":"https:\/\/www.moskito.cz\/it\/produkt\/coltello-da-tiro-microtech-cypher-ii-apocalyptic-1242-12ap\/","title":{"rendered":"Coltello da tiro Microtech Cypher II Apocalyptic 1242-12AP"},"content":{"rendered":"<p>Coltello da tiro <strong>Microtech<\/strong> Cypher II Apocalyptic 1242-12AP.<\/p>\n<p>Deryk DC Munroe \u00e8 la principale fonte di ingegneria e manodopera per MunroeKnives. La passione per le armi, che dura da sempre, lo ha portato a creare il suo primo coltello nel 1984. Nel 1997, ha intrapreso un percorso piuttosto contorto per diventare un produttore di coltelli a tempo pieno. Ha esplorato e sviluppato vari aspetti del mestiere che lo hanno guidato da allora. Il suo stile \u00e8 unico e la qualit\u00e0 dei suoi ingredienti \u00e8 semplicemente eccezionale. Quindi \u00e8 stata una scelta ovvia per Tony lavorare con Deryk su questo secondo coltello della collaborazione Munroe\/Marfione, il Cypher.<\/p>\n<p>Il Microtech Cypher vede il ritorno dell&#8217;OTF preferito dai fan con miglioramenti all&#8217;avanguardia rispetto al design originale. Il classico Cypher \u00e8 stato ridisegnato dentro e fuori, stabilendo un nuovo standard per la tecnologia moderna. L&#8217;ultima innovativa trasmissione a doppia alimentazione di Microtech offre una manovrabilit\u00e0 senza sforzo e l&#8217;azione pi\u00f9 fluida mai vista su un OTF.<\/p>\n<p>Le scanalature sul telaio aggiungono un elemento elegante fornendo al contempo la massima presa e la clip da tasca in titanio 6Al4V con fermo in ceramica offre all&#8217;utente opzioni di trasporto sicure e convenienti. Il corpo senza viti e il rompi-vetro integrato conferiscono un aspetto pi\u00f9 snello, mentre il design aggiornato della tasca con bottone riduce l&#8217;attrito e facilita lo spostamento dei detriti. Con le sue dimensioni relativamente compatte e la facilit\u00e0 di implementazione, il Cypher riprogettato stabilisce il punto di riferimento per la rinomata combinazione di stile e utilit\u00e0 di Microtech nella nostra linea premium.<\/p>\n<p>Specifiche:<br \/>\n Lunghezza lama: 8,75 cm<br \/>\n Lunghezza da chiuso: 12,5 cm<br \/>\n Lunghezza totale: 21,25 centimetri<br \/>\n Acciaio della lama: acciaio inossidabile Bohler M390MK<br \/>\n Stile della lama: pugnale a doppio taglio<br \/>\n Affilatura della lama: piatta<br \/>\n Finitura lama: apocalittica<br \/>\n Materiale impugnatura: alluminio nero fresato<br \/>\n Meccanismo di chiusura: scorrevole<br \/>\n Clip da tasca: titanio con sfera in ceramica (ripiegabile verso il basso, destra\/sinistra)<br \/>\n Peso: 3,88 once.<br \/>\n Designer: Deryk Munroe e Tony Marfione<br \/>\n Prodotto negli Stati Uniti https:\/\/youtu.be\/xE9TeOFYEjg<\/p>\n<p>&nbsp;<\/p>\n","protected":false},"excerpt":{"rendered":"<p><strong>Nel corso degli anni Microtech\u00ae Knives ha riempito i coltelli di passione e maestria fino a creare quasi opere d&#8217;arte che sono l&#8217;apice della funzionalit\u00e0. Tutte le parti sono prodotte negli Stati Uniti.<\/strong><br \/>\n<strong>Tutti i coltelli Microtech sono coperti da una garanzia a vita.<\/strong><\/p>\n<p><strong>Trasporto gratuito.<\/strong><\/p>\n","protected":false},"featured_media":365282,"comment_status":"open","ping_status":"closed","template":"","meta":[],"pwb-brand":[3753],"product_brand":[],"product_cat":[3745,3748],"product_tag":[],"class_list":{"0":"post-365307","1":"product","2":"type-product","3":"status-publish","4":"has-post-thumbnail","6":"pwb-brand-microtecnologia-it","7":"product_cat-coltelli","8":"product_cat-coltelli-da-tiro","10":"first","11":"outofstock","12":"taxable","13":"shipping-taxable","14":"purchasable","15":"product-type-simple"},"brands":[{"id":3753,"name":"Microtecnologia","slug":"microtecnologia-it"}],"_links":{"self":[{"href":"https:\/\/www.moskito.cz\/it\/wp-json\/wp\/v2\/product\/365307","targetHints":{"allow":["GET"]}}],"collection":[{"href":"https:\/\/www.moskito.cz\/it\/wp-json\/wp\/v2\/product"}],"about":[{"href":"https:\/\/www.moskito.cz\/it\/wp-json\/wp\/v2\/types\/product"}],"replies":[{"embeddable":true,"href":"https:\/\/www.moskito.cz\/it\/wp-json\/wp\/v2\/comments?post=365307"}],"wp:featuredmedia":[{"embeddable":true,"href":"https:\/\/www.moskito.cz\/it\/wp-json\/wp\/v2\/media\/365282"}],"wp:attachment":[{"href":"https:\/\/www.moskito.cz\/it\/wp-json\/wp\/v2\/media?parent=365307"}],"wp:term":[{"taxonomy":"pwb-brand","embeddable":true,"href":"https:\/\/www.moskito.cz\/it\/wp-json\/wp\/v2\/pwb-brand?post=365307"},{"taxonomy":"product_brand","embeddable":true,"href":"https:\/\/www.moskito.cz\/it\/wp-json\/wp\/v2\/product_brand?post=365307"},{"taxonomy":"product_cat","embeddable":true,"href":"https:\/\/www.moskito.cz\/it\/wp-json\/wp\/v2\/product_cat?post=365307"},{"taxonomy":"product_tag","embeddable":true,"href":"https:\/\/www.moskito.cz\/it\/wp-json\/wp\/v2\/product_tag?post=365307"}],"curies":[{"name":"wp","href":"https:\/\/api.w.org\/{rel}","templated":true}]}}