{"id":367557,"date":"2024-10-29T20:42:27","date_gmt":"2024-10-29T19:42:27","guid":{"rendered":"https:\/\/www.moskito.cz\/?post_type=product&#038;p=367557"},"modified":"2025-05-07T11:26:00","modified_gmt":"2025-05-07T10:26:00","slug":"zaviraci-nuz-andre-de-villiers-trailboss-stonewash-flipper","status":"publish","type":"product","link":"https:\/\/www.moskito.cz\/it\/produkt\/zaviraci-nuz-andre-de-villiers-trailboss-stonewash-flipper\/","title":{"rendered":"Zav\u00edrac\u00ed N\u016f\u017e Andre De Villiers TRAILBOSS STONEWASH Flipper"},"content":{"rendered":"<p>Zav\u00edrac\u00ed N\u016f\u017e <strong>Andre De Villiers TRAILBOSS<\/strong> STONEWASH Flipper.<\/p>\n<p>Andre De Villiers Trailboss Stonewash Flipper je vysoce cen\u011bn\u00fd zav\u00edrac\u00ed n\u016f\u017e, zn\u00e1m\u00fd pro svou robustn\u00ed konstrukci a v\u0161estrannost. P\u016fvodn\u00ed Trailboss byl prvn\u00edm zav\u00edrac\u00edm no\u017eem Andre De Villierse, kter\u00fd m\u011bl vnit\u0159n\u00ed vlo\u017eku z\u00e1mkov\u00e9 ty\u010de s vym\u011bnitelnou ocelovou vlo\u017ekou, p\u0159edstaven\u00fd v roce 2016. Byl postaven na b\u00e1zi modelu Butcher , p\u0159i\u010dem\u017e hlavn\u00edm rozd\u00edlem byla jeho pln\u011b ploch\u00e1 \u010depel , kter\u00fd nab\u00edz\u00ed vynikaj\u00edc\u00ed v\u00fdkon p\u0159i \u0159ez\u00e1n\u00ed, stahov\u00e1n\u00ed k\u016f\u017ee a v\u0161estrann\u00fd v\u00fdkon.<\/p>\n<p>Trailboss 2 , aktualizovan\u00e1 verze origin\u00e1lu, nab\u00edz\u00ed n\u011bkolik vylep\u0161en\u00ed:<\/p>\n<p>V\u00fdrazn\u011bj\u0161\u00ed \u010depel s tvarem hrotu kop\u00ed , navr\u017een\u00e1 pro lep\u0161\u00ed funk\u010dnost a piercing.<br \/>\nRukoje\u0165 byla m\u00edrn\u011b p\u0159epracov\u00e1na pro lep\u0161\u00ed ergonomii .<br \/>\nOtvor pro palec pro otev\u00edr\u00e1n\u00ed \u010depele byl upraven vedle standardn\u00edho ploutvov\u00e9ho poutka pro hlad\u0161\u00ed nasazen\u00ed.<br \/>\nKl\u00ed\u010dov\u00e9 specifikace :<\/p>\n<p>D\u00e9lka \u010depele : 10 cm<br \/>\nCelkov\u00e1 d\u00e9lka : 23 cm<br \/>\nMateri\u00e1l \u010depele : Nerezov\u00e1 ocel CPM-S35VN, zn\u00e1m\u00e1 pro svou vynikaj\u00edc\u00ed retenci ost\u0159\u00ed a odolnost proti korozi.<br \/>\nTlou\u0161\u0165ka \u010depele : 0,51 cm<br \/>\nStyl \u010depele : Spear Point s pln\u011b ploch\u00fdm brou\u0161en\u00edm pro efektivn\u00ed \u0159ez\u00e1n\u00ed.<br \/>\nPovrchov\u00e1 \u00faprava \u010depele : Sat\u00e9nov\u00e1 povrchov\u00e1 \u00faprava.<br \/>\nMateri\u00e1l rukojeti : Acid Rain Titanium, kter\u00fd nab\u00edz\u00ed trvanlivost, odolnost proti korozi a jedine\u010dn\u00fd estetick\u00fd vzhled.<br \/>\nTlou\u0161\u0165ka rukojeti : 1,4 cm<br \/>\nUzamykac\u00ed mechanismus : Frame Lock pro bezpe\u010dn\u00e9 uchycen\u00ed \u010depele b\u011bhem pou\u017e\u00edv\u00e1n\u00ed.<br \/>\nBlade Pivot : Lo\u017eiskov\u00fd syst\u00e9m pro hladk\u00e9 nasazen\u00ed.<br \/>\nKapesn\u00ed klip : Titan, oboustrann\u00e9 no\u0161en\u00ed (prav\u00e1\/lev\u00e1 ruka, sklopen\u00e1 poloha).<br \/>\nHmotnost : 7,70 oz (p\u0159ibli\u017en\u011b 218 g), nab\u00edz\u00ed pevnou, ale ovladatelnou v\u00e1hu.<br \/>\nBackspacer : Titan, p\u0159isp\u00edvaj\u00edc\u00ed k celkov\u00e9 pevnosti no\u017ee a soudr\u017enosti designu.<br \/>\nDesign\u00e9r : Andre De Villiers<br \/>\nVyrobeno : Ji\u017en\u00ed Afrika<br \/>\nTento n\u016f\u017e je navr\u017een jako v\u0161estrann\u00fd n\u00e1stroj vhodn\u00fd pro \u0159adu \u00fakol\u016f od bushcraftu po boj a dokonce i b\u011b\u017en\u00e9 outdoorov\u00e9 aktivity, jako jsou v\u00fdlety na pl\u00e1\u017e. D\u00edky kombinaci funk\u010dnosti, odolnosti a elegantn\u00edho designu je Trailboss Stonewash Flipper pova\u017eov\u00e1n za jeden z nejlep\u0161\u00edch zav\u00edrac\u00edch no\u017e\u016f vytvo\u0159en\u00fdch Andre De Villiersem.<\/p>\n","protected":false},"excerpt":{"rendered":"<p><strong>Tento n\u016f\u017e je navr\u017een jako v\u0161estrann\u00fd n\u00e1stroj vhodn\u00fd pro \u0159adu \u00fakol\u016f od bushcraftu po boj a dokonce i b\u011b\u017en\u00e9 outdoorov\u00e9 aktivity, jako jsou v\u00fdlety na pl\u00e1\u017e. D\u00edky kombinaci funk\u010dnosti, odolnosti a elegantn\u00edho designu je Trailboss Stonewash Flipper pova\u017eov\u00e1n za jeden z nejlep\u0161\u00edch zav\u00edrac\u00edch no\u017e\u016f vytvo\u0159en\u00fdch Andre De Villiersem.<\/strong><\/p>\n<p><strong>Doprava zdarma.<\/strong><\/p>\n","protected":false},"featured_media":367566,"comment_status":"open","ping_status":"closed","template":"","meta":[],"pwb-brand":[3211],"product_brand":[],"product_cat":[22,17],"product_tag":[],"class_list":{"0":"post-367557","1":"product","2":"type-product","3":"status-publish","4":"has-post-thumbnail","6":"pwb-brand-andre-de-villiers","7":"product_cat-zaviraci-noze","8":"product_cat-noze","10":"first","11":"outofstock","12":"taxable","13":"shipping-taxable","14":"purchasable","15":"product-type-simple"},"brands":[{"id":3211,"name":"Andre De Villiers","slug":"andre-de-villiers"}],"_links":{"self":[{"href":"https:\/\/www.moskito.cz\/it\/wp-json\/wp\/v2\/product\/367557","targetHints":{"allow":["GET"]}}],"collection":[{"href":"https:\/\/www.moskito.cz\/it\/wp-json\/wp\/v2\/product"}],"about":[{"href":"https:\/\/www.moskito.cz\/it\/wp-json\/wp\/v2\/types\/product"}],"replies":[{"embeddable":true,"href":"https:\/\/www.moskito.cz\/it\/wp-json\/wp\/v2\/comments?post=367557"}],"wp:featuredmedia":[{"embeddable":true,"href":"https:\/\/www.moskito.cz\/it\/wp-json\/wp\/v2\/media\/367566"}],"wp:attachment":[{"href":"https:\/\/www.moskito.cz\/it\/wp-json\/wp\/v2\/media?parent=367557"}],"wp:term":[{"taxonomy":"pwb-brand","embeddable":true,"href":"https:\/\/www.moskito.cz\/it\/wp-json\/wp\/v2\/pwb-brand?post=367557"},{"taxonomy":"product_brand","embeddable":true,"href":"https:\/\/www.moskito.cz\/it\/wp-json\/wp\/v2\/product_brand?post=367557"},{"taxonomy":"product_cat","embeddable":true,"href":"https:\/\/www.moskito.cz\/it\/wp-json\/wp\/v2\/product_cat?post=367557"},{"taxonomy":"product_tag","embeddable":true,"href":"https:\/\/www.moskito.cz\/it\/wp-json\/wp\/v2\/product_tag?post=367557"}],"curies":[{"name":"wp","href":"https:\/\/api.w.org\/{rel}","templated":true}]}}