{"id":371118,"date":"2024-11-12T22:09:54","date_gmt":"2024-11-12T21:09:54","guid":{"rendered":"https:\/\/www.moskito.cz\/?post_type=product&#038;p=371118"},"modified":"2025-05-07T11:26:11","modified_gmt":"2025-05-07T10:26:11","slug":"vystrelovaci-nuz-benchmade-adamas-2750fe-2","status":"publish","type":"product","link":"https:\/\/www.moskito.cz\/it\/produkt\/vystrelovaci-nuz-benchmade-adamas-2750fe-2\/","title":{"rendered":"Vyst\u0159elovac\u00ed N\u016f\u017e Benchmade Adamas 2750FE-2"},"content":{"rendered":"<p>Vyst\u0159elovac\u00ed N\u016f\u017e <strong>Benchmade<\/strong> Adamas 2750FE-2.<\/p>\n<p>Taktick\u00fd zav\u00edrac\u00ed n\u016f\u017e Benchmade 2750FE-2 Auto Adamas je robustn\u00ed, spolehliv\u00fd a navr\u017een\u00fd pro n\u00e1ro\u010dn\u00e9 pou\u017eit\u00ed. S\u00e1z\u00ed na kombinaci vynikaj\u00edc\u00ed kvality materi\u00e1l\u016f a propracovan\u00e9ho designu, co\u017e z n\u011bj \u010din\u00ed ide\u00e1ln\u00ed volbu pro ka\u017ed\u00e9ho, kdo pot\u0159ebuje vysok\u00fd v\u00fdkon v extr\u00e9mn\u00edch podm\u00ednk\u00e1ch. Pod\u00edvejme se podrobn\u011bji na jeho hlavn\u00ed vlastnosti a specifikace:<\/p>\n<p>Vlastnosti:<br \/>\n\u010cepel Drop Point: Tento tvar \u010depele je univerz\u00e1ln\u00ed, ide\u00e1ln\u00ed pro \u0159ez\u00e1n\u00ed a propichov\u00e1n\u00ed, co\u017e z n\u011bj \u010din\u00ed velmi efektivn\u00ed n\u00e1stroj pro \u0161irokou \u0161k\u00e1lu aplikac\u00ed.<br \/>\nPr\u00e9miov\u00e1 n\u00e1strojov\u00e1 ocel CPM-CruWear (63-65HRC): Ocel s vynikaj\u00edc\u00edmi mechanick\u00fdmi vlastnostmi, kter\u00e1 nab\u00edz\u00ed vysokou odolnost proti opot\u0159eben\u00ed a skv\u00e9l\u00e9 zachov\u00e1n\u00ed ostrosti. Tato tvrdost znamen\u00e1, \u017ee n\u016f\u017e z\u016fstane dlouho ostr\u00fd a snadno se nenos\u00ed.<br \/>\nPloch\u00e1 povrchov\u00e1 \u00faprava Dark Earth: Elegantn\u00ed a odoln\u00e1 povrchov\u00e1 \u00faprava v tmav\u011b hn\u011bd\u00e9 barv\u011b, kter\u00e1 nejen skv\u011ble vypad\u00e1, ale tak\u00e9 zvy\u0161uje ochranu proti korozi.<br \/>\nAuto-AXIS Lock mechanismus: Rychl\u00fd a bezpe\u010dn\u00fd mechanismus, kter\u00fd zaji\u0161\u0165uje, \u017ee \u010depel z\u016fstane v zav\u0159en\u00e9 nebo otev\u0159en\u00e9 pozici, dokud ji neodblokujete. Tato technologie je zn\u00e1m\u00e1 svou spolehlivost\u00ed a snadn\u00fdm pou\u017eit\u00edm.<br \/>\nKapesn\u00ed klips Deep-Carry s oboustrann\u00fdm skl\u00e1p\u011bn\u00edm: Umo\u017e\u0148uje pohodln\u00e9 no\u0161en\u00ed no\u017ee v kapse s n\u00edzk\u00fdm profilem, p\u0159i\u010dem\u017e klips je p\u0159izp\u016fsobiteln\u00fd pro prav\u00e1ky i lev\u00e1ky.<br \/>\nKliky Olive Drab G10: Texturovan\u00e9 rukojeti z kompozitn\u00edho materi\u00e1lu G10 poskytuj\u00ed pevn\u00fd a bezpe\u010dn\u00fd \u00fachop i za mokra nebo p\u0159i n\u00e1ro\u010dn\u00fdch podm\u00ednk\u00e1ch.<br \/>\nSpecifikace:<br \/>\nD\u00e9lka \u010depele: 9,60 cm<br \/>\nTlou\u0161\u0165ka \u010depele: 3,556 mm<br \/>\nTlou\u0161\u0165ka rukojeti: 16,51 mm<br \/>\nMateri\u00e1l \u010depele: CPM-CruWear Tool Steel<br \/>\nTvrdost \u010depele: 63-65HRC<br \/>\nPovrchov\u00e1 \u00faprava \u010depele: Ploch\u00e1 temn\u00e1 zem\u011b<br \/>\nStyl \u010depele: Drop Point<br \/>\nHmotnost: 164,71 g<br \/>\nHmotnost s pouzdrem: 207,23 g<br \/>\nCelkov\u00e1 d\u00e9lka: 22,58 cm<br \/>\nD\u00e9lka v zav\u0159en\u00e9m stavu: 12,98 cm<br \/>\nMateri\u00e1l pl\u00e1\u0161t\u011b: Balistick\u00fd nylon<br \/>\nT\u0159\u00edda: \u010cern\u00e1<br \/>\nDesign\u00e9r: Shane Sibert<br \/>\nVyrobeno v USA<br \/>\nZ\u00e1v\u011br:<br \/>\nTento n\u016f\u017e je vyroben pro ty, kte\u0159\u00ed hledaj\u00ed n\u00e1stroj schopn\u00fd \u010delit nejtvrd\u0161\u00edm podm\u00ednk\u00e1m. Je ide\u00e1ln\u00ed pro vojensk\u00e9, taktick\u00e1 a outdoorov\u00e1 pou\u017eit\u00ed, kde je spolehlivost a v\u00fdkon kl\u00ed\u010dov\u00fd. S vysoce kvalitn\u00edmi materi\u00e1ly a pe\u010dliv\u00fdm designem je Benchmade 2750FE-2 Auto Adamas nejen n\u00e1stroj, ale i zbra\u0148, na kterou se m\u016f\u017eete spolehnout v ka\u017ed\u00e9 situaci.<\/p>\n","protected":false},"excerpt":{"rendered":"<p><strong>Taktick\u00fd zav\u00edrac\u00ed n\u016f\u017e Benchmade 2750FE-2 Auto Adamas je robustn\u00ed, spolehliv\u00fd a navr\u017een\u00fd pro n\u00e1ro\u010dn\u00e9 pou\u017eit\u00ed. S\u00e1z\u00ed na kombinaci vynikaj\u00edc\u00ed kvality materi\u00e1l\u016f a propracovan\u00e9ho designu, co\u017e z n\u011bj \u010din\u00ed ide\u00e1ln\u00ed volbu pro ka\u017ed\u00e9ho, kdo pot\u0159ebuje vysok\u00fd v\u00fdkon v extr\u00e9mn\u00edch podm\u00ednk\u00e1ch.<\/strong><\/p>\n<p><strong>Doprava zdarma.<\/strong><\/p>\n","protected":false},"featured_media":371119,"comment_status":"open","ping_status":"closed","template":"","meta":[],"pwb-brand":[3960],"product_brand":[],"product_cat":[2019,17],"product_tag":[],"class_list":{"0":"post-371118","1":"product","2":"type-product","3":"status-publish","4":"has-post-thumbnail","6":"pwb-brand-benchmade","7":"product_cat-vystrelovaci-noze","8":"product_cat-noze","10":"first","11":"instock","12":"taxable","13":"shipping-taxable","14":"purchasable","15":"product-type-simple"},"brands":[{"id":3960,"name":"Benchmade","slug":"benchmade"}],"_links":{"self":[{"href":"https:\/\/www.moskito.cz\/it\/wp-json\/wp\/v2\/product\/371118","targetHints":{"allow":["GET"]}}],"collection":[{"href":"https:\/\/www.moskito.cz\/it\/wp-json\/wp\/v2\/product"}],"about":[{"href":"https:\/\/www.moskito.cz\/it\/wp-json\/wp\/v2\/types\/product"}],"replies":[{"embeddable":true,"href":"https:\/\/www.moskito.cz\/it\/wp-json\/wp\/v2\/comments?post=371118"}],"wp:featuredmedia":[{"embeddable":true,"href":"https:\/\/www.moskito.cz\/it\/wp-json\/wp\/v2\/media\/371119"}],"wp:attachment":[{"href":"https:\/\/www.moskito.cz\/it\/wp-json\/wp\/v2\/media?parent=371118"}],"wp:term":[{"taxonomy":"pwb-brand","embeddable":true,"href":"https:\/\/www.moskito.cz\/it\/wp-json\/wp\/v2\/pwb-brand?post=371118"},{"taxonomy":"product_brand","embeddable":true,"href":"https:\/\/www.moskito.cz\/it\/wp-json\/wp\/v2\/product_brand?post=371118"},{"taxonomy":"product_cat","embeddable":true,"href":"https:\/\/www.moskito.cz\/it\/wp-json\/wp\/v2\/product_cat?post=371118"},{"taxonomy":"product_tag","embeddable":true,"href":"https:\/\/www.moskito.cz\/it\/wp-json\/wp\/v2\/product_tag?post=371118"}],"curies":[{"name":"wp","href":"https:\/\/api.w.org\/{rel}","templated":true}]}}