{"id":371540,"date":"2024-11-13T19:43:34","date_gmt":"2024-11-13T18:43:34","guid":{"rendered":"https:\/\/www.moskito.cz\/?post_type=product&#038;p=371540"},"modified":"2025-05-07T11:26:12","modified_gmt":"2025-05-07T10:26:12","slug":"vystrelovaci-nuz-benchmade-cla-4300bk-02","status":"publish","type":"product","link":"https:\/\/www.moskito.cz\/it\/produkt\/vystrelovaci-nuz-benchmade-cla-4300bk-02\/","title":{"rendered":"Vyst\u0159elovac\u00ed N\u016f\u017e Benchmade CLA 4300BK-02"},"content":{"rendered":"<p>Vyst\u0159elovac\u00ed N\u016f\u017e <strong>Benchmade<\/strong> CLA 4300BK-02.<\/p>\n<p>Benchmade CLA Composite Lite Auto 4300BK-02<\/p>\n<p>Benchmade CLA Composite Lite Auto je vylep\u0161en\u00e1 verze jednoho z nejuzn\u00e1van\u011bj\u0161\u00edch automatick\u00fdch skl\u00e1dac\u00edch no\u017e\u016f na trhu. Tento model, zn\u00e1m\u00fd pro svou kombinaci funk\u010dnosti a ergonomie, p\u0159ich\u00e1z\u00ed s nov\u00fdmi vylep\u0161en\u00edmi, kter\u00e1 z n\u011bj \u010din\u00ed ide\u00e1ln\u00ed volbu pro ka\u017edodenn\u00ed no\u0161en\u00ed i n\u00e1ro\u010dn\u00e9 \u00fakoly.<br \/>\nKl\u00ed\u010dov\u00e9 vlastnosti:<\/p>\n<p>D\u00e9lka \u010depele: 8,636 cm<br \/>\nCelkov\u00e1 d\u00e9lka: 19,939 cm<br \/>\nD\u00e9lka v zav\u0159en\u00e9m stavu: 11,303 cm<br \/>\nMateri\u00e1l \u010depele: CPM-MagnaCut nerezov\u00e1 ocel s povrchovou \u00fapravou Battlewash (vysok\u00e1 odolnost proti korozi a skv\u00e9l\u00e9 \u0159ezn\u00e9 vlastnosti)<br \/>\nTlou\u0161\u0165ka \u010depele: 2,896 mm<br \/>\nStyl \u010depele: Drop Point (univerz\u00e1ln\u00ed tvar vhodn\u00fd pro \u0159ez\u00e1n\u00ed a piercing)<br \/>\nMateri\u00e1l rukojeti: OD Green G10 (odoln\u00fd, lehk\u00fd materi\u00e1l s dobrou texturou pro pevn\u00fd \u00fachop)<br \/>\nUzamykac\u00ed mechanismus: Automatick\u00e9 tla\u010d\u00edtko pro snadn\u00e9 a rychl\u00e9 otev\u0159en\u00ed<br \/>\nKapesn\u00ed spona: Hlubok\u00e9 no\u0161en\u00ed s mo\u017enost\u00ed p\u0159ipevn\u011bn\u00ed na pravou i levou stranu (obousm\u011brn\u00e9)<br \/>\nHmotnost: 98,373 g (leh\u010d\u00ed pro ka\u017edodenn\u00ed no\u0161en\u00ed, ale st\u00e1le pevn\u00fd a robustn\u00ed)<br \/>\nVyrobeno v USA: Z\u00e1ruka vysok\u00e9 kvality a preciznosti<\/p>\n<p>Co d\u011bl\u00e1 tento n\u016f\u017e unik\u00e1tn\u00edm:<\/p>\n<p>Automatick\u00fd mechanismus: Snadn\u00e9 a rychl\u00e9 otev\u0159en\u00ed jedn\u00edm tla\u010d\u00edtkem pro okam\u017eit\u00e9 nasazen\u00ed v n\u00e1ro\u010dn\u00fdch situac\u00edch.<br \/>\nPr\u00e9miov\u00e1 ocel CPM-MagnaCut: Tato ocel je zn\u00e1m\u00e1 svou vynikaj\u00edc\u00ed tvrdost\u00ed, odolnost\u00ed proti korozi a v\u00fdborn\u00fdmi \u0159ezn\u00fdmi schopnostmi. Je to ide\u00e1ln\u00ed materi\u00e1l pro kvalitn\u00ed no\u017ee, kter\u00e9 mus\u00ed odolat ka\u017edodenn\u00edmu pou\u017e\u00edv\u00e1n\u00ed.<br \/>\nErgonomick\u00e1 rukoje\u0165: Rukoje\u0165 z G10 v barevn\u00e9 variant\u011b OD Green (olivov\u011b zelen\u00e1) zaji\u0161\u0165uje skv\u00e9l\u00e9 uchopen\u00ed i za mokra nebo v n\u00e1ro\u010dn\u00fdch podm\u00ednk\u00e1ch.<br \/>\nPovrchov\u00e1 \u00faprava Battlewash: Dod\u00e1v\u00e1 no\u017ei agresivn\u00ed vzhled a z\u00e1rove\u0148 zvy\u0161uje odolnost proti po\u0161kr\u00e1b\u00e1n\u00ed a jin\u00fdm zn\u00e1mk\u00e1m opot\u0159eben\u00ed.<\/p>\n<p>Tento model je ide\u00e1ln\u00ed pro v\u0161echny, kdo hledaj\u00ed vysoce kvalitn\u00ed automatick\u00fd n\u016f\u017e, kter\u00fd spojuje v\u00fdjime\u010dn\u00e9 materi\u00e1ly a proveden\u00ed, a z\u00e1rove\u0148 nab\u00edz\u00ed pohodl\u00ed a spolehlivost pro ka\u017edodenn\u00ed no\u0161en\u00ed.<\/p>\n<p>&nbsp;<\/p>\n","protected":false},"excerpt":{"rendered":"<p><strong>Tento model je ide\u00e1ln\u00ed pro v\u0161echny, kdo hledaj\u00ed vysoce kvalitn\u00ed automatick\u00fd n\u016f\u017e, kter\u00fd spojuje v\u00fdjime\u010dn\u00e9 materi\u00e1ly a proveden\u00ed, a z\u00e1rove\u0148 nab\u00edz\u00ed pohodl\u00ed a spolehlivost pro ka\u017edodenn\u00ed no\u0161en\u00ed.<\/strong><\/p>\n<p><strong>Doprava zdarma.<\/strong><\/p>\n","protected":false},"featured_media":371541,"comment_status":"open","ping_status":"closed","template":"","meta":[],"pwb-brand":[3960],"product_brand":[],"product_cat":[2019,17],"product_tag":[],"class_list":{"0":"post-371540","1":"product","2":"type-product","3":"status-publish","4":"has-post-thumbnail","6":"pwb-brand-benchmade","7":"product_cat-vystrelovaci-noze","8":"product_cat-noze","10":"first","11":"instock","12":"taxable","13":"shipping-taxable","14":"purchasable","15":"product-type-simple"},"brands":[{"id":3960,"name":"Benchmade","slug":"benchmade"}],"_links":{"self":[{"href":"https:\/\/www.moskito.cz\/it\/wp-json\/wp\/v2\/product\/371540","targetHints":{"allow":["GET"]}}],"collection":[{"href":"https:\/\/www.moskito.cz\/it\/wp-json\/wp\/v2\/product"}],"about":[{"href":"https:\/\/www.moskito.cz\/it\/wp-json\/wp\/v2\/types\/product"}],"replies":[{"embeddable":true,"href":"https:\/\/www.moskito.cz\/it\/wp-json\/wp\/v2\/comments?post=371540"}],"wp:featuredmedia":[{"embeddable":true,"href":"https:\/\/www.moskito.cz\/it\/wp-json\/wp\/v2\/media\/371541"}],"wp:attachment":[{"href":"https:\/\/www.moskito.cz\/it\/wp-json\/wp\/v2\/media?parent=371540"}],"wp:term":[{"taxonomy":"pwb-brand","embeddable":true,"href":"https:\/\/www.moskito.cz\/it\/wp-json\/wp\/v2\/pwb-brand?post=371540"},{"taxonomy":"product_brand","embeddable":true,"href":"https:\/\/www.moskito.cz\/it\/wp-json\/wp\/v2\/product_brand?post=371540"},{"taxonomy":"product_cat","embeddable":true,"href":"https:\/\/www.moskito.cz\/it\/wp-json\/wp\/v2\/product_cat?post=371540"},{"taxonomy":"product_tag","embeddable":true,"href":"https:\/\/www.moskito.cz\/it\/wp-json\/wp\/v2\/product_tag?post=371540"}],"curies":[{"name":"wp","href":"https:\/\/api.w.org\/{rel}","templated":true}]}}