{"id":374019,"date":"2024-11-19T07:54:23","date_gmt":"2024-11-19T06:54:23","guid":{"rendered":"https:\/\/www.moskito.cz\/?post_type=product&#038;p=374019"},"modified":"2025-05-07T11:26:23","modified_gmt":"2025-05-07T10:26:23","slug":"zaviraci-nuz-benchmade-barrage-583sbk","status":"publish","type":"product","link":"https:\/\/www.moskito.cz\/it\/produkt\/zaviraci-nuz-benchmade-barrage-583sbk\/","title":{"rendered":"Zav\u00edrac\u00ed N\u016f\u017e Benchmade Barrage 583SBK"},"content":{"rendered":"<p>Zav\u00edrac\u00ed N\u016f\u017e <strong>Benchmade<\/strong> Barrage 583SBK.<\/p>\n<p>Benchmade 583SBK Barrage Tanto je kvalitn\u00ed, vysoce v\u00fdkonn\u00fd n\u016f\u017e, kter\u00fd kombinuje robustnost, rychlost a spolehlivost. Tento model pat\u0159\u00ed do \u0159ady Barrage a vyu\u017e\u00edv\u00e1 asistovan\u00fd otv\u00edrac\u00ed mechanismus AXIS-ASSIST Lock , co\u017e je jedn\u00edm z nejsiln\u011bj\u0161\u00edch asisten\u010dn\u00edch uzamykac\u00edch mechanism\u016f na trhu. N\u016f\u017e je ide\u00e1ln\u00ed pro profesion\u00e1ln\u00ed pou\u017eit\u00ed, d\u00edky sv\u00fdm vlastnostem a robustn\u00ed konstrukci.<\/p>\n<p>Hlavn\u00ed vlastnosti:<br \/>\n\u010cepel z oceli 154CM : Vysoce kvalitn\u00ed nerezov\u00e1 ocel s tvrdost\u00ed 58-61HRC, co\u017e zaji\u0161\u0165uje v\u00fdbornou odolnost v\u016f\u010di opot\u0159eben\u00ed a korozi.<br \/>\nTanto \u010depel : Styl \u010depele poskytuje vynikaj\u00edc\u00ed propichovac\u00ed s\u00edlu a pevnost v hrotu, ide\u00e1ln\u00ed pro n\u00e1ro\u010dn\u00e9 situace.<br \/>\nRukoje\u0165 Valox : Odoln\u00fd a lehk\u00fd materi\u00e1l, dopln\u011bn\u00fd o vlo\u017eky z nerezov\u00e9 oceli 420J pro v\u011bt\u0161\u00ed pevnost.<br \/>\nOboustrann\u00e9 pou\u017eit\u00ed : D\u00edky reverzibiln\u00ed spon\u011b a oboustrann\u00fdm palcov\u00fdm \u010dep\u016fm je n\u016f\u017e vhodn\u00fd pro prav\u00e1ky i lev\u00e1ky.<br \/>\nBezpe\u010dnostn\u00ed : Z\u00e1mek zaji\u0161\u0165uje bezpe\u010dn\u00e9 pou\u017e\u00edv\u00e1n\u00ed no\u017ee jak v otev\u0159en\u00e9m stavu, tak v uzav\u0159en\u00e9m stavu.<br \/>\nSpecifikace:<br \/>\nD\u00e9lka \u010depele : 91,44 mm<br \/>\nTlou\u0161\u0165ka \u010depele : 3,07 mm<br \/>\nMateri\u00e1l \u010depele : 154CM nerezov\u00e1 ocel<br \/>\nRukoje\u0165 : Valox s ocelov\u00fdmi vlo\u017ekami<br \/>\nHmotnost : 119 g<br \/>\nCelkov\u00e1 d\u00e9lka : 212 mm<br \/>\nD\u00e9lka v uzav\u0159en\u00e9m stavu : 120,65 mm<br \/>\nT\u0159\u00edda : Modr\u00e1 (st\u0159edn\u00ed t\u0159\u00edda Benchmade pro vysokou kvalitu a v\u00fddr\u017e)<br \/>\nNSN : 1095-01-598-4472 (NATO z\u00e1sobovac\u00ed \u010d\u00edslo)<br \/>\nV\u00fdhody:<br \/>\nOdolnost : Kombinace pr\u00e9miov\u00fdch materi\u00e1l\u016f zaji\u0161\u0165uje dlouhou \u017eivotnost.<br \/>\nP\u0159enosnost : Reverzibiln\u00ed klip umo\u017e\u0148uje pohodln\u00e9 no\u0161en\u00ed.<br \/>\nPrakti\u010dnost : D\u00edra na \u0161\u0148\u016frku pro dal\u0161\u00ed mo\u017enosti upevn\u011bn\u00ed.<br \/>\nBenchmade 583SBK Barrage Tanto je v\u00fdbornou volbou pro profesion\u00e1ln\u00ed, outdoorov\u00e9 nebo takticko-pracovn\u00ed, kdy je pot\u0159eba spolehliv\u00fd n\u016f\u017e, na kter\u00fd se m\u016f\u017eete kdykoliv spolehnout.<\/p>\n","protected":false},"excerpt":{"rendered":"<p><strong>Benchmade 583SBK Barrage Tanto je v\u00fdbornou volbou pro profesion\u00e1ln\u00ed, outdoorov\u00e9 nebo takticko-pracovn\u00ed, kdy je pot\u0159eba spolehliv\u00fd n\u016f\u017e, na kter\u00fd se m\u016f\u017eete kdykoliv spolehnout.<\/strong><\/p>\n<p><strong>Doprava zdarma.<\/strong><\/p>\n","protected":false},"featured_media":374020,"comment_status":"open","ping_status":"closed","template":"","meta":[],"pwb-brand":[3960],"product_brand":[],"product_cat":[22,17],"product_tag":[],"class_list":{"0":"post-374019","1":"product","2":"type-product","3":"status-publish","4":"has-post-thumbnail","6":"pwb-brand-benchmade","7":"product_cat-zaviraci-noze","8":"product_cat-noze","10":"first","11":"instock","12":"taxable","13":"shipping-taxable","14":"purchasable","15":"product-type-simple"},"brands":[{"id":3960,"name":"Benchmade","slug":"benchmade"}],"_links":{"self":[{"href":"https:\/\/www.moskito.cz\/it\/wp-json\/wp\/v2\/product\/374019","targetHints":{"allow":["GET"]}}],"collection":[{"href":"https:\/\/www.moskito.cz\/it\/wp-json\/wp\/v2\/product"}],"about":[{"href":"https:\/\/www.moskito.cz\/it\/wp-json\/wp\/v2\/types\/product"}],"replies":[{"embeddable":true,"href":"https:\/\/www.moskito.cz\/it\/wp-json\/wp\/v2\/comments?post=374019"}],"wp:featuredmedia":[{"embeddable":true,"href":"https:\/\/www.moskito.cz\/it\/wp-json\/wp\/v2\/media\/374020"}],"wp:attachment":[{"href":"https:\/\/www.moskito.cz\/it\/wp-json\/wp\/v2\/media?parent=374019"}],"wp:term":[{"taxonomy":"pwb-brand","embeddable":true,"href":"https:\/\/www.moskito.cz\/it\/wp-json\/wp\/v2\/pwb-brand?post=374019"},{"taxonomy":"product_brand","embeddable":true,"href":"https:\/\/www.moskito.cz\/it\/wp-json\/wp\/v2\/product_brand?post=374019"},{"taxonomy":"product_cat","embeddable":true,"href":"https:\/\/www.moskito.cz\/it\/wp-json\/wp\/v2\/product_cat?post=374019"},{"taxonomy":"product_tag","embeddable":true,"href":"https:\/\/www.moskito.cz\/it\/wp-json\/wp\/v2\/product_tag?post=374019"}],"curies":[{"name":"wp","href":"https:\/\/api.w.org\/{rel}","templated":true}]}}