{"id":374060,"date":"2024-11-19T08:09:34","date_gmt":"2024-11-19T07:09:34","guid":{"rendered":"https:\/\/www.moskito.cz\/?post_type=product&#038;p=374060"},"modified":"2025-08-30T21:20:17","modified_gmt":"2025-08-30T20:20:17","slug":"zaviraci-nuz-benchmade-mini-adamas-273fe-2","status":"publish","type":"product","link":"https:\/\/www.moskito.cz\/it\/produkt\/zaviraci-nuz-benchmade-mini-adamas-273fe-2\/","title":{"rendered":"Zav\u00edrac\u00ed N\u016f\u017e Benchmade Mini Adamas 273FE-2"},"content":{"rendered":"<p>Zav\u00edrac\u00ed N\u016f\u017e <strong>Benchmade<\/strong> Mini Adamas 273FE-2.<\/p>\n<p><strong>Benchmade 273FE-2 Mini Adamas<\/strong> je taktick\u00fd zav\u00edrac\u00ed n\u016f\u017e, kter\u00fd vynik\u00e1 robustn\u00edm designem a v\u00fdjime\u010dn\u00fdm v\u00fdkonem. Je pe\u010dliv\u011b navr\u017een pro maxim\u00e1ln\u00ed spolehlivost v nejn\u00e1ro\u010dn\u011bj\u0161\u00edch podm\u00ednk\u00e1ch a p\u0159in\u00e1\u0161\u00ed pohodl\u00ed p\u0159i manipulaci d\u00edky p\u0159esn\u00e9 ergonomii a lehk\u00e9mu, ale odoln\u00e9mu r\u00e1mu.<\/p>\n<p>Kl\u00ed\u010dov\u00e9 vlastnosti:<br \/>\n\u010cepel Drop Point: Univerz\u00e1ln\u00ed tvar \u010depele ide\u00e1ln\u00ed pro \u0161irok\u00e9 spektrum \u00fakol\u016f.<br \/>\nMateri\u00e1l \u010depele: Vyrobeno zov\u00e9 oceli CPM-CruWear (tvrdost 63-65 HRC) pro extr\u00e9mn\u00ed odolnost v\u016f\u010di opot\u0159eben\u00ed a dlouhotrvaj\u00edc\u00ed ostrost.<br \/>\nPovrchov\u00e1 \u00faprava: Ploch\u00e1 povrchov\u00e1 \u00faprava ve stylu Dark Earth , kter\u00e1 zvy\u0161uje odolnost v\u016f\u010di korozi a zlep\u0161uje estetiku.<br \/>\nKapesn\u00ed klip: Deep-Carry design s mo\u017enost\u00ed oboustrann\u00e9ho uchycen\u00ed, ide\u00e1ln\u00ed pro diskr\u00e9tn\u00ed a pohodln\u00e9 no\u0161en\u00ed.<br \/>\nRukoje\u0165: Odoln\u00e1 a lehk\u00e1 rukoje\u0165 z G10 v barv\u011b Olive Drab, kter\u00e1 nab\u00edz\u00ed vynikaj\u00edc\u00ed \u00fachop v mokr\u00fdch podm\u00ednk\u00e1ch.<br \/>\nTechnick\u00e9 specifikace:<br \/>\nD\u00e9lka \u010depele: 8,26 cm<br \/>\nTlou\u0161\u0165ka \u010depele: 3,556 mm<br \/>\nTlou\u0161\u0165ka rukojeti: 16,0 mm<br \/>\nCelkov\u00e1 d\u00e9lka: 19,35 cm<br \/>\nD\u00e9lka v zav\u0159en\u00e9m stavu: 11,10 cm<br \/>\nHmotnost: 130,41 g<br \/>\nT\u0159\u00edda: \u010cern\u00e1 (Black Class) \u2013 vhodn\u00e1 pro profesion\u00e1ln\u00ed a taktick\u00e9 pou\u017eit\u00ed.<br \/>\nVyrobeno v USA.<br \/>\nShrnut\u00ed<br \/>\nMini Adamas 273FE-2 je ide\u00e1ln\u00ed pro ty, kdo hled\u00e1 takov\u00fd n\u016f\u017e s vyv\u00e1\u017een\u00edm mezi v\u00fdkonem a mobilitou. Je dostate\u010dn\u011b lehk\u00fd pro ka\u017edodenn\u00ed no\u0161en\u00ed, p\u0159i\u010dem\u017e si zachov\u00e1v\u00e1 robustnost a spolehlivost pro nejn\u00e1ro\u010dn\u011bj\u0161\u00ed situaci. D\u00edky \u0161pi\u010dkov\u00fdm materi\u00e1l\u016fm a precizn\u00ed konstrukci je tento n\u016f\u017e vynikaj\u00edc\u00ed volbou pro profesion\u00e1ly i nad\u0161ence.<\/p>\n<p>&nbsp;<\/p>\n<p>&nbsp;<\/p>\n","protected":false},"excerpt":{"rendered":"<p><strong>Mini Adamas 273FE-2 je ide\u00e1ln\u00ed pro ty, kdo hled\u00e1 takov\u00fd n\u016f\u017e s vyv\u00e1\u017een\u00edm mezi v\u00fdkonem a mobilitou. Je dostate\u010dn\u011b lehk\u00fd pro ka\u017edodenn\u00ed no\u0161en\u00ed, p\u0159i\u010dem\u017e si zachov\u00e1v\u00e1 robustnost a spolehlivost pro nejn\u00e1ro\u010dn\u011bj\u0161\u00ed situaci. D\u00edky \u0161pi\u010dkov\u00fdm materi\u00e1l\u016fm a precizn\u00ed konstrukci je tento n\u016f\u017e vynikaj\u00edc\u00ed volbou pro profesion\u00e1ly i nad\u0161ence.<\/strong><\/p>\n<p><strong>Doprava zdarma.<\/strong><\/p>\n","protected":false},"featured_media":374061,"comment_status":"open","ping_status":"closed","template":"","meta":[],"pwb-brand":[3960],"product_brand":[],"product_cat":[22,17],"product_tag":[],"class_list":{"0":"post-374060","1":"product","2":"type-product","3":"status-publish","4":"has-post-thumbnail","6":"pwb-brand-benchmade","7":"product_cat-zaviraci-noze","8":"product_cat-noze","10":"first","11":"outofstock","12":"taxable","13":"shipping-taxable","14":"purchasable","15":"product-type-simple"},"brands":[{"id":3960,"name":"Benchmade","slug":"benchmade"}],"_links":{"self":[{"href":"https:\/\/www.moskito.cz\/it\/wp-json\/wp\/v2\/product\/374060","targetHints":{"allow":["GET"]}}],"collection":[{"href":"https:\/\/www.moskito.cz\/it\/wp-json\/wp\/v2\/product"}],"about":[{"href":"https:\/\/www.moskito.cz\/it\/wp-json\/wp\/v2\/types\/product"}],"replies":[{"embeddable":true,"href":"https:\/\/www.moskito.cz\/it\/wp-json\/wp\/v2\/comments?post=374060"}],"wp:featuredmedia":[{"embeddable":true,"href":"https:\/\/www.moskito.cz\/it\/wp-json\/wp\/v2\/media\/374061"}],"wp:attachment":[{"href":"https:\/\/www.moskito.cz\/it\/wp-json\/wp\/v2\/media?parent=374060"}],"wp:term":[{"taxonomy":"pwb-brand","embeddable":true,"href":"https:\/\/www.moskito.cz\/it\/wp-json\/wp\/v2\/pwb-brand?post=374060"},{"taxonomy":"product_brand","embeddable":true,"href":"https:\/\/www.moskito.cz\/it\/wp-json\/wp\/v2\/product_brand?post=374060"},{"taxonomy":"product_cat","embeddable":true,"href":"https:\/\/www.moskito.cz\/it\/wp-json\/wp\/v2\/product_cat?post=374060"},{"taxonomy":"product_tag","embeddable":true,"href":"https:\/\/www.moskito.cz\/it\/wp-json\/wp\/v2\/product_tag?post=374060"}],"curies":[{"name":"wp","href":"https:\/\/api.w.org\/{rel}","templated":true}]}}