{"id":374117,"date":"2024-11-19T08:25:25","date_gmt":"2024-11-19T07:25:25","guid":{"rendered":"https:\/\/www.moskito.cz\/?post_type=product&#038;p=374117"},"modified":"2025-05-07T11:26:24","modified_gmt":"2025-05-07T10:26:24","slug":"vystrelovaci-nuz-benchmade-auto-imunity-2900bk-2","status":"publish","type":"product","link":"https:\/\/www.moskito.cz\/it\/produkt\/vystrelovaci-nuz-benchmade-auto-imunity-2900bk-2\/","title":{"rendered":"Vyst\u0159elovac\u00ed N\u016f\u017e Benchmade AUTO Imunity 2900BK-2"},"content":{"rendered":"<p>Vyst\u0159elovac\u00ed N\u016f\u017e <strong>Benchmade<\/strong> AUTO Imunity 2900BK-2.<\/p>\n<p><strong>Benchmade BM2900BK-2 Auto<\/strong> Immunity je kompaktn\u00ed a v\u00fdkonn\u00fd automatick\u00fd n\u016f\u017e, kter\u00fd kombinuje funk\u010dnost s p\u0159esn\u00fdm designem. Je ide\u00e1ln\u00ed pro u\u017eivatele, kte\u0159\u00ed hledaj\u00ed spolehliv\u00fd a odoln\u00fd n\u00e1stroj, a to d\u00edky pou\u017eit\u00ed \u0161pi\u010dkov\u00fdch materi\u00e1l\u016f a d\u016fmysln\u00e9 konstrukce.<\/p>\n<p>Kl\u00ed\u010dov\u00e9 vlastnosti:<br \/>\n\u010cepel z CPM-M4 Super Tool Steel : Tento materi\u00e1l poskytuje mimo\u0159\u00e1dnou tvrdost (62\u201364 HRC), odolnost v\u016f\u010di opot\u0159eben\u00ed a ostr\u00fd b\u0159it. \u010cepel m\u00e1 tvar Wharncliffe , kter\u00fd je vhodn\u00fd pro p\u0159esn\u00e9 \u0159ez\u00e1n\u00ed. Povrchov\u00e1 \u00faprava Cobalt Black Cerakote zaji\u0161\u0165uje ochranu proti korozi a od\u011bru.<br \/>\nAutomatick\u00fd mechanismus Auto-AXIS : Patentovan\u00fd syst\u00e9m Benchmade kombinuje bezpe\u010dnost a rychlost p\u0159i otev\u00edr\u00e1n\u00ed a uzav\u00edr\u00e1n\u00ed no\u017ee.<br \/>\nRukoje\u0165 z eloxovan\u00e9ho hlin\u00edku 6061-T6 : Proveden\u00ed Woodland Green s texturou zaji\u0161\u0165uje pevn\u00fd \u00fachop a ergonomick\u00e9 dr\u017een\u00ed.<br \/>\nHlubok\u00fd kapesn\u00ed klip : Umo\u017e\u0148uje diskr\u00e9tn\u00ed a pohodln\u00e9 no\u0161en\u00ed no\u017ee, p\u0159i\u010dem\u017e je oboustrann\u00fd pro lev\u00e1ky i prav\u00e1ky.<br \/>\nN\u00edzk\u00e1 hmotnost (64,92 g) : D\u011bl\u00e1 z tohoto no\u017ee snadno p\u0159enosn\u00fd n\u00e1stroj bez kompromis\u016f v robustnosti.<br \/>\nSpecifikace:<br \/>\nD\u00e9lka \u010depele : 6,32 cm<br \/>\nTlou\u0161\u0165ka \u010depele : 2 286 mm<br \/>\nCelkov\u00e1 d\u00e9lka : 15,09 cm<br \/>\nD\u00e9lka ve slo\u017een\u00e9m stavu : 8,79 cm<br \/>\nTlou\u0161\u0165ka rukojeti : 12,7 mm<br \/>\nHmotnost : 64,92 g<br \/>\nT\u0159\u00edda : \u010cern\u00e1 (Black Class) \u2013 ur\u010deno pro profesion\u00e1ln\u00ed pou\u017eit\u00ed.<br \/>\nPro\u010d zvolit Benchmade BM2900BK-2 Auto Immunity?<br \/>\nTento n\u016f\u017e je perfektn\u00ed pro ty, kte\u0159\u00ed ocen\u00ed vysok\u00fd v\u00fdkon, promy\u0161len\u00fd design a kvalitu zpracov\u00e1n\u00ed. Benchmade je renomovanou zna\u010dkou zn\u00e1mou svou preciznost\u00ed a inovacemi ve v\u00fdrob\u011b no\u017e\u016f. Model Auto Immunity spojuje kompaktn\u00ed rozm\u011bry s profesion\u00e1ln\u00edmi vlastnostmi, co\u017e z n\u011bj je ide\u00e1ln\u00edho spole\u010dn\u00edka pro ka\u017edodenn\u00ed no\u0161en\u00ed i n\u00e1ro\u010dn\u00e9 \u00fakoly.<\/p>\n<p>Vyrobeno v USA s d\u016frazem na kvalitu a p\u0159esn\u00e9 detaily.<\/p>\n","protected":false},"excerpt":{"rendered":"<p><strong>Tento n\u016f\u017e je perfektn\u00ed pro ty, kte\u0159\u00ed ocen\u00ed vysok\u00fd v\u00fdkon, promy\u0161len\u00fd design a kvalitu zpracov\u00e1n\u00ed. Benchmade je renomovanou zna\u010dkou zn\u00e1mou svou preciznost\u00ed a inovacemi ve v\u00fdrob\u011b no\u017e\u016f. Model Auto Immunity spojuje kompaktn\u00ed rozm\u011bry s profesion\u00e1ln\u00edmi vlastnostmi, co\u017e z n\u011bj je ide\u00e1ln\u00edho spole\u010dn\u00edka pro ka\u017edodenn\u00ed no\u0161en\u00ed i n\u00e1ro\u010dn\u00e9 \u00fakoly.<\/strong><\/p>\n<p><strong>Doprava zdarma.<\/strong><\/p>\n","protected":false},"featured_media":374118,"comment_status":"open","ping_status":"closed","template":"","meta":[],"pwb-brand":[3960],"product_brand":[],"product_cat":[2019,17],"product_tag":[],"class_list":{"0":"post-374117","1":"product","2":"type-product","3":"status-publish","4":"has-post-thumbnail","6":"pwb-brand-benchmade","7":"product_cat-vystrelovaci-noze","8":"product_cat-noze","10":"first","11":"outofstock","12":"taxable","13":"shipping-taxable","14":"purchasable","15":"product-type-simple"},"brands":[{"id":3960,"name":"Benchmade","slug":"benchmade"}],"_links":{"self":[{"href":"https:\/\/www.moskito.cz\/it\/wp-json\/wp\/v2\/product\/374117","targetHints":{"allow":["GET"]}}],"collection":[{"href":"https:\/\/www.moskito.cz\/it\/wp-json\/wp\/v2\/product"}],"about":[{"href":"https:\/\/www.moskito.cz\/it\/wp-json\/wp\/v2\/types\/product"}],"replies":[{"embeddable":true,"href":"https:\/\/www.moskito.cz\/it\/wp-json\/wp\/v2\/comments?post=374117"}],"wp:featuredmedia":[{"embeddable":true,"href":"https:\/\/www.moskito.cz\/it\/wp-json\/wp\/v2\/media\/374118"}],"wp:attachment":[{"href":"https:\/\/www.moskito.cz\/it\/wp-json\/wp\/v2\/media?parent=374117"}],"wp:term":[{"taxonomy":"pwb-brand","embeddable":true,"href":"https:\/\/www.moskito.cz\/it\/wp-json\/wp\/v2\/pwb-brand?post=374117"},{"taxonomy":"product_brand","embeddable":true,"href":"https:\/\/www.moskito.cz\/it\/wp-json\/wp\/v2\/product_brand?post=374117"},{"taxonomy":"product_cat","embeddable":true,"href":"https:\/\/www.moskito.cz\/it\/wp-json\/wp\/v2\/product_cat?post=374117"},{"taxonomy":"product_tag","embeddable":true,"href":"https:\/\/www.moskito.cz\/it\/wp-json\/wp\/v2\/product_tag?post=374117"}],"curies":[{"name":"wp","href":"https:\/\/api.w.org\/{rel}","templated":true}]}}